{"id":251799,"date":"2026-01-10T18:17:44","date_gmt":"2026-01-10T15:17:44","guid":{"rendered":"https:\/\/baldumarket.lt\/product\/stol-okragly-rozkladany-plot-pt-05-90-210-dab-jasny\/"},"modified":"2026-02-11T18:31:48","modified_gmt":"2026-02-11T15:31:48","slug":"stol-okragly-rozkladany-plot-pt-05-90-210-dab-jasny","status":"publish","type":"product","link":"https:\/\/baldumarket.lt\/lt\/product\/stol-okragly-rozkladany-plot-pt-05-90-210-dab-jasny\/","title":{"rendered":"Apvalus i\u0161traukiamas stalas SKLYPAS PT-05 | 90-210 | \u0160viesaus \u0105\u017euolo"},"content":{"rendered":"<p>Kolekcija: PLOT<br \/>\nModelis: PT-05<br \/>\nSpalva: \u0161viesus \u0105\u017euolas<br \/>\nMatmenys: Plotis: 90\u2013210 cm<br \/>\nAuk\u0161tis: 77 cm<br \/>\nGylis: 90 cm<br \/>\nMatmen\u0173 tolerancija \u00b12%<br \/>\nDizainas: modernus i\u0161skleid\u017eiamas valgomojo stalas<br \/>\nOvalios formos<br \/>\nPuikiai tinka tiek ma\u017eesn\u0117ms, tiek didesn\u0117ms erdv\u0117ms<br \/>\nNesenstantis ir universalus dizainas<br \/>\nNat\u016bralaus med\u017eio gro\u017eis<br \/>\nKorpusas pagamintas i\u0161 patvarios laminuotos plok\u0161t\u0117s<br \/>\nFunkcinis prailginimo mechanizmas su sinchroniniu kreipikliu<br \/>\nStalvir\u0161is atsparus kasdieniam naudojimui ir \u012fbr\u0117\u017eimams<br \/>\nRinkinyje yra 3 \u012fd\u0117klai, kuri\u0173 matmenys 40 \u00d7 90 cm<br \/>\nMedin\u0117s kojel\u0117s stabilumui<br \/>\nNaujas produktas, gamykloje supakuotas, skirtas savaranki\u0161kam surinkimui<\/p>","protected":false},"excerpt":{"rendered":"<p>Kolekcija: PLOT Modelis: PT-05 Spalva: \u0160viesus \u0105\u017euolas Matmenys: Plotis: 90-210 cm Auk\u0161tis: 77 cm Gylis: 90 cm Matmen\u0173 tolerancija \u00b12% Dizainas: Modernus i\u0161skleid\u017eiamas valgomojo stalas Ovalios formos Puikiai tinka tiek ma\u017eesn\u0117ms, tiek didesn\u0117ms erdv\u0117ms Nesenstantis ir universalus dizainas Nat\u016bralaus med\u017eio gro\u017eis Korpusas pagamintas i\u0161 patvarios laminuotos plok\u0161t\u0117s Funkcinis i\u0161pl\u0117timo mechanizmas su sinchroniniu kreipikliu Atsparus stalvir\u0161iui [\u2026]<\/p>","protected":false},"featured_media":251800,"comment_status":"open","ping_status":"open","template":"","meta":[],"product_brand":[],"product_cat":[2454,1934],"product_tag":[],"class_list":{"0":"post-251799","1":"product","2":"type-product","3":"status-publish","4":"has-post-thumbnail","6":"product_cat-lenart","7":"product_cat-tables","9":"first","10":"instock","11":"purchasable","12":"product-type-simple"},"_links":{"self":[{"href":"https:\/\/baldumarket.lt\/lt\/wp-json\/wp\/v2\/product\/251799","targetHints":{"allow":["GET"]}}],"collection":[{"href":"https:\/\/baldumarket.lt\/lt\/wp-json\/wp\/v2\/product"}],"about":[{"href":"https:\/\/baldumarket.lt\/lt\/wp-json\/wp\/v2\/types\/product"}],"replies":[{"embeddable":true,"href":"https:\/\/baldumarket.lt\/lt\/wp-json\/wp\/v2\/comments?post=251799"}],"wp:featuredmedia":[{"embeddable":true,"href":"https:\/\/baldumarket.lt\/lt\/wp-json\/wp\/v2\/media\/251800"}],"wp:attachment":[{"href":"https:\/\/baldumarket.lt\/lt\/wp-json\/wp\/v2\/media?parent=251799"}],"wp:term":[{"taxonomy":"product_brand","embeddable":true,"href":"https:\/\/baldumarket.lt\/lt\/wp-json\/wp\/v2\/product_brand?post=251799"},{"taxonomy":"product_cat","embeddable":true,"href":"https:\/\/baldumarket.lt\/lt\/wp-json\/wp\/v2\/product_cat?post=251799"},{"taxonomy":"product_tag","embeddable":true,"href":"https:\/\/baldumarket.lt\/lt\/wp-json\/wp\/v2\/product_tag?post=251799"}],"curies":[{"name":"wp","href":"https:\/\/api.w.org\/{rel}","templated":true}]}}