{"id":251786,"date":"2026-01-10T18:17:39","date_gmt":"2026-01-10T15:17:39","guid":{"rendered":"https:\/\/baldumarket.lt\/product\/lustro-owalne-match-mu-01-bialy-uchwyt-element-do-biurka-match\/"},"modified":"2026-02-11T18:31:49","modified_gmt":"2026-02-11T15:31:49","slug":"lustro-owalne-match-mu-01-bialy-uchwyt-element-do-biurka-match","status":"publish","type":"product","link":"https:\/\/baldumarket.lt\/lt\/product\/lustro-owalne-match-mu-01-bialy-uchwyt-element-do-biurka-match\/","title":{"rendered":"MATCH MU-01 ovalus veidrodis | Balta rankena | MATCH stalo elementas"},"content":{"rendered":"<p>Kolekcija: MATCH<br \/>\nModelis: MU-01<br \/>\nSpalva: balta rankena<br \/>\nMatmenys: Plotis: 26 cm<br \/>\nAuk\u0161tis: 59 cm<br \/>\nMatmen\u0173 tolerancija \u00b12%<br \/>\nDizainas: stilingas ovalus stalo veidrodis i\u0161 MATCH kolekcijos<br \/>\nKorpusas pagamintas i\u0161 patvarios laminuotos plok\u0161t\u0117s<br \/>\nTvirtas ir patvarus stiklas<br \/>\nDekoratyvinis r\u0117melis ir specialus tvirtinimo laikiklis<br \/>\nNaujas produktas, gamykloje supakuotas, skirtas savaranki\u0161kam surinkimui<\/p>","protected":false},"excerpt":{"rendered":"<p>Kolekcija: MATCH Modelis: MU-01 Spalva: Balta rankena Matmenys: Plotis: 26 cm Auk\u0161tis: 59 cm Matmen\u0173 tolerancija \u00b12% Dizainas: Stilingas ovalus stalo veidrodis i\u0161 MATCH kolekcijos Korpusas pagamintas i\u0161 patvarios laminuotos plok\u0161t\u0117s Tvirtas ir patvarus stiklas Dekoratyvinis r\u0117melis ir specialus tvirtinimo laikiklis Naujas produktas, gamykloje supakuotas, skirtas savaranki\u0161kam surinkimui<\/p>","protected":false},"featured_media":251787,"comment_status":"open","ping_status":"open","template":"","meta":[],"product_brand":[],"product_cat":[9256,2454,1108],"product_tag":[],"class_list":{"0":"post-251786","1":"product","2":"type-product","3":"status-publish","4":"has-post-thumbnail","6":"product_cat-furniture-system-match-lenart","7":"product_cat-lenart","8":"product_cat-mirrors","10":"first","11":"instock","12":"purchasable","13":"product-type-simple"},"_links":{"self":[{"href":"https:\/\/baldumarket.lt\/lt\/wp-json\/wp\/v2\/product\/251786","targetHints":{"allow":["GET"]}}],"collection":[{"href":"https:\/\/baldumarket.lt\/lt\/wp-json\/wp\/v2\/product"}],"about":[{"href":"https:\/\/baldumarket.lt\/lt\/wp-json\/wp\/v2\/types\/product"}],"replies":[{"embeddable":true,"href":"https:\/\/baldumarket.lt\/lt\/wp-json\/wp\/v2\/comments?post=251786"}],"wp:featuredmedia":[{"embeddable":true,"href":"https:\/\/baldumarket.lt\/lt\/wp-json\/wp\/v2\/media\/251787"}],"wp:attachment":[{"href":"https:\/\/baldumarket.lt\/lt\/wp-json\/wp\/v2\/media?parent=251786"}],"wp:term":[{"taxonomy":"product_brand","embeddable":true,"href":"https:\/\/baldumarket.lt\/lt\/wp-json\/wp\/v2\/product_brand?post=251786"},{"taxonomy":"product_cat","embeddable":true,"href":"https:\/\/baldumarket.lt\/lt\/wp-json\/wp\/v2\/product_cat?post=251786"},{"taxonomy":"product_tag","embeddable":true,"href":"https:\/\/baldumarket.lt\/lt\/wp-json\/wp\/v2\/product_tag?post=251786"}],"curies":[{"name":"wp","href":"https:\/\/api.w.org\/{rel}","templated":true}]}}