{"id":251773,"date":"2026-01-10T18:17:33","date_gmt":"2026-01-10T15:17:33","guid":{"rendered":"https:\/\/baldumarket.lt\/product\/lustro-prostokatne-simply-sm-04-biala-rama\/"},"modified":"2026-02-11T18:31:49","modified_gmt":"2026-02-11T15:31:49","slug":"lustro-prostokatne-simply-sm-04-biala-rama","status":"publish","type":"product","link":"https:\/\/baldumarket.lt\/lt\/product\/lustro-prostokatne-simply-sm-04-biala-rama\/","title":{"rendered":"SIMPLY SM-04 sta\u010diakampis veidrodis | Baltas r\u0117mas"},"content":{"rendered":"<p>Kolekcija: TIESIOG<br \/>\nModelis: SM-04<br \/>\nSpalva: baltas r\u0117melis<br \/>\nMatmenys: Plotis: 92 cm<br \/>\nAuk\u0161tis: 77 cm<br \/>\nGylis: 2 cm<br \/>\nMatmen\u0173 tolerancija \u00b12%<br \/>\nDizainas: stilingas sta\u010diakampis veidrodis baltame r\u0117melyje<br \/>\nUniversalus dizainas ir spalvos<br \/>\nKorpusas pagamintas i\u0161 patvarios laminuotos plok\u0161t\u0117s<br \/>\nTvirtas ir patvarus stiklas<br \/>\nNaujas produktas, gamykloje supakuotas, skirtas savaranki\u0161kam surinkimui<\/p>","protected":false},"excerpt":{"rendered":"<p>Kolekcija: SIMPLY Modelis: SM-04 Spalva: Baltas r\u0117melis Matmenys: Plotis: 92 cm Auk\u0161tis: 77 cm Gylis: 2 cm Matmen\u0173 tolerancija \u00b12% Dizainas: Stilingas sta\u010diakampis veidrodis baltame r\u0117melyje Universalus dizainas ir spalvos Korpusas pagamintas i\u0161 patvarios laminuotos plok\u0161t\u0117s Tvirtas ir patvarus stiklas Naujas produktas, gamykloje supakuotas, skirtas surinkti savaranki\u0161kai<\/p>","protected":false},"featured_media":251774,"comment_status":"open","ping_status":"open","template":"","meta":[],"product_brand":[],"product_cat":[9273,2454,1108],"product_tag":[],"class_list":{"0":"post-251773","1":"product","2":"type-product","3":"status-publish","4":"has-post-thumbnail","6":"product_cat-furniture-system-simply-lenart","7":"product_cat-lenart","8":"product_cat-mirrors","10":"first","11":"instock","12":"purchasable","13":"product-type-simple"},"_links":{"self":[{"href":"https:\/\/baldumarket.lt\/lt\/wp-json\/wp\/v2\/product\/251773","targetHints":{"allow":["GET"]}}],"collection":[{"href":"https:\/\/baldumarket.lt\/lt\/wp-json\/wp\/v2\/product"}],"about":[{"href":"https:\/\/baldumarket.lt\/lt\/wp-json\/wp\/v2\/types\/product"}],"replies":[{"embeddable":true,"href":"https:\/\/baldumarket.lt\/lt\/wp-json\/wp\/v2\/comments?post=251773"}],"wp:featuredmedia":[{"embeddable":true,"href":"https:\/\/baldumarket.lt\/lt\/wp-json\/wp\/v2\/media\/251774"}],"wp:attachment":[{"href":"https:\/\/baldumarket.lt\/lt\/wp-json\/wp\/v2\/media?parent=251773"}],"wp:term":[{"taxonomy":"product_brand","embeddable":true,"href":"https:\/\/baldumarket.lt\/lt\/wp-json\/wp\/v2\/product_brand?post=251773"},{"taxonomy":"product_cat","embeddable":true,"href":"https:\/\/baldumarket.lt\/lt\/wp-json\/wp\/v2\/product_cat?post=251773"},{"taxonomy":"product_tag","embeddable":true,"href":"https:\/\/baldumarket.lt\/lt\/wp-json\/wp\/v2\/product_tag?post=251773"}],"curies":[{"name":"wp","href":"https:\/\/api.w.org\/{rel}","templated":true}]}}