{"id":251755,"date":"2026-01-10T18:17:25","date_gmt":"2026-01-10T15:17:25","guid":{"rendered":"https:\/\/baldumarket.lt\/product\/szafka-na-buty-z-siedziskiem-simply-sm-03-1k-szary\/"},"modified":"2026-02-11T18:31:49","modified_gmt":"2026-02-11T15:31:49","slug":"szafka-na-buty-z-siedziskiem-simply-sm-03-1k-szary","status":"publish","type":"product","link":"https:\/\/baldumarket.lt\/lt\/product\/szafka-na-buty-z-siedziskiem-simply-sm-03-1k-szary\/","title":{"rendered":"Bat\u0173 spintel\u0117 su s\u0117dyne SIMPLY SM-03 1K | Pilka"},"content":{"rendered":"<p>Kolekcija: TIESIOG<br \/>\nModelis: SM-03 1K<br \/>\nSpalva: pilka<br \/>\nMatmenys: Plotis: 92 cm<br \/>\nAuk\u0161tis: 50 cm<br \/>\nGylis: 40 cm<br \/>\nMatmen\u0173 tolerancija \u00b12%<br \/>\nDizainas: Stilingas suoliukas\/bat\u0173 spintel\u0117 su s\u0117dyne<br \/>\nUniversalus dizainas ir spalvos<br \/>\nKorpusas ir priekin\u0117 dalis pagaminti i\u0161 patvarios laminuotos plok\u0161t\u0117s<br \/>\nOptimali sand\u0117liavimo erdv\u0117<br \/>\nPatogi mink\u0161ta s\u0117dyn\u0117 batams apsiauti<br \/>\nEfektyv\u016bs pasl\u0117pti vyriai ir dujin\u0117 spyruokl\u0117 lengvam atidarymui<br \/>\nSlystan\u010dios p\u0117dos\/kojos<br \/>\nNaujas produktas, gamykloje supakuotas, skirtas savaranki\u0161kam surinkimui<\/p>","protected":false},"excerpt":{"rendered":"<p>Kolekcija: SIMPLY Modelis: SM-03 1K Spalva: Pilka Matmenys: Plotis: 92 cm Auk\u0161tis: 50 cm Gylis: 40 cm Matmen\u0173 tolerancija \u00b12% Dizainas: Stilingas suolas\/bat\u0173 spintel\u0117 su s\u0117dyne Universalus dizainas ir spalvos Korpusas ir priekis pagaminti i\u0161 patvarios laminuotos plok\u0161t\u0117s Optimali daikt\u0173 laikymo vieta Patogi apmu\u0161ta s\u0117dyn\u0117 batams apsiauti Efektyv\u016bs pasl\u0117pti vyriai ir dujin\u0117 spyruokl\u0117 [\u2026]<\/p>","protected":false},"featured_media":251756,"comment_status":"open","ping_status":"open","template":"","meta":[],"product_brand":[],"product_cat":[9273,2454,1997],"product_tag":[],"class_list":{"0":"post-251755","1":"product","2":"type-product","3":"status-publish","4":"has-post-thumbnail","6":"product_cat-furniture-system-simply-lenart","7":"product_cat-lenart","8":"product_cat-shoe-cabinets","10":"first","11":"instock","12":"purchasable","13":"product-type-simple"},"_links":{"self":[{"href":"https:\/\/baldumarket.lt\/lt\/wp-json\/wp\/v2\/product\/251755","targetHints":{"allow":["GET"]}}],"collection":[{"href":"https:\/\/baldumarket.lt\/lt\/wp-json\/wp\/v2\/product"}],"about":[{"href":"https:\/\/baldumarket.lt\/lt\/wp-json\/wp\/v2\/types\/product"}],"replies":[{"embeddable":true,"href":"https:\/\/baldumarket.lt\/lt\/wp-json\/wp\/v2\/comments?post=251755"}],"wp:featuredmedia":[{"embeddable":true,"href":"https:\/\/baldumarket.lt\/lt\/wp-json\/wp\/v2\/media\/251756"}],"wp:attachment":[{"href":"https:\/\/baldumarket.lt\/lt\/wp-json\/wp\/v2\/media?parent=251755"}],"wp:term":[{"taxonomy":"product_brand","embeddable":true,"href":"https:\/\/baldumarket.lt\/lt\/wp-json\/wp\/v2\/product_brand?post=251755"},{"taxonomy":"product_cat","embeddable":true,"href":"https:\/\/baldumarket.lt\/lt\/wp-json\/wp\/v2\/product_cat?post=251755"},{"taxonomy":"product_tag","embeddable":true,"href":"https:\/\/baldumarket.lt\/lt\/wp-json\/wp\/v2\/product_tag?post=251755"}],"curies":[{"name":"wp","href":"https:\/\/api.w.org\/{rel}","templated":true}]}}