{"id":251745,"date":"2026-01-10T18:17:21","date_gmt":"2026-01-10T15:17:21","guid":{"rendered":"https:\/\/baldumarket.lt\/product\/wieszak-pionowy-do-przedpokoju-simply-sm-05-szary\/"},"modified":"2026-02-11T18:31:49","modified_gmt":"2026-02-11T15:31:49","slug":"wieszak-pionowy-do-przedpokoju-simply-sm-05-szary","status":"publish","type":"product","link":"https:\/\/baldumarket.lt\/lt\/produktas\/wieszak-pionowy-do-przedpokoju-simply-sm-05-szary\/","title":{"rendered":"SIMPLY SM-05 vertikalus prie\u0161kambario pakabas | Pilka"},"content":{"rendered":"<p>Kolekcija: TIESIOG<br \/>\nModelis: SM-05<br \/>\nSpalva: pilka<br \/>\nMatmenys: Plotis: 13 cm<br \/>\n\u016agis: 163 cm<br \/>\nGylis: 2 cm<br \/>\nMatmen\u0173 tolerancija \u00b12%<br \/>\nDizainas: Stilinga vertikali panel\u0117 su pakabomis prie\u0161kambariui<br \/>\nUniversalus dizainas ir spalvos<br \/>\nKorpusas ir priekin\u0117 dalis pagaminti i\u0161 patvarios laminuotos plok\u0161t\u0117s<br \/>\nNaujas produktas, gamykloje supakuotas, skirtas savaranki\u0161kam surinkimui<\/p>","protected":false},"excerpt":{"rendered":"<p>Kolekcija: SIMPLY Modelis: SM-05 Spalva: Pilka Matmenys: Plotis: 13 cm Auk\u0161tis: 163 cm Gylis: 2 cm Matmen\u0173 tolerancija \u00b12% Dizainas: Stilinga vertikali panel\u0117 su pakabomis prie\u0161kambariui Universalus dizainas ir spalvos Korpusas ir priekis pagaminti i\u0161 patvarios laminuotos plok\u0161t\u0117s Naujas produktas, gamykloje supakuotas, savaranki\u0161kam surinkimui<\/p>","protected":false},"featured_media":251746,"comment_status":"open","ping_status":"open","template":"","meta":[],"product_brand":[],"product_cat":[9273,1931,2454],"product_tag":[],"class_list":{"0":"post-251745","1":"product","2":"type-product","3":"status-publish","4":"has-post-thumbnail","6":"product_cat-furniture-system-simply-lenart","7":"product_cat-hangers","8":"product_cat-lenart","10":"first","11":"instock","12":"purchasable","13":"product-type-simple"},"_links":{"self":[{"href":"https:\/\/baldumarket.lt\/lt\/wp-json\/wp\/v2\/product\/251745","targetHints":{"allow":["GET"]}}],"collection":[{"href":"https:\/\/baldumarket.lt\/lt\/wp-json\/wp\/v2\/product"}],"about":[{"href":"https:\/\/baldumarket.lt\/lt\/wp-json\/wp\/v2\/types\/product"}],"replies":[{"embeddable":true,"href":"https:\/\/baldumarket.lt\/lt\/wp-json\/wp\/v2\/comments?post=251745"}],"wp:featuredmedia":[{"embeddable":true,"href":"https:\/\/baldumarket.lt\/lt\/wp-json\/wp\/v2\/media\/251746"}],"wp:attachment":[{"href":"https:\/\/baldumarket.lt\/lt\/wp-json\/wp\/v2\/media?parent=251745"}],"wp:term":[{"taxonomy":"product_brand","embeddable":true,"href":"https:\/\/baldumarket.lt\/lt\/wp-json\/wp\/v2\/product_brand?post=251745"},{"taxonomy":"product_cat","embeddable":true,"href":"https:\/\/baldumarket.lt\/lt\/wp-json\/wp\/v2\/product_cat?post=251745"},{"taxonomy":"product_tag","embeddable":true,"href":"https:\/\/baldumarket.lt\/lt\/wp-json\/wp\/v2\/product_tag?post=251745"}],"curies":[{"name":"wp","href":"https:\/\/api.w.org\/{rel}","templated":true}]}}