{"id":251718,"date":"2026-01-10T18:17:09","date_gmt":"2026-01-10T15:17:09","guid":{"rendered":"https:\/\/baldumarket.lt\/product\/szafa-simply-sm-01-2d-bialy\/"},"modified":"2026-02-11T18:31:49","modified_gmt":"2026-02-11T15:31:49","slug":"szafa-simply-sm-01-2d-bialy","status":"publish","type":"product","link":"https:\/\/baldumarket.lt\/lt\/product\/szafa-simply-sm-01-2d-bialy\/","title":{"rendered":"SIMPLY SM-01 2D spinta | Balta"},"content":{"rendered":"<p>Kolekcija: TIESIOG<br \/>\nModelis: SM-01 2D<br \/>\nSpalva: balta<br \/>\nMatmenys: Plotis: 69 cm<br \/>\nAuk\u0161tis: 200 cm<br \/>\nGylis: 40 cm<br \/>\nMatmen\u0173 tolerancija \u00b12%<br \/>\nDizainas: Stilinga dviej\u0173 dur\u0173 spinta<br \/>\nPuikiai tinka koridoriui ar persirengimo kambariui<br \/>\nUniversalus dizainas ir spalvos<br \/>\nKlasikin\u0117s varstomos durys<br \/>\nKorpusas ir priekin\u0117 dalis pagaminti i\u0161 patvarios laminuotos plok\u0161t\u0117s<br \/>\nOptimali sand\u0117liavimo erdv\u0117<br \/>\nEfektyv\u016bs pasl\u0117pti vyriai<br \/>\nSlystan\u010dios p\u0117del\u0117s<br \/>\nNaujas produktas, gamykloje supakuotas, skirtas savaranki\u0161kam surinkimui<\/p>","protected":false},"excerpt":{"rendered":"<p>Kolekcija: SIMPLY Modelis: SM-01 2D Spalva: Balta Matmenys: Plotis: 69 cm Auk\u0161tis: 200 cm Gylis: 40 cm Matmen\u0173 tolerancija \u00b12% Dizainas: Stilinga dviej\u0173 dur\u0173 spinta Puikiai tinka prie\u0161kambariui ar persirengimo kambariui Universalus dizainas ir spalvos Klasikin\u0117s varstomos durys Korpusas ir priekis pagaminti i\u0161 patvarios laminuotos plok\u0161t\u0117s Optimali daikt\u0173 laikymo vieta Efektyv\u016bs pasl\u0117pti vyriai Slystan\u010dios kojel\u0117s Nauja [\u2026]<\/p>","protected":false},"featured_media":251719,"comment_status":"open","ping_status":"open","template":"","meta":[],"product_brand":[],"product_cat":[9273,2454,1177],"product_tag":[],"class_list":{"0":"post-251718","1":"product","2":"type-product","3":"status-publish","4":"has-post-thumbnail","6":"product_cat-furniture-system-simply-lenart","7":"product_cat-lenart","8":"product_cat-wardrobes","10":"first","11":"instock","12":"purchasable","13":"product-type-simple"},"_links":{"self":[{"href":"https:\/\/baldumarket.lt\/lt\/wp-json\/wp\/v2\/product\/251718","targetHints":{"allow":["GET"]}}],"collection":[{"href":"https:\/\/baldumarket.lt\/lt\/wp-json\/wp\/v2\/product"}],"about":[{"href":"https:\/\/baldumarket.lt\/lt\/wp-json\/wp\/v2\/types\/product"}],"replies":[{"embeddable":true,"href":"https:\/\/baldumarket.lt\/lt\/wp-json\/wp\/v2\/comments?post=251718"}],"wp:featuredmedia":[{"embeddable":true,"href":"https:\/\/baldumarket.lt\/lt\/wp-json\/wp\/v2\/media\/251719"}],"wp:attachment":[{"href":"https:\/\/baldumarket.lt\/lt\/wp-json\/wp\/v2\/media?parent=251718"}],"wp:term":[{"taxonomy":"product_brand","embeddable":true,"href":"https:\/\/baldumarket.lt\/lt\/wp-json\/wp\/v2\/product_brand?post=251718"},{"taxonomy":"product_cat","embeddable":true,"href":"https:\/\/baldumarket.lt\/lt\/wp-json\/wp\/v2\/product_cat?post=251718"},{"taxonomy":"product_tag","embeddable":true,"href":"https:\/\/baldumarket.lt\/lt\/wp-json\/wp\/v2\/product_tag?post=251718"}],"curies":[{"name":"wp","href":"https:\/\/api.w.org\/{rel}","templated":true}]}}