{"id":251712,"date":"2026-01-10T18:17:06","date_gmt":"2026-01-10T15:17:06","guid":{"rendered":"https:\/\/baldumarket.lt\/product\/komoda-simply-sm-02-2d1s-szary\/"},"modified":"2026-02-11T18:31:49","modified_gmt":"2026-02-11T15:31:49","slug":"komoda-simply-sm-02-2d1s-szary","status":"publish","type":"product","link":"https:\/\/baldumarket.lt\/lt\/product\/komoda-simply-sm-02-2d1s-szary\/","title":{"rendered":"SIMPLY SM-02 2D1S komoda | Pilka"},"content":{"rendered":"<p>Kolekcija: TIESIOG<br \/>\nModelis: SM-02 2D1S<br \/>\nSpalva: pilka<br \/>\nMatmenys: Plotis: 92 cm<br \/>\n\u016agis: 107 cm<br \/>\nGylis: 40 cm<br \/>\nMatmen\u0173 tolerancija \u00b12%<br \/>\nDizainas: Stilinga dviej\u0173 dur\u0173 komoda su stal\u010diumi<br \/>\nUniversalus dizainas ir spalvos<br \/>\nKorpusas ir priekin\u0117 dalis pagaminti i\u0161 patvarios laminuotos plok\u0161t\u0117s<br \/>\nOptimali sand\u0117liavimo erdv\u0117<br \/>\nEfektyv\u016bs pasl\u0117pti vyriai ir rutuliniai guoliai<br \/>\nSlystan\u010dios p\u0117del\u0117s<br \/>\nNaujas produktas, gamykloje supakuotas, skirtas savaranki\u0161kam surinkimui<\/p>","protected":false},"excerpt":{"rendered":"<p>Kolekcija: SIMPLY Modelis: SM-02 2D1S Spalva: Pilka Matmenys: Plotis: 92 cm Auk\u0161tis: 107 cm Gylis: 40 cm Matmen\u0173 tolerancija \u00b12% Dizainas: Stilinga dvidur\u0117 komoda su stal\u010diumi Universalus dizainas ir spalvos Korpusas ir priekin\u0117 dalis pagaminti i\u0161 patvarios laminuotos plok\u0161t\u0117s Optimali daikt\u0173 laikymo vieta Efektyv\u016bs pasl\u0117pti vyriai ir rutuliniai guoliai Slystan\u010dios kojel\u0117s Naujas produktas, gamykloje supakuotas, [\u2026]<\/p>","protected":false},"featured_media":251713,"comment_status":"open","ping_status":"open","template":"","meta":[],"product_brand":[],"product_cat":[9273,1173,2454],"product_tag":[],"class_list":{"0":"post-251712","1":"product","2":"type-product","3":"status-publish","4":"has-post-thumbnail","6":"product_cat-furniture-system-simply-lenart","7":"product_cat-chests-of-drawers","8":"product_cat-lenart","10":"first","11":"instock","12":"purchasable","13":"product-type-simple"},"_links":{"self":[{"href":"https:\/\/baldumarket.lt\/lt\/wp-json\/wp\/v2\/product\/251712","targetHints":{"allow":["GET"]}}],"collection":[{"href":"https:\/\/baldumarket.lt\/lt\/wp-json\/wp\/v2\/product"}],"about":[{"href":"https:\/\/baldumarket.lt\/lt\/wp-json\/wp\/v2\/types\/product"}],"replies":[{"embeddable":true,"href":"https:\/\/baldumarket.lt\/lt\/wp-json\/wp\/v2\/comments?post=251712"}],"wp:featuredmedia":[{"embeddable":true,"href":"https:\/\/baldumarket.lt\/lt\/wp-json\/wp\/v2\/media\/251713"}],"wp:attachment":[{"href":"https:\/\/baldumarket.lt\/lt\/wp-json\/wp\/v2\/media?parent=251712"}],"wp:term":[{"taxonomy":"product_brand","embeddable":true,"href":"https:\/\/baldumarket.lt\/lt\/wp-json\/wp\/v2\/product_brand?post=251712"},{"taxonomy":"product_cat","embeddable":true,"href":"https:\/\/baldumarket.lt\/lt\/wp-json\/wp\/v2\/product_cat?post=251712"},{"taxonomy":"product_tag","embeddable":true,"href":"https:\/\/baldumarket.lt\/lt\/wp-json\/wp\/v2\/product_tag?post=251712"}],"curies":[{"name":"wp","href":"https:\/\/api.w.org\/{rel}","templated":true}]}}