{"id":251696,"date":"2026-01-10T18:16:59","date_gmt":"2026-01-10T15:16:59","guid":{"rendered":"https:\/\/baldumarket.lt\/product\/szafa-przesuwna-z-lustrem-arti-ar-18-2d-150cm-bialy\/"},"modified":"2026-02-11T18:31:50","modified_gmt":"2026-02-11T15:31:50","slug":"szafa-przesuwna-z-lustrem-arti-ar-18-2d-150cm-bialy","status":"publish","type":"product","link":"https:\/\/baldumarket.lt\/lt\/product\/szafa-przesuwna-z-lustrem-arti-ar-18-2d-150cm-bialy\/","title":{"rendered":"ARTI AR-18 2D stumdoma spinta su veidrod\u017eiu | 150 cm | Balta"},"content":{"rendered":"<p>Kolekcija: ARTI<br \/>\nModelis: AR-18 2D<br \/>\nSpalva: balta<br \/>\nMatmenys: Plotis: 150 cm<br \/>\n\u016agis: 215 cm<br \/>\nGylis: 60 cm<br \/>\nMatmen\u0173 tolerancija \u00b12%<br \/>\nDizainas: Moderni dviej\u0173 dur\u0173 stumdoma spinta<br \/>\nKorpusas ir priekin\u0117 dalis pagaminti i\u0161 patvarios laminuotos plok\u0161t\u0117s<br \/>\nOptimali sand\u0117liavimo erdv\u0117<br \/>\nVeidrodis ant priekini\u0173 dur\u0173 (3 mm stiklas)<br \/>\nAliuminio spintos priekin\u0117 kreipian\u010dioji<br \/>\nKojos\/p\u0117dos su slydikliais<br \/>\nPrakti\u0161kos plastikin\u0117s rankenos<br \/>\nNaujas produktas, gamykloje supakuotas, skirtas savaranki\u0161kam surinkimui<\/p>","protected":false},"excerpt":{"rendered":"<p>Kolekcija: ARTI Modelis: AR-18 2D Spalva: Balta Matmenys: Plotis: 150 cm Auk\u0161tis: 215 cm Gylis: 60 cm Matmen\u0173 tolerancija \u00b12% Dizainas: Moderni dviej\u0173 dur\u0173 stumdoma spinta Korpusas ir priekis pagaminti i\u0161 patvarios laminuotos plok\u0161t\u0117s Optimali daikt\u0173 laikymo vieta Veidrodis ant priekini\u0173 dur\u0173 (3 mm stiklas) Aliuminin\u0117 spintos priekin\u0117 kreipian\u010dioji Kojel\u0117s\/p\u0117del\u0117s su slydikliais Prakti\u0161kos plastikin\u0117s rankenos Naujas produktas, [\u2026]<\/p>","protected":false},"featured_media":251697,"comment_status":"open","ping_status":"open","template":"","meta":[],"product_brand":[],"product_cat":[9265,2454,1177],"product_tag":[],"class_list":{"0":"post-251696","1":"product","2":"type-product","3":"status-publish","4":"has-post-thumbnail","6":"product_cat-furniture-system-arti-lenart","7":"product_cat-lenart","8":"product_cat-wardrobes","10":"first","11":"instock","12":"purchasable","13":"product-type-simple"},"_links":{"self":[{"href":"https:\/\/baldumarket.lt\/lt\/wp-json\/wp\/v2\/product\/251696","targetHints":{"allow":["GET"]}}],"collection":[{"href":"https:\/\/baldumarket.lt\/lt\/wp-json\/wp\/v2\/product"}],"about":[{"href":"https:\/\/baldumarket.lt\/lt\/wp-json\/wp\/v2\/types\/product"}],"replies":[{"embeddable":true,"href":"https:\/\/baldumarket.lt\/lt\/wp-json\/wp\/v2\/comments?post=251696"}],"wp:featuredmedia":[{"embeddable":true,"href":"https:\/\/baldumarket.lt\/lt\/wp-json\/wp\/v2\/media\/251697"}],"wp:attachment":[{"href":"https:\/\/baldumarket.lt\/lt\/wp-json\/wp\/v2\/media?parent=251696"}],"wp:term":[{"taxonomy":"product_brand","embeddable":true,"href":"https:\/\/baldumarket.lt\/lt\/wp-json\/wp\/v2\/product_brand?post=251696"},{"taxonomy":"product_cat","embeddable":true,"href":"https:\/\/baldumarket.lt\/lt\/wp-json\/wp\/v2\/product_cat?post=251696"},{"taxonomy":"product_tag","embeddable":true,"href":"https:\/\/baldumarket.lt\/lt\/wp-json\/wp\/v2\/product_tag?post=251696"}],"curies":[{"name":"wp","href":"https:\/\/api.w.org\/{rel}","templated":true}]}}