{"id":251674,"date":"2026-01-10T18:16:49","date_gmt":"2026-01-10T15:16:49","guid":{"rendered":"https:\/\/baldumarket.lt\/product\/regal-story-so-02-bialy-dab\/"},"modified":"2026-02-11T18:31:50","modified_gmt":"2026-02-11T15:31:50","slug":"regal-story-so-02-bialy-dab","status":"publish","type":"product","link":"https:\/\/baldumarket.lt\/lt\/product\/regal-story-so-02-bialy-dab\/","title":{"rendered":"STORY SO-02 knyg\u0173 lentyna | balta\/\u0105\u017euolas"},"content":{"rendered":"<p>Modelis: STORY SO-02 Lentyna<br \/>\nSpalva: balta\/\u0105\u017euolas<br \/>\nMatmenys: Plotis: 85 cm<br \/>\n\u016agis: 161 cm<br \/>\nGylis: 42 cm<br \/>\nMatmen\u0173 tolerancija \u00b12%<br \/>\nMed\u017eiaga: Korpusas: laminuota med\u017eio dro\u017eli\u0173 plok\u0161t\u0117; 16 mm; 25 mm<br \/>\nKorpuso kra\u0161to apdaila: B 1,0 mm; P<br \/>\nKorpuso spalva: balta\/\u0105\u017euolo imitacija<br \/>\nVir\u0161us: laminuota med\u017eio dro\u017eli\u0173 plok\u0161t\u0117; 25 mm<br \/>\nVir\u0161utinio kra\u0161to apdaila: B 1,0 mm<br \/>\nFaneruot\u0173 vir\u0161utini\u0173 briaun\u0173 skai\u010dius: 4<br \/>\nVir\u0161utin\u0117s dalies spalva: \u0105\u017euolas \u201eNash\u201c<br \/>\nGalin\u0117 sienel\u0117: HDF plok\u0161t\u0117; 3 mm<br \/>\nMatomos galin\u0117s plok\u0161t\u0117s apdaila: laminatas<br \/>\nNematoma galin\u0117s panel\u0117s apdaila: neapdorota<br \/>\nGalinio skydelio tvirtinimas: ver\u017el\u0117<br \/>\nGalin\u0117s panel\u0117s spalva: balta<br \/>\nLentyna: laminuota med\u017eio dro\u017eli\u0173 plok\u0161t\u0117; 16 mm<br \/>\nLentynos kra\u0161to apdaila: A 0,45 mm<br \/>\nKlijuot\u0173 lentyn\u0173 kra\u0161t\u0173 skai\u010dius: 1<br \/>\nLentynos apkrova (kg): 5 kg<br \/>\nLentynos spalva: balta<br \/>\nLentyn\u0173 skai\u010dius: 3<br \/>\nPriekin\u0117 dalis: laminuota med\u017eio dro\u017eli\u0173 plok\u0161t\u0117; 16 mm<br \/>\nPriekinio kra\u0161to apdaila: A 0,45 mm<br \/>\nPriekin\u0117 spalva: balta<br \/>\nStal\u010diaus dugno med\u017eiaga: HDF plok\u0161t\u0117; 3 mm<\/p>\n<p>\u0160i eleganti\u0161ka knyg\u0173 lentynos stiliaus lentyna puikiai tinka knygoms laikyti, mokymo priemon\u0117ms, mokykliniams reikmenims ir dekoratyviniams aksesuarams tvarkyti. \u0160is baldas derina funkcionalum\u0105 su unikalia i\u0161vaizda, tod\u0117l yra ne tik prakti\u0161kas baldas, bet ir dekoratyvinis elementas. \u0160viesi, balta forma kartu su nat\u016bralaus med\u017eio detal\u0117mis sukuria darni\u0105 ir unikali\u0105 kompozicij\u0105, kuri puikiai dera su romanti\u0161kais ir subtiliais Provanso \u012fkv\u0117ptais i\u0161d\u0117stymais. Knyg\u0173 lentynoje yra erdvios, gilios lentynos, kuriose patogiai telpa knygos, mokyklin\u0117s prek\u0117s ir netgi m\u0117gstamos dekoracijos bei suvenyrai. Tai suteikia erdvei tvarking\u0105 ir esteti\u0161k\u0105 i\u0161vaizd\u0105, nes visi reikalingi daiktai yra lengvai pasiekiami. Prakti\u0161kas stal\u010dius apa\u010dioje suteikia papildomos vietos daiktams susid\u0117ti ir yra lengvai pasiekiamas net vaikams, tod\u0117l knyg\u0173 lentyna puikiai tinka paauglio ar vaiko kambariui. Visa konstrukcija pagaminta i\u0161 patvarios laminuotos plok\u0161t\u0117s, kuri yra labai atspari kasdieniam naudojimui. Kra\u0161tai apvadinti tvirtu ABS kra\u0161tu, kuris padidina baldo patvarum\u0105 ir u\u017etikrina jo ilgaam\u017ei\u0161kum\u0105. Be to, paprastos ir lengvai naudojamos plastikin\u0117s rankenos papildo knyg\u0173 lentynos dizain\u0105 ir eleganti\u0161k\u0105 i\u0161vaizd\u0105.<\/p>","protected":false},"excerpt":{"rendered":"<p>Modelis: STORY SO-02 Lentynos spalva: balta\/\u0105\u017euolas Matmenys: Plotis: 85 cm Auk\u0161tis: 161 cm Gylis: 42 cm Matmen\u0173 tolerancija \u00b12% Med\u017eiaga: Korpusas: laminuota med\u017eio dro\u017eli\u0173 plok\u0161t\u0117; 16 mm; 25 mm Korpuso briaunos apdaila: B 1,0 mm; P Korpuso spalva: balta\/\u0105\u017euolas su ne\u0161varumais Vir\u0161us: laminuota med\u017eio dro\u017eli\u0173 plok\u0161t\u0117; 25 mm Vir\u0161utinio kra\u0161to apdaila: B 1,0 mm Faneruot\u0173 vir\u0161utini\u0173 briaun\u0173 skai\u010dius: 4 Vir\u0161utinio pavir\u0161iaus spalva: \u0105\u017euolas su ne\u0161varumais Nugar\u0117l\u0117 [\u2026]<\/p>","protected":false},"featured_media":251675,"comment_status":"open","ping_status":"open","template":"","meta":[],"product_brand":[],"product_cat":[9263,2454,1987],"product_tag":[],"class_list":{"0":"post-251674","1":"product","2":"type-product","3":"status-publish","4":"has-post-thumbnail","6":"product_cat-furniture-system-story-lenart","7":"product_cat-lenart","8":"product_cat-shelving-units","10":"first","11":"instock","12":"purchasable","13":"product-type-simple"},"_links":{"self":[{"href":"https:\/\/baldumarket.lt\/lt\/wp-json\/wp\/v2\/product\/251674","targetHints":{"allow":["GET"]}}],"collection":[{"href":"https:\/\/baldumarket.lt\/lt\/wp-json\/wp\/v2\/product"}],"about":[{"href":"https:\/\/baldumarket.lt\/lt\/wp-json\/wp\/v2\/types\/product"}],"replies":[{"embeddable":true,"href":"https:\/\/baldumarket.lt\/lt\/wp-json\/wp\/v2\/comments?post=251674"}],"wp:featuredmedia":[{"embeddable":true,"href":"https:\/\/baldumarket.lt\/lt\/wp-json\/wp\/v2\/media\/251675"}],"wp:attachment":[{"href":"https:\/\/baldumarket.lt\/lt\/wp-json\/wp\/v2\/media?parent=251674"}],"wp:term":[{"taxonomy":"product_brand","embeddable":true,"href":"https:\/\/baldumarket.lt\/lt\/wp-json\/wp\/v2\/product_brand?post=251674"},{"taxonomy":"product_cat","embeddable":true,"href":"https:\/\/baldumarket.lt\/lt\/wp-json\/wp\/v2\/product_cat?post=251674"},{"taxonomy":"product_tag","embeddable":true,"href":"https:\/\/baldumarket.lt\/lt\/wp-json\/wp\/v2\/product_tag?post=251674"}],"curies":[{"name":"wp","href":"https:\/\/api.w.org\/{rel}","templated":true}]}}