{"id":251667,"date":"2026-01-10T18:16:46","date_gmt":"2026-01-10T15:16:46","guid":{"rendered":"https:\/\/baldumarket.lt\/product\/stolik-story-so-18-bez-piaskowy-dab-vincenza-bielona\/"},"modified":"2026-02-11T18:31:50","modified_gmt":"2026-02-11T15:31:50","slug":"stolik-story-so-18-bez-piaskowy-dab-vincenza-bielona","status":"publish","type":"product","link":"https:\/\/baldumarket.lt\/lt\/produktas\/stolik-story-so-18-bez-piaskowy-dab-vincenza-bielona\/","title":{"rendered":"STORY SO-18 kavos staliukas | sm\u0117lio spalvos \/ balintas Vincenza \u0105\u017euolas"},"content":{"rendered":"<p>Modelis: STORY SO-18 stalas<br \/>\nSpalva: sm\u0117lio spalvos \/ balinto Vincenza \u0105\u017euolo<br \/>\nMatmenys: Plotis: 80 cm<br \/>\nAuk\u0161tis: 57 cm<br \/>\nGylis: 60 cm<br \/>\nMatmen\u0173 tolerancija \u00b12%<br \/>\nMed\u017eiaga: Korpusas: Laminuota med\u017eio dro\u017eli\u0173 plok\u0161t\u0117; 16 mm; 25 mm, 30\u00d740 MDF<br \/>\nKorpuso kra\u0161to apdaila: ABS; 0,45; 1,0 mm<br \/>\nKorpuso spalva: sm\u0117lio spalvos \/ balintas Vincenza \u0105\u017euolas<br \/>\nVir\u0161us: laminuota med\u017eio dro\u017eli\u0173 plok\u0161t\u0117; 25 mm<br \/>\nVir\u0161utinio kra\u0161to apdaila: ABS; 1,0 mm<br \/>\nFaneruot\u0173 vir\u0161utini\u0173 briaun\u0173 skai\u010dius: 4<br \/>\nVir\u0161utin\u0117 spalva: balintas Vincenza \u0105\u017euolas<\/p>","protected":false},"excerpt":{"rendered":"<p>Modelis: STORY SO-18 Stalas Spalva: Sm\u0117lio sm\u0117lio \/ balinto Vincenza \u0105\u017euolo Matmenys: Plotis: 80 cm Auk\u0161tis: 57 cm Gylis: 60 cm Matmen\u0173 tolerancija \u00b12% Med\u017eiaga: Korpusas: Laminuota med\u017eio dro\u017eli\u0173 plok\u0161t\u0117; 16 mm; 25 mm, 30\u00d740 MDF Korpuso kra\u0161t\u0173 apdaila: ABS; 0,45; 1,0 mm Korpuso spalva: Sm\u0117lio sm\u0117lio \/ balinto Vincenza \u0105\u017euolo Vir\u0161us: Laminuota med\u017eio dro\u017eli\u0173 plok\u0161t\u0117; 25 mm Vir\u0161utin\u0117s kra\u0161to apdaila: ABS; 1,0 [\u2026]<\/p>","protected":false},"featured_media":251668,"comment_status":"open","ping_status":"open","template":"","meta":[],"product_brand":[],"product_cat":[9263,2454,1934],"product_tag":[],"class_list":{"0":"post-251667","1":"product","2":"type-product","3":"status-publish","4":"has-post-thumbnail","6":"product_cat-furniture-system-story-lenart","7":"product_cat-lenart","8":"product_cat-tables","10":"first","11":"instock","12":"purchasable","13":"product-type-simple"},"_links":{"self":[{"href":"https:\/\/baldumarket.lt\/lt\/wp-json\/wp\/v2\/product\/251667","targetHints":{"allow":["GET"]}}],"collection":[{"href":"https:\/\/baldumarket.lt\/lt\/wp-json\/wp\/v2\/product"}],"about":[{"href":"https:\/\/baldumarket.lt\/lt\/wp-json\/wp\/v2\/types\/product"}],"replies":[{"embeddable":true,"href":"https:\/\/baldumarket.lt\/lt\/wp-json\/wp\/v2\/comments?post=251667"}],"wp:featuredmedia":[{"embeddable":true,"href":"https:\/\/baldumarket.lt\/lt\/wp-json\/wp\/v2\/media\/251668"}],"wp:attachment":[{"href":"https:\/\/baldumarket.lt\/lt\/wp-json\/wp\/v2\/media?parent=251667"}],"wp:term":[{"taxonomy":"product_brand","embeddable":true,"href":"https:\/\/baldumarket.lt\/lt\/wp-json\/wp\/v2\/product_brand?post=251667"},{"taxonomy":"product_cat","embeddable":true,"href":"https:\/\/baldumarket.lt\/lt\/wp-json\/wp\/v2\/product_cat?post=251667"},{"taxonomy":"product_tag","embeddable":true,"href":"https:\/\/baldumarket.lt\/lt\/wp-json\/wp\/v2\/product_tag?post=251667"}],"curies":[{"name":"wp","href":"https:\/\/api.w.org\/{rel}","templated":true}]}}