{"id":251654,"date":"2026-01-10T18:16:41","date_gmt":"2026-01-10T15:16:41","guid":{"rendered":"https:\/\/baldumarket.lt\/product\/polka-wiszaca-story-so-14-bez-piaskowy-dab-vincenza-bielona\/"},"modified":"2026-02-11T18:31:50","modified_gmt":"2026-02-11T15:31:50","slug":"polka-wiszaca-story-so-14-bez-piaskowy-dab-vincenza-bielona","status":"publish","type":"product","link":"https:\/\/baldumarket.lt\/lt\/produktas\/polka-wiszaca-story-so-14-bez-piaskowy-dab-vincenza-bielona\/","title":{"rendered":"STORY SO-14 pakabinama lentyna | sm\u0117lio spalvos \/ balintas Vincenza \u0105\u017euolas"},"content":{"rendered":"<p>Modelis: STORY SO-14 pakabinama lentyna<br \/>\nSpalva: sm\u0117lio spalvos \/ balinto Vincenza \u0105\u017euolo<br \/>\nMatmenys: Plotis: 110 cm<br \/>\nAuk\u0161tis: 20 cm<br \/>\nGylis: 22 cm<br \/>\nMatmen\u0173 tolerancija \u00b12%<br \/>\nKonstrukcija: Lentyna pagaminta i\u0161 ma\u017edaug 16 mm storio laminuotos med\u017eio dro\u017eli\u0173 plok\u0161t\u0117s, u\u017etikrinan\u010dios ger\u0105 stabilum\u0105 ir ilgaam\u017ei\u0161kum\u0105.<br \/>\nLentyn\u0173 kra\u0161tai apdirbti ABS briauna, kuri apsaugo jas nuo mechanini\u0173 pa\u017eeidim\u0173 ir suteikia tvarking\u0105 i\u0161vaizd\u0105.<br \/>\nLentynos galin\u0117 sienel\u0117 taip pat turi laminuot\u0105 pavir\u0161i\u0173, tiek matom\u0105, tiek nematom\u0105.<br \/>\nLentynos maksimali apkrova yra ma\u017edaug 5 kg, tod\u0117l ant jos galite saugiai d\u0117ti knygas ar lengvus dekoracijas. Lentynos matmenys yra ma\u017edaug 110 cm plo\u010dio x 20 cm auk\u0161\u010dio x 22 cm gylio, tod\u0117l ji gana plati, bet ne per auk\u0161ta, tod\u0117l j\u0105 galima tvirtinti prie sienos vir\u0161 stalo ar lovos.<\/p>\n<p>Lentyn\u0105 reikia surinkti pa\u010diam \u2013 pridedami tvirtinimo elementai ir instrukcijos.<\/p>","protected":false},"excerpt":{"rendered":"<p>Modelis: STORY SO-14 Pakabinama lentyna Spalva: Sm\u0117lio sm\u0117lio \/ Balinto Vincenza \u0105\u017euolo Matmenys: Plotis: 110 cm Auk\u0161tis: 20 cm Gylis: 22 cm Matmen\u0173 tolerancija \u00b12% Konstrukcija: Lentyna pagaminta i\u0161 ma\u017edaug 16 mm storio laminuotos med\u017eio dro\u017eli\u0173 plok\u0161t\u0117s, u\u017etikrinan\u010dios ger\u0105 stabilum\u0105 ir ilgaam\u017ei\u0161kum\u0105. Lentynos kra\u0161tai apvadinti ABS briauna, apsaugan\u010dia juos nuo mechanini\u0173 pa\u017eeidim\u0173 [\u2026]<\/p>","protected":false},"featured_media":251655,"comment_status":"open","ping_status":"open","template":"","meta":[],"product_brand":[],"product_cat":[9263,1174,2454],"product_tag":[],"class_list":{"0":"post-251654","1":"product","2":"type-product","3":"status-publish","4":"has-post-thumbnail","6":"product_cat-furniture-system-story-lenart","7":"product_cat-hanging-shelves","8":"product_cat-lenart","10":"first","11":"instock","12":"purchasable","13":"product-type-simple"},"_links":{"self":[{"href":"https:\/\/baldumarket.lt\/lt\/wp-json\/wp\/v2\/product\/251654","targetHints":{"allow":["GET"]}}],"collection":[{"href":"https:\/\/baldumarket.lt\/lt\/wp-json\/wp\/v2\/product"}],"about":[{"href":"https:\/\/baldumarket.lt\/lt\/wp-json\/wp\/v2\/types\/product"}],"replies":[{"embeddable":true,"href":"https:\/\/baldumarket.lt\/lt\/wp-json\/wp\/v2\/comments?post=251654"}],"wp:featuredmedia":[{"embeddable":true,"href":"https:\/\/baldumarket.lt\/lt\/wp-json\/wp\/v2\/media\/251655"}],"wp:attachment":[{"href":"https:\/\/baldumarket.lt\/lt\/wp-json\/wp\/v2\/media?parent=251654"}],"wp:term":[{"taxonomy":"product_brand","embeddable":true,"href":"https:\/\/baldumarket.lt\/lt\/wp-json\/wp\/v2\/product_brand?post=251654"},{"taxonomy":"product_cat","embeddable":true,"href":"https:\/\/baldumarket.lt\/lt\/wp-json\/wp\/v2\/product_cat?post=251654"},{"taxonomy":"product_tag","embeddable":true,"href":"https:\/\/baldumarket.lt\/lt\/wp-json\/wp\/v2\/product_tag?post=251654"}],"curies":[{"name":"wp","href":"https:\/\/api.w.org\/{rel}","templated":true}]}}