{"id":251639,"date":"2026-01-10T18:16:33","date_gmt":"2026-01-10T15:16:33","guid":{"rendered":"https:\/\/baldumarket.lt\/product\/lozko-90-story-so-16-bez-piaskowy-dab-vincenza-bielona\/"},"modified":"2026-02-11T18:31:50","modified_gmt":"2026-02-11T15:31:50","slug":"lozko-90-story-so-16-bez-piaskowy-dab-vincenza-bielona","status":"publish","type":"product","link":"https:\/\/baldumarket.lt\/lt\/product\/lozko-90-story-so-16-bez-piaskowy-dab-vincenza-bielona\/","title":{"rendered":"90 STORY SO-16 Lova | Sm\u0117lio spalvos \/ Balintas Vincenza \u0105\u017euolas"},"content":{"rendered":"<p>Modelis: STORY SO-16 Lova<br \/>\nSpalva: sm\u0117lio spalvos \/ balinto Vincenza \u0105\u017euolo<br \/>\nMatmenys: Baldo plotis: 105 cm<br \/>\nBald\u0173 auk\u0161tis: 86 cm<br \/>\nBald\u0173 gylis: 210 cm<br \/>\nBald\u0173 svoris: 40 kg<br \/>\nMatmen\u0173 tolerancija \u00b12%<br \/>\nMed\u017eiaga: R\u0117mas: Laminuota med\u017eio dro\u017eli\u0173 plok\u0161t\u0117; 16 mm; 25 mm, 30\u00d740 MDF<br \/>\nR\u0117mo kra\u0161to apdaila: ABS; 0,45 mm; 1,0 mm<br \/>\nR\u0117mo spalva: sm\u0117lio spalvos \/ balintas Vincenza \u0105\u017euolas<br \/>\n\u010ciu\u017einio tipas: Bonnell spyruoklinis putplastis<br \/>\n\u010ciu\u017einio matmenys: 18 x 90 x 200 cm<br \/>\n\u010ciu\u017einys \u012fskai\u010diuotas: ne<\/p>","protected":false},"excerpt":{"rendered":"<p>Modelis: STORY SO-16 Lova Spalva: Sm\u0117lio sm\u0117lio \/ balinto Vincenza \u0105\u017euolo Matmenys: Bald\u0173 plotis: 105 cm Bald\u0173 auk\u0161tis: 86 cm Bald\u0173 gylis: 210 cm Bald\u0173 svoris: 40 kg Matmen\u0173 tolerancija \u00b12% Med\u017eiaga: R\u0117mas: Laminuota med\u017eio dro\u017eli\u0173 plok\u0161t\u0117; 16 mm; 25 mm, 30\u00d740 MDF R\u0117mo kra\u0161t\u0173 apdaila: ABS; 0,45 mm; 1,0 mm R\u0117mo spalva: Sm\u0117lio sm\u0117lio \/ balinto Vincenza \u0105\u017euolo \u010ciu\u017einio tipas: [\u2026]<\/p>","protected":false},"featured_media":251640,"comment_status":"open","ping_status":"open","template":"","meta":[],"product_brand":[],"product_cat":[9263,505,2454],"product_tag":[],"class_list":{"0":"post-251639","1":"product","2":"type-product","3":"status-publish","4":"has-post-thumbnail","6":"product_cat-furniture-system-story-lenart","7":"product_cat-bedroom-beds","8":"product_cat-lenart","10":"first","11":"instock","12":"purchasable","13":"product-type-simple"},"_links":{"self":[{"href":"https:\/\/baldumarket.lt\/lt\/wp-json\/wp\/v2\/product\/251639","targetHints":{"allow":["GET"]}}],"collection":[{"href":"https:\/\/baldumarket.lt\/lt\/wp-json\/wp\/v2\/product"}],"about":[{"href":"https:\/\/baldumarket.lt\/lt\/wp-json\/wp\/v2\/types\/product"}],"replies":[{"embeddable":true,"href":"https:\/\/baldumarket.lt\/lt\/wp-json\/wp\/v2\/comments?post=251639"}],"wp:featuredmedia":[{"embeddable":true,"href":"https:\/\/baldumarket.lt\/lt\/wp-json\/wp\/v2\/media\/251640"}],"wp:attachment":[{"href":"https:\/\/baldumarket.lt\/lt\/wp-json\/wp\/v2\/media?parent=251639"}],"wp:term":[{"taxonomy":"product_brand","embeddable":true,"href":"https:\/\/baldumarket.lt\/lt\/wp-json\/wp\/v2\/product_brand?post=251639"},{"taxonomy":"product_cat","embeddable":true,"href":"https:\/\/baldumarket.lt\/lt\/wp-json\/wp\/v2\/product_cat?post=251639"},{"taxonomy":"product_tag","embeddable":true,"href":"https:\/\/baldumarket.lt\/lt\/wp-json\/wp\/v2\/product_tag?post=251639"}],"curies":[{"name":"wp","href":"https:\/\/api.w.org\/{rel}","templated":true}]}}