{"id":251626,"date":"2026-01-10T18:16:28","date_gmt":"2026-01-10T15:16:28","guid":{"rendered":"https:\/\/baldumarket.lt\/product\/szafa-dwudrzwiowa-story-so-12-bez-piaskowy-dab-vincenza-bielona\/"},"modified":"2026-02-11T18:31:50","modified_gmt":"2026-02-11T15:31:50","slug":"szafa-dwudrzwiowa-story-so-12-bez-piaskowy-dab-vincenza-bielona","status":"publish","type":"product","link":"https:\/\/baldumarket.lt\/lt\/produktas\/szafa-dwudrzwiowa-story-so-12-bez-piaskowy-dab-vincenza-bielona\/","title":{"rendered":"STORY SO-12 dviej\u0173 dur\u0173 spinta | sm\u0117lio spalvos \/ balintas Vincenza \u0105\u017euolas"},"content":{"rendered":"<p>Modelis: STORY SO-12 Dviej\u0173 dur\u0173 spinta<br \/>\nSpalva: sm\u0117lio spalvos \/ balinto Vincenza \u0105\u017euolo<br \/>\nMatmenys: Plotis: 85 cm<br \/>\n\u016agis: 186 cm<br \/>\nGylis: 52 cm<br \/>\nMatmen\u0173 tolerancija \u00b12%<br \/>\nMed\u017eiaga: Korpusas: laminuota med\u017eio dro\u017eli\u0173 plok\u0161t\u0117; 16 mm; 25 mm, 30\u00d740 MDF<br \/>\nKorpuso kra\u0161to apdaila: ABS; 1,0 mm<br \/>\nKorpuso spalva: sm\u0117lio spalvos \/ balintas Vincenza \u0105\u017euolas<br \/>\nVir\u0161us: laminuota med\u017eio dro\u017eli\u0173 plok\u0161t\u0117; 25 mm<br \/>\nVir\u0161utin\u0117s plok\u0161t\u0117s kra\u0161to apdaila: ABS; 1,0 mm<br \/>\nFaneruot\u0173 vir\u0161utini\u0173 briaun\u0173 skai\u010dius: 4<br \/>\nVir\u0161utin\u0117s lentos spalva: balintas Vincenza \u0105\u017euolas<br \/>\nGalin\u0117 sienel\u0117: HDF plok\u0161t\u0117; 3 mm<br \/>\nMatomos galin\u0117s plok\u0161t\u0117s apdaila: laminatas<br \/>\nNematoma galin\u0117s panel\u0117s apdaila: neapdorota<br \/>\nGalinio skydelio tvirtinimas: nuta<br \/>\nGalin\u0117s panel\u0117s spalva: sm\u0117lio spalvos<br \/>\nLentyna: 16 mm laminuota med\u017eio dro\u017eli\u0173 plok\u0161t\u0117<br \/>\nLentynos kra\u0161to apdaila: ABS; 0,45 mm<br \/>\nLentyn\u0173, klijuot\u0173 kra\u0161tais, skai\u010dius: 1<br \/>\nLentynos apkrova (kg): 5 kg<br \/>\nLentynos spalva: sm\u0117lio spalvos<br \/>\nLentyn\u0173 skai\u010dius: 3<br \/>\nStal\u010diaus dugno med\u017eiaga: HDF; 3 mm<\/p>","protected":false},"excerpt":{"rendered":"<p>Modelis: STORY SO-12 Dvidur\u0117 spinta Spalva: Sm\u0117lio sm\u0117lio\/balinto Vincenza \u0105\u017euolo Matmenys: Plotis: 85 cm Auk\u0161tis: 186 cm Gylis: 52 cm Matmen\u0173 tolerancija \u00b12% Med\u017eiaga: Korpusas: laminuota med\u017eio dro\u017eli\u0173 plok\u0161t\u0117; 16 mm; 25 mm, 30\u00d740 MDF Korpuso kra\u0161to apdaila: ABS; 1,0 mm Korpuso spalva: Sm\u0117lio sm\u0117lio\/balinto Vincenza \u0105\u017euolo Vir\u0161us: laminuota med\u017eio dro\u017eli\u0173 plok\u0161t\u0117; 25 mm Vir\u0161utin\u0117s plok\u0161t\u0117s kra\u0161to apdaila: ABS; 1,0 [\u2026]<\/p>","protected":false},"featured_media":251627,"comment_status":"open","ping_status":"open","template":"","meta":[],"product_brand":[],"product_cat":[9263,2454,1177],"product_tag":[],"class_list":{"0":"post-251626","1":"product","2":"type-product","3":"status-publish","4":"has-post-thumbnail","6":"product_cat-furniture-system-story-lenart","7":"product_cat-lenart","8":"product_cat-wardrobes","10":"first","11":"instock","12":"purchasable","13":"product-type-simple"},"_links":{"self":[{"href":"https:\/\/baldumarket.lt\/lt\/wp-json\/wp\/v2\/product\/251626","targetHints":{"allow":["GET"]}}],"collection":[{"href":"https:\/\/baldumarket.lt\/lt\/wp-json\/wp\/v2\/product"}],"about":[{"href":"https:\/\/baldumarket.lt\/lt\/wp-json\/wp\/v2\/types\/product"}],"replies":[{"embeddable":true,"href":"https:\/\/baldumarket.lt\/lt\/wp-json\/wp\/v2\/comments?post=251626"}],"wp:featuredmedia":[{"embeddable":true,"href":"https:\/\/baldumarket.lt\/lt\/wp-json\/wp\/v2\/media\/251627"}],"wp:attachment":[{"href":"https:\/\/baldumarket.lt\/lt\/wp-json\/wp\/v2\/media?parent=251626"}],"wp:term":[{"taxonomy":"product_brand","embeddable":true,"href":"https:\/\/baldumarket.lt\/lt\/wp-json\/wp\/v2\/product_brand?post=251626"},{"taxonomy":"product_cat","embeddable":true,"href":"https:\/\/baldumarket.lt\/lt\/wp-json\/wp\/v2\/product_cat?post=251626"},{"taxonomy":"product_tag","embeddable":true,"href":"https:\/\/baldumarket.lt\/lt\/wp-json\/wp\/v2\/product_tag?post=251626"}],"curies":[{"name":"wp","href":"https:\/\/api.w.org\/{rel}","templated":true}]}}