{"id":251610,"date":"2026-01-10T18:16:20","date_gmt":"2026-01-10T15:16:20","guid":{"rendered":"https:\/\/baldumarket.lt\/product\/zaglowek-tapicerowany-cozy-cz-07-do-lozka-180x200-88x42-bezowy-komplet-2-sztuki\/"},"modified":"2026-02-11T18:31:50","modified_gmt":"2026-02-11T15:31:50","slug":"zaglowek-tapicerowany-cozy-cz-07-do-lozka-180x200-88x42-bezowy-komplet-2-sztuki","status":"publish","type":"product","link":"https:\/\/baldumarket.lt\/lt\/product\/zaglowek-tapicerowany-cozy-cz-07-do-lozka-180x200-88x42-bezowy-komplet-2-sztuki\/","title":{"rendered":"Apmu\u0161tas lovos galv\u016bgalis COZY CZ-07 lovai 180\u00d7200 | 88\u00d742 | Sm\u0117lio spalvos (2 vnt. komplektas)"},"content":{"rendered":"<p>Kolekcija: JAUKUS<br \/>\nModelis: CZ-07<br \/>\nSpalva: sm\u0117lio spalvos<br \/>\nMatmenys: Plotis: 88 cm<br \/>\nAuk\u0161tis: 11 cm<br \/>\nGylis: 42 cm<br \/>\nPagrindin\u0117 informacija: Modelio numeris: CZ7<br \/>\nMed\u017eiagos svoris: 3,5 kg<br \/>\nSurinkimas: Reikalingas surinkimas<br \/>\nPagalv\u0117 COZY CZ-02 180\u00d7200 lovai: COZY CZ-02 medin\u0117 lova su daiktad\u0117\u017ee<\/p>","protected":false},"excerpt":{"rendered":"<p>Kolekcija: COZY Modelis: CZ-07 Spalva: Sm\u0117lio spalvos Matmenys: Plotis: 88 cm Auk\u0161tis: 11 cm Gylis: 42 cm Pagrindin\u0117 informacija: Modelio numeris: CZ7 Med\u017eiaga Svoris: 3,5 kg Surinkimas: Reikalingas surinkimas Pagalv\u0117 COZY CZ-02 180\u00d7200 lovai: COZY CZ-02 Medin\u0117 lova su daiktad\u0117\u017ee<\/p>","protected":false},"featured_media":251611,"comment_status":"open","ping_status":"open","template":"","meta":[],"product_brand":[],"product_cat":[9266,9251,2454],"product_tag":[],"class_list":{"0":"post-251610","1":"product","2":"type-product","3":"status-publish","4":"has-post-thumbnail","6":"product_cat-furniture-system-cozy-lenart","7":"product_cat-musor","8":"product_cat-lenart","10":"first","11":"instock","12":"purchasable","13":"product-type-simple"},"_links":{"self":[{"href":"https:\/\/baldumarket.lt\/lt\/wp-json\/wp\/v2\/product\/251610","targetHints":{"allow":["GET"]}}],"collection":[{"href":"https:\/\/baldumarket.lt\/lt\/wp-json\/wp\/v2\/product"}],"about":[{"href":"https:\/\/baldumarket.lt\/lt\/wp-json\/wp\/v2\/types\/product"}],"replies":[{"embeddable":true,"href":"https:\/\/baldumarket.lt\/lt\/wp-json\/wp\/v2\/comments?post=251610"}],"wp:featuredmedia":[{"embeddable":true,"href":"https:\/\/baldumarket.lt\/lt\/wp-json\/wp\/v2\/media\/251611"}],"wp:attachment":[{"href":"https:\/\/baldumarket.lt\/lt\/wp-json\/wp\/v2\/media?parent=251610"}],"wp:term":[{"taxonomy":"product_brand","embeddable":true,"href":"https:\/\/baldumarket.lt\/lt\/wp-json\/wp\/v2\/product_brand?post=251610"},{"taxonomy":"product_cat","embeddable":true,"href":"https:\/\/baldumarket.lt\/lt\/wp-json\/wp\/v2\/product_cat?post=251610"},{"taxonomy":"product_tag","embeddable":true,"href":"https:\/\/baldumarket.lt\/lt\/wp-json\/wp\/v2\/product_tag?post=251610"}],"curies":[{"name":"wp","href":"https:\/\/api.w.org\/{rel}","templated":true}]}}