{"id":251578,"date":"2026-01-10T18:16:01","date_gmt":"2026-01-10T15:16:01","guid":{"rendered":"https:\/\/baldumarket.lt\/product\/polka-wiszaca-harmony-hr-05-kaszmir-truflowy\/"},"modified":"2026-02-11T18:31:51","modified_gmt":"2026-02-11T15:31:51","slug":"polka-wiszaca-harmony-hr-05-kaszmir-truflowy","status":"publish","type":"product","link":"https:\/\/baldumarket.lt\/lt\/product\/polka-wiszaca-harmony-hr-05-kaszmir-truflowy\/","title":{"rendered":"HARMONY HR-05 pakabinama lentyna | Ka\u0161myras ir triufeliai"},"content":{"rendered":"<p>Kolekcija: HARMONIJA<br \/>\nModelis: HR-05<br \/>\nSpalva: Ka\u0161myro\/Triufeli\u0173<br \/>\nMatmenys: Plotis: 101 cm<br \/>\nAuk\u0161tis: 24 cm<br \/>\nGylis: 22 cm<br \/>\nPagrindin\u0117 informacija: R\u0117mo indeksas: HR5KT<br \/>\nK\u016bno svoris: 5,5 kg<br \/>\nSurinkimas: Reikalingas surinkimas<br \/>\nMed\u017eiaga: R\u0117mas: 16 mm laminuota med\u017eio dro\u017eli\u0173 plok\u0161t\u0117<br \/>\nR\u0117mo kra\u0161to apdaila: 0,45 mm<br \/>\nR\u0117melio spalva: Ka\u0161myro\/Triufeli\u0173<br \/>\nLentynos apkrova: 3 kg<\/p>","protected":false},"excerpt":{"rendered":"<p>Kolekcija: HARMONY Modelis: HR-05 Spalva: Ka\u0161myro\/Triufeli\u0173 Matmenys: Plotis: 101 cm Auk\u0161tis: 24 cm Gylis: 22 cm Pagrindin\u0117 informacija: R\u0117mo indeksas: HR5KT Korpuso svoris: 5,5 kg Surinkimas: Reikalingas surinkimas Med\u017eiaga: R\u0117mas: 16 mm laminuota med\u017eio dro\u017eli\u0173 plok\u0161t\u0117 R\u0117mo kra\u0161to apdaila: 0,45 mm R\u0117mo spalva: Ka\u0161myro\/Triufeli\u0173 Lentynos keliamoji galia: 3 kg<\/p>","protected":false},"featured_media":251579,"comment_status":"open","ping_status":"open","template":"","meta":[],"product_brand":[],"product_cat":[9257,1174,2454],"product_tag":[],"class_list":{"0":"post-251578","1":"product","2":"type-product","3":"status-publish","4":"has-post-thumbnail","6":"product_cat-furniture-system-harmony-lenart","7":"product_cat-hanging-shelves","8":"product_cat-lenart","10":"first","11":"instock","12":"purchasable","13":"product-type-simple"},"_links":{"self":[{"href":"https:\/\/baldumarket.lt\/lt\/wp-json\/wp\/v2\/product\/251578","targetHints":{"allow":["GET"]}}],"collection":[{"href":"https:\/\/baldumarket.lt\/lt\/wp-json\/wp\/v2\/product"}],"about":[{"href":"https:\/\/baldumarket.lt\/lt\/wp-json\/wp\/v2\/types\/product"}],"replies":[{"embeddable":true,"href":"https:\/\/baldumarket.lt\/lt\/wp-json\/wp\/v2\/comments?post=251578"}],"wp:featuredmedia":[{"embeddable":true,"href":"https:\/\/baldumarket.lt\/lt\/wp-json\/wp\/v2\/media\/251579"}],"wp:attachment":[{"href":"https:\/\/baldumarket.lt\/lt\/wp-json\/wp\/v2\/media?parent=251578"}],"wp:term":[{"taxonomy":"product_brand","embeddable":true,"href":"https:\/\/baldumarket.lt\/lt\/wp-json\/wp\/v2\/product_brand?post=251578"},{"taxonomy":"product_cat","embeddable":true,"href":"https:\/\/baldumarket.lt\/lt\/wp-json\/wp\/v2\/product_cat?post=251578"},{"taxonomy":"product_tag","embeddable":true,"href":"https:\/\/baldumarket.lt\/lt\/wp-json\/wp\/v2\/product_tag?post=251578"}],"curies":[{"name":"wp","href":"https:\/\/api.w.org\/{rel}","templated":true}]}}