{"id":251570,"date":"2026-01-10T18:15:58","date_gmt":"2026-01-10T15:15:58","guid":{"rendered":"https:\/\/baldumarket.lt\/product\/szafka-nocna-harmony-hr-07-kaszmir-truflowy\/"},"modified":"2026-02-11T18:31:51","modified_gmt":"2026-02-11T15:31:51","slug":"szafka-nocna-harmony-hr-07-kaszmir-truflowy","status":"publish","type":"product","link":"https:\/\/baldumarket.lt\/lt\/product\/szafka-nocna-harmony-hr-07-kaszmir-truflowy\/","title":{"rendered":"HARMONY HR-07 naktinis staliukas | Ka\u0161myras ir triufeliai"},"content":{"rendered":"<p>Kolekcija: HARMONIJA<br \/>\nModelis: HR-07<br \/>\nSpalva: Ka\u0161myro \/ Triufeli\u0173<br \/>\nMatmenys: Plotis: 46 cm<br \/>\nAuk\u0161tis: 52 cm<br \/>\nGylis: 40 cm<br \/>\nPagrindin\u0117 informacija: Modelio numeris: HR7KT<br \/>\nSvoris: 14,5 kg<br \/>\nSurinkimas: Reikalingas surinkimas<br \/>\nStal\u010di\u0173 skai\u010dius: 2<br \/>\nJungtys: Rankena: PVC<br \/>\nStal\u010diaus b\u0117gelis: Rutulinis guolis<br \/>\nP\u0117da\/koja: metalin\u0117 koja<br \/>\nMed\u017eiaga: Korpusas: Laminuota med\u017eio dro\u017eli\u0173 plok\u0161t\u0117: 16 mm<br \/>\nKorpuso kra\u0161to apdaila: 0,45 mm<br \/>\nKorpuso spalva: Ka\u0161myro \/ Triufeli\u0173<br \/>\nVir\u0161us: laminuota med\u017eio dro\u017eli\u0173 plok\u0161t\u0117; 16 mm<br \/>\nVir\u0161utinio kra\u0161to apdaila: 0,45 mm<br \/>\nFaneruot\u0173 vir\u0161utini\u0173 briaun\u0173 skai\u010dius: 4<br \/>\nVir\u0161utin\u0117 spalva: Ka\u0161myras<br \/>\nGalin\u0117 sienel\u0117: HDF plok\u0161t\u0117; 3 mm<br \/>\nMatomos galin\u0117s plok\u0161t\u0117s apdaila: laminatas<br \/>\nNematoma galin\u0117s panel\u0117s apdaila: neapdorota<br \/>\nGalinio skydelio tvirtinimas: nuta<br \/>\nGalin\u0117s panel\u0117s spalva: balta<br \/>\nPriekin\u0117 dalis: laminuota med\u017eio dro\u017eli\u0173 plok\u0161t\u0117; 16 mm<br \/>\nPriekinio kra\u0161to apdaila: 0,45 mm<br \/>\nPriekin\u0117 spalva: ka\u0161myras<br \/>\nStal\u010diaus vidin\u0117 apdaila: balta juostel\u0117<br \/>\nStal\u010diaus dugnas: HDF plok\u0161t\u0117; 3 mm<\/p>","protected":false},"excerpt":{"rendered":"<p>Kolekcija: HARMONY Modelis: HR-07 Spalva: Ka\u0161myro \/ Triufeli\u0173 Matmenys: Plotis: 46 cm Auk\u0161tis: 52 cm Gylis: 40 cm Pagrindin\u0117 informacija: Modelio numeris: HR7KT Svoris: 14,5 kg Surinkimas: Reikalingas surinkimas Stal\u010di\u0173 skai\u010dius: 2 Furnit\u016bra: Rankena: PVC Stal\u010diaus b\u0117gelis: Rutulinis guolis Kojel\u0117\/koja: Metalin\u0117 koja Med\u017eiaga: Korpusas: Laminuota med\u017eio dro\u017eli\u0173 plok\u0161t\u0117: 16 mm Korpuso kra\u0161to apdaila: 0,45 mm Korpuso spalva: [\u2026]<\/p>","protected":false},"featured_media":251571,"comment_status":"open","ping_status":"open","template":"","meta":[],"product_brand":[],"product_cat":[9257,1176,2454],"product_tag":[],"class_list":{"0":"post-251570","1":"product","2":"type-product","3":"status-publish","4":"has-post-thumbnail","6":"product_cat-furniture-system-harmony-lenart","7":"product_cat-bedside-tables","8":"product_cat-lenart","10":"first","11":"instock","12":"purchasable","13":"product-type-simple"},"_links":{"self":[{"href":"https:\/\/baldumarket.lt\/lt\/wp-json\/wp\/v2\/product\/251570","targetHints":{"allow":["GET"]}}],"collection":[{"href":"https:\/\/baldumarket.lt\/lt\/wp-json\/wp\/v2\/product"}],"about":[{"href":"https:\/\/baldumarket.lt\/lt\/wp-json\/wp\/v2\/types\/product"}],"replies":[{"embeddable":true,"href":"https:\/\/baldumarket.lt\/lt\/wp-json\/wp\/v2\/comments?post=251570"}],"wp:featuredmedia":[{"embeddable":true,"href":"https:\/\/baldumarket.lt\/lt\/wp-json\/wp\/v2\/media\/251571"}],"wp:attachment":[{"href":"https:\/\/baldumarket.lt\/lt\/wp-json\/wp\/v2\/media?parent=251570"}],"wp:term":[{"taxonomy":"product_brand","embeddable":true,"href":"https:\/\/baldumarket.lt\/lt\/wp-json\/wp\/v2\/product_brand?post=251570"},{"taxonomy":"product_cat","embeddable":true,"href":"https:\/\/baldumarket.lt\/lt\/wp-json\/wp\/v2\/product_cat?post=251570"},{"taxonomy":"product_tag","embeddable":true,"href":"https:\/\/baldumarket.lt\/lt\/wp-json\/wp\/v2\/product_tag?post=251570"}],"curies":[{"name":"wp","href":"https:\/\/api.w.org\/{rel}","templated":true}]}}