{"id":251562,"date":"2026-01-10T18:15:54","date_gmt":"2026-01-10T15:15:54","guid":{"rendered":"https:\/\/baldumarket.lt\/product\/regal-azurowy-lenny-ly-02-dab-artisan-bez-truflowy\/"},"modified":"2026-02-11T18:31:51","modified_gmt":"2026-02-11T15:31:51","slug":"regal-azurowy-lenny-ly-02-dab-artisan-bez-truflowy","status":"publish","type":"product","link":"https:\/\/baldumarket.lt\/lt\/product\/regal-azurowy-lenny-ly-02-dab-artisan-bez-truflowy\/","title":{"rendered":"LENNY LY-02 A\u017e\u016brin\u0117 lentyna | Artisan \u0105\u017euolas + sm\u0117lio spalva + triufeliai"},"content":{"rendered":"<p>Kolekcija: LENNY<br \/>\nModelis: LY-02<br \/>\nSpalva: Artisan Oak \/ Beige \/ Truffle<br \/>\nMatmenys: Plotis: 85 cm<br \/>\n\u016agis: 180 cm<br \/>\nGylis: 40 cm<br \/>\nPagrindin\u0117 informacija: K\u016bno indeksas: LY2ABT<br \/>\nK\u0117bulo charakteristikos: 2S<br \/>\nK\u016bno svoris: 44 kg<br \/>\nSurinkimas: Reikalingas surinkimas<br \/>\n\u012eranga: 5 lentynos<br \/>\nStal\u010di\u0173 skai\u010dius: 2<br \/>\nJungtys: Rankena: PVC<br \/>\nStal\u010diaus b\u0117gelis: Rutulinis guolis<br \/>\nP\u0117da\/koja: Slankiklis<br \/>\nMed\u017eiaga: Korpusas: Laminuota med\u017eio dro\u017eli\u0173 plok\u0161t\u0117: 16 mm<br \/>\nKorpuso kra\u0161to apdaila: 0,45 mm<br \/>\nKorpuso spalva: Artisan Oak \/ Beige \/ Truffle<br \/>\nGalin\u0117 siena: HDF plok\u0161t\u0117; 3 mm<br \/>\nMatomos galin\u0117s plok\u0161t\u0117s apdaila: laminatas<br \/>\nNematoma galin\u0117s panel\u0117s apdaila: neapdorota<br \/>\nGalinio skydelio tvirtinimas: nuta<br \/>\nGalin\u0117s panel\u0117s spalva: \u0105\u017euolas<br \/>\nPriekin\u0117 dalis: laminuota med\u017eio dro\u017eli\u0173 plok\u0161t\u0117; 16 mm<br \/>\nPriekinio kra\u0161to apdaila: 1,70 mm<br \/>\nPriekin\u0117s dalies spalva: sm\u0117lio\/triufeli\u0173<br \/>\nStal\u010diaus vidin\u0117 apdaila: balta juostel\u0117<br \/>\nStal\u010diaus dugnas: HDF plok\u0161t\u0117; 3 mm<\/p>","protected":false},"excerpt":{"rendered":"<p>Kolekcija: LENNY Modelis: LY-02 Spalva: Artisan Oak \/ Beige \/ Truffle Matmenys: Plotis: 85 cm Auk\u0161tis: 180 cm Gylis: 40 cm Pagrindin\u0117 informacija: Korpuso indeksas: LY2ABT Korpuso charakteristikos: 2S Korpuso svoris: 44 kg Surinkimas: Reikalingas surinkimas \u012eranga: 5 x lentynos Stal\u010di\u0173 skai\u010dius: 2 Tvirtinimo detal\u0117s: Rankena: PVC Stal\u010diaus b\u0117gelis: Rutulinis guolis Kojel\u0117\/koja: Slankiklis Med\u017eiaga: [\u2026]<\/p>","protected":false},"featured_media":251563,"comment_status":"open","ping_status":"open","template":"","meta":[],"product_brand":[],"product_cat":[9258,2454,1987],"product_tag":[],"class_list":{"0":"post-251562","1":"product","2":"type-product","3":"status-publish","4":"has-post-thumbnail","6":"product_cat-furniture-system-lenny-lenart","7":"product_cat-lenart","8":"product_cat-shelving-units","10":"first","11":"instock","12":"purchasable","13":"product-type-simple"},"_links":{"self":[{"href":"https:\/\/baldumarket.lt\/lt\/wp-json\/wp\/v2\/product\/251562","targetHints":{"allow":["GET"]}}],"collection":[{"href":"https:\/\/baldumarket.lt\/lt\/wp-json\/wp\/v2\/product"}],"about":[{"href":"https:\/\/baldumarket.lt\/lt\/wp-json\/wp\/v2\/types\/product"}],"replies":[{"embeddable":true,"href":"https:\/\/baldumarket.lt\/lt\/wp-json\/wp\/v2\/comments?post=251562"}],"wp:featuredmedia":[{"embeddable":true,"href":"https:\/\/baldumarket.lt\/lt\/wp-json\/wp\/v2\/media\/251563"}],"wp:attachment":[{"href":"https:\/\/baldumarket.lt\/lt\/wp-json\/wp\/v2\/media?parent=251562"}],"wp:term":[{"taxonomy":"product_brand","embeddable":true,"href":"https:\/\/baldumarket.lt\/lt\/wp-json\/wp\/v2\/product_brand?post=251562"},{"taxonomy":"product_cat","embeddable":true,"href":"https:\/\/baldumarket.lt\/lt\/wp-json\/wp\/v2\/product_cat?post=251562"},{"taxonomy":"product_tag","embeddable":true,"href":"https:\/\/baldumarket.lt\/lt\/wp-json\/wp\/v2\/product_tag?post=251562"}],"curies":[{"name":"wp","href":"https:\/\/api.w.org\/{rel}","templated":true}]}}