{"id":251531,"date":"2026-01-10T18:15:39","date_gmt":"2026-01-10T15:15:39","guid":{"rendered":"https:\/\/baldumarket.lt\/product\/stolik-nocny-lenny-ly-07-dab-artisan-bez-truflowy\/"},"modified":"2026-02-11T18:31:51","modified_gmt":"2026-02-11T15:31:51","slug":"stolik-nocny-lenny-ly-07-dab-artisan-bez-truflowy","status":"publish","type":"product","link":"https:\/\/baldumarket.lt\/lt\/product\/stolik-nocny-lenny-ly-07-dab-artisan-bez-truflowy\/","title":{"rendered":"LENNY LY-07 naktinis staliukas | Artisan \u0105\u017euolas + sm\u0117lio spalva + triufeliai"},"content":{"rendered":"<p>Kolekcija: LENNY<br \/>\nModelis: LY-07<br \/>\nSpalva: Artisan Oak \/ Beige \/ Truffle<br \/>\nMatmenys: Plotis: 45 cm<br \/>\nAuk\u0161tis: 42 cm<br \/>\nGylis: 40 cm<br \/>\nPagrindin\u0117 informacija: K\u0117bulo indeksas: LY7ABT<br \/>\nK\u0117bulo charakteristikos: 1S<br \/>\nK\u016bno svoris: 12 kg<br \/>\nSurinkimas: Reikalingas surinkimas<br \/>\n\u012eranga: 1 lentyna<br \/>\nStal\u010di\u0173 skai\u010dius: 1<br \/>\nJungtys: Rankena: PVC<br \/>\nStal\u010diaus b\u0117gelis: Rutulinis guolis<br \/>\nP\u0117da\/koja: Slankiklis<br \/>\nMed\u017eiaga: Korpusas: Laminuota med\u017eio dro\u017eli\u0173 plok\u0161t\u0117: 16 mm<br \/>\nKorpuso kra\u0161to apdaila: 0,45 mm<br \/>\nKorpuso spalva: Artisan Oak \/ Beige \/ Truffle<br \/>\nVir\u0161us: laminuota med\u017eio dro\u017eli\u0173 plok\u0161t\u0117; 16 mm<br \/>\nVir\u0161utin\u0117s plok\u0161t\u0117s kra\u0161to apdaila: 0,45 mm<br \/>\nFaneruot\u0173 vir\u0161utini\u0173 briaun\u0173 skai\u010dius: 4<br \/>\nVir\u0161utin\u0117s lentos spalva: Artisan \u0105\u017euolas<br \/>\nLenta: HDF plok\u0161t\u0117; 3 mm<br \/>\nMatoma krep\u0161elio apdaila: laminatas<br \/>\nNematoma lentos apdaila: neapdorota<br \/>\nLentel\u0117s tvirtinimas: \u201eNuta\u201c<br \/>\nLentel\u0117s spalva: Artisan \u0105\u017euolas<br \/>\nPriekin\u0117 dalis: laminuota med\u017eio dro\u017eli\u0173 plok\u0161t\u0117; 16 mm<br \/>\nPriekinio kra\u0161to apdaila: 1,70 mm<br \/>\nPriekin\u0117s dalies spalva: sm\u0117lio\/triufeli\u0173<br \/>\nStal\u010diaus vidin\u0117 apdaila: balta juostel\u0117<br \/>\nStal\u010diaus dugnas: HDF plok\u0161t\u0117; 3 mm<\/p>","protected":false},"excerpt":{"rendered":"<p>Kolekcija: LENNY Modelis: LY-07 Spalva: Artisan Oak \/ Beige \/ Truffle Matmenys: Plotis: 45 cm Auk\u0161tis: 42 cm Gylis: 40 cm Pagrindin\u0117 informacija: Korpuso indeksas: LY7ABT Korpuso charakteristikos: 1S Korpuso svoris: 12 kg Surinkimas: Reikalingas surinkimas \u012eranga: 1x lentyna Stal\u010di\u0173 skai\u010dius: 1 Jungtys: Rankena: PVC Stal\u010diaus b\u0117gelis: Rutulinis guolis Kojel\u0117\/koja: Slankiklis Med\u017eiaga: Korpusas: [\u2026]<\/p>","protected":false},"featured_media":251532,"comment_status":"open","ping_status":"open","template":"","meta":[],"product_brand":[],"product_cat":[9258,1176,2454],"product_tag":[],"class_list":{"0":"post-251531","1":"product","2":"type-product","3":"status-publish","4":"has-post-thumbnail","6":"product_cat-furniture-system-lenny-lenart","7":"product_cat-bedside-tables","8":"product_cat-lenart","10":"first","11":"instock","12":"purchasable","13":"product-type-simple"},"_links":{"self":[{"href":"https:\/\/baldumarket.lt\/lt\/wp-json\/wp\/v2\/product\/251531","targetHints":{"allow":["GET"]}}],"collection":[{"href":"https:\/\/baldumarket.lt\/lt\/wp-json\/wp\/v2\/product"}],"about":[{"href":"https:\/\/baldumarket.lt\/lt\/wp-json\/wp\/v2\/types\/product"}],"replies":[{"embeddable":true,"href":"https:\/\/baldumarket.lt\/lt\/wp-json\/wp\/v2\/comments?post=251531"}],"wp:featuredmedia":[{"embeddable":true,"href":"https:\/\/baldumarket.lt\/lt\/wp-json\/wp\/v2\/media\/251532"}],"wp:attachment":[{"href":"https:\/\/baldumarket.lt\/lt\/wp-json\/wp\/v2\/media?parent=251531"}],"wp:term":[{"taxonomy":"product_brand","embeddable":true,"href":"https:\/\/baldumarket.lt\/lt\/wp-json\/wp\/v2\/product_brand?post=251531"},{"taxonomy":"product_cat","embeddable":true,"href":"https:\/\/baldumarket.lt\/lt\/wp-json\/wp\/v2\/product_cat?post=251531"},{"taxonomy":"product_tag","embeddable":true,"href":"https:\/\/baldumarket.lt\/lt\/wp-json\/wp\/v2\/product_tag?post=251531"}],"curies":[{"name":"wp","href":"https:\/\/api.w.org\/{rel}","templated":true}]}}