{"id":251523,"date":"2026-01-10T18:15:35","date_gmt":"2026-01-10T15:15:35","guid":{"rendered":"https:\/\/baldumarket.lt\/product\/stolik-nocny-cozy-cz-05-dab-olejowany\/"},"modified":"2026-02-11T18:31:51","modified_gmt":"2026-02-11T15:31:51","slug":"stolik-nocny-cozy-cz-05-dab-olejowany","status":"publish","type":"product","link":"https:\/\/baldumarket.lt\/lt\/product\/stolik-nocny-cozy-cz-05-dab-olejowany\/","title":{"rendered":"COZY CZ-05 naktinis staliukas | Alyvuotas \u0105\u017euolas"},"content":{"rendered":"<p>Kolekcija: JAUKUS<br \/>\nModelis: CZ-05<br \/>\nSpalva: Alyvuotas \u0105\u017euolas<br \/>\nMatmenys: Plotis: 45 cm<br \/>\nAuk\u0161tis: 46 cm<br \/>\nGylis: 40 cm<br \/>\nPagrindin\u0117 informacija: K\u0117bulo indeksas: CZ5DO<br \/>\nK\u0117bulo charakteristikos: 1S<br \/>\nK\u016bno svoris: 10 kg<br \/>\nSurinkimas: Reikalingas surinkimas<br \/>\nStal\u010di\u0173 skai\u010dius: 1<br \/>\nJungtys: Rankena: Metalin\u0117<br \/>\nStal\u010diaus b\u0117gelis: Rutulinis guolis<br \/>\nP\u0117da\/koja: Slankiklis<br \/>\nMed\u017eiaga: Korpusas: Laminuota med\u017eio dro\u017eli\u0173 plok\u0161t\u0117: 16 mm; 22 mm<br \/>\nKorpuso kra\u0161to apdaila: 0,45 mm; 1,00 mm<br \/>\nKorpuso spalva: Alyvuotas \u0105\u017euolas<br \/>\nVir\u0161us: laminuota med\u017eio dro\u017eli\u0173 plok\u0161t\u0117; 16 mm<br \/>\nVir\u0161utin\u0117s plok\u0161t\u0117s kra\u0161to apdaila: 1,00 mm<br \/>\nFaneruot\u0173 vir\u0161utini\u0173 briaun\u0173 skai\u010dius: 4<br \/>\nVir\u0161utin\u0117s lentos spalva: alyvuotas \u0105\u017euolas<br \/>\nGalin\u0117 sienel\u0117: HDF plok\u0161t\u0117; 3 mm<br \/>\nMatomos galin\u0117s plok\u0161t\u0117s apdaila: laminatas<br \/>\nNematoma galin\u0117s panel\u0117s apdaila: neapdorota<br \/>\nGalinio skydelio tvirtinimas: ver\u017el\u0117<br \/>\nGalin\u0117s panel\u0117s spalva: juoda<br \/>\nPriekin\u0117 dalis: laminuota med\u017eio dro\u017eli\u0173 plok\u0161t\u0117; 16 mm<br \/>\nPriekinio kra\u0161to apdaila: 1,00 mm<br \/>\nPriekin\u0117s panel\u0117s spalva: alyvuotas \u0105\u017euolas<br \/>\nStal\u010diaus vidin\u0117 apdaila: juoda juostel\u0117<br \/>\nStal\u010diaus dugnas: HDF plok\u0161t\u0117; 3 mm<\/p>","protected":false},"excerpt":{"rendered":"<p>Kolekcija: COZY Modelis: CZ-05 Spalva: Alyvuotas \u0105\u017euolas Matmenys: Plotis: 45 cm Auk\u0161tis: 46 cm Gylis: 40 cm Pagrindin\u0117 informacija: Korpuso indeksas: CZ5DO Korpuso charakteristikos: 1S Korpuso svoris: 10 kg Surinkimas: Reikalingas surinkimas Stal\u010di\u0173 skai\u010dius: 1 Furnit\u016bra: Rankena: Metalin\u0117 Stal\u010diaus b\u0117gelis: Rutulinis guolis Kojel\u0117\/koja: Slankiklis Med\u017eiaga: Korpusas: Laminuota med\u017eio dro\u017eli\u0173 plok\u0161t\u0117: 16 mm; 22 mm Korpusas [\u2026]<\/p>","protected":false},"featured_media":251524,"comment_status":"open","ping_status":"open","template":"","meta":[],"product_brand":[],"product_cat":[9266,1176,2454],"product_tag":[],"class_list":{"0":"post-251523","1":"product","2":"type-product","3":"status-publish","4":"has-post-thumbnail","6":"product_cat-furniture-system-cozy-lenart","7":"product_cat-bedside-tables","8":"product_cat-lenart","10":"first","11":"instock","12":"purchasable","13":"product-type-simple"},"_links":{"self":[{"href":"https:\/\/baldumarket.lt\/lt\/wp-json\/wp\/v2\/product\/251523","targetHints":{"allow":["GET"]}}],"collection":[{"href":"https:\/\/baldumarket.lt\/lt\/wp-json\/wp\/v2\/product"}],"about":[{"href":"https:\/\/baldumarket.lt\/lt\/wp-json\/wp\/v2\/types\/product"}],"replies":[{"embeddable":true,"href":"https:\/\/baldumarket.lt\/lt\/wp-json\/wp\/v2\/comments?post=251523"}],"wp:featuredmedia":[{"embeddable":true,"href":"https:\/\/baldumarket.lt\/lt\/wp-json\/wp\/v2\/media\/251524"}],"wp:attachment":[{"href":"https:\/\/baldumarket.lt\/lt\/wp-json\/wp\/v2\/media?parent=251523"}],"wp:term":[{"taxonomy":"product_brand","embeddable":true,"href":"https:\/\/baldumarket.lt\/lt\/wp-json\/wp\/v2\/product_brand?post=251523"},{"taxonomy":"product_cat","embeddable":true,"href":"https:\/\/baldumarket.lt\/lt\/wp-json\/wp\/v2\/product_cat?post=251523"},{"taxonomy":"product_tag","embeddable":true,"href":"https:\/\/baldumarket.lt\/lt\/wp-json\/wp\/v2\/product_tag?post=251523"}],"curies":[{"name":"wp","href":"https:\/\/api.w.org\/{rel}","templated":true}]}}