{"id":251518,"date":"2026-01-10T18:15:29","date_gmt":"2026-01-10T15:15:29","guid":{"rendered":"https:\/\/baldumarket.lt\/product\/polka-drewniana-cozy-cz-08-do-szafy-cz-01-dab-olejowany\/"},"modified":"2026-02-11T18:31:51","modified_gmt":"2026-02-11T15:31:51","slug":"polka-drewniana-cozy-cz-08-do-szafy-cz-01-dab-olejowany","status":"publish","type":"product","link":"https:\/\/baldumarket.lt\/lt\/product\/polka-drewniana-cozy-cz-08-do-szafy-cz-01-dab-olejowany\/","title":{"rendered":"COZY CZ-08 medin\u0117 lentyna CZ-01 spintai | Alyvuotas \u0105\u017euolas"},"content":{"rendered":"<p>Kolekcija: JAUKUS<br \/>\nModelis: CZ-08<br \/>\nSpalva: Alyvuotas \u0105\u017euolas<br \/>\nMatmenys: Plotis: 105 cm<br \/>\nAuk\u0161tis: 2 cm<br \/>\nGylis: 54 cm<br \/>\nPagrindin\u0117 informacija: R\u0117mo indeksas: CZ8DO<br \/>\nK\u016bno svoris: 17 kg<br \/>\nSurinkimas: Reikalingas surinkimas<br \/>\nMed\u017eiaga: R\u0117mas: 22 mm laminuota med\u017eio dro\u017eli\u0173 plok\u0161t\u0117<br \/>\nR\u0117mo kra\u0161to apdaila: 0,45 mm<br \/>\nR\u0117mo spalva: Alyvuotas \u0105\u017euolas<br \/>\nSpeciali lentyna COZY CZ-01 spintai: COZY CZ-01 keturi\u0173 dur\u0173 spinta su veidrod\u017eiu<\/p>","protected":false},"excerpt":{"rendered":"<p>Kolekcija: COZY Modelis: CZ-08 Spalva: Alyvuotas \u0105\u017euolas Matmenys: Plotis: 105 cm Auk\u0161tis: 2 cm Gylis: 54 cm Pagrindin\u0117 informacija: R\u0117mo indeksas: CZ8DO Korpuso svoris: 17 kg Surinkimas: Reikalingas surinkimas Med\u017eiaga: R\u0117mas: 22 mm laminuota med\u017eio dro\u017eli\u0173 plok\u0161t\u0117 R\u0117mo kra\u0161to apdaila: 0,45 mm R\u0117mo spalva: Alyvuotas \u0105\u017euolas Speciali lentyna COZY CZ-01 spintai: COZY CZ-01 keturi\u0173 dur\u0173 spinta [\u2026]<\/p>","protected":false},"featured_media":251519,"comment_status":"open","ping_status":"open","template":"","meta":[],"product_brand":[],"product_cat":[9266,1174,2454],"product_tag":[],"class_list":{"0":"post-251518","1":"product","2":"type-product","3":"status-publish","4":"has-post-thumbnail","6":"product_cat-furniture-system-cozy-lenart","7":"product_cat-hanging-shelves","8":"product_cat-lenart","10":"first","11":"instock","12":"purchasable","13":"product-type-simple"},"_links":{"self":[{"href":"https:\/\/baldumarket.lt\/lt\/wp-json\/wp\/v2\/product\/251518","targetHints":{"allow":["GET"]}}],"collection":[{"href":"https:\/\/baldumarket.lt\/lt\/wp-json\/wp\/v2\/product"}],"about":[{"href":"https:\/\/baldumarket.lt\/lt\/wp-json\/wp\/v2\/types\/product"}],"replies":[{"embeddable":true,"href":"https:\/\/baldumarket.lt\/lt\/wp-json\/wp\/v2\/comments?post=251518"}],"wp:featuredmedia":[{"embeddable":true,"href":"https:\/\/baldumarket.lt\/lt\/wp-json\/wp\/v2\/media\/251519"}],"wp:attachment":[{"href":"https:\/\/baldumarket.lt\/lt\/wp-json\/wp\/v2\/media?parent=251518"}],"wp:term":[{"taxonomy":"product_brand","embeddable":true,"href":"https:\/\/baldumarket.lt\/lt\/wp-json\/wp\/v2\/product_brand?post=251518"},{"taxonomy":"product_cat","embeddable":true,"href":"https:\/\/baldumarket.lt\/lt\/wp-json\/wp\/v2\/product_cat?post=251518"},{"taxonomy":"product_tag","embeddable":true,"href":"https:\/\/baldumarket.lt\/lt\/wp-json\/wp\/v2\/product_tag?post=251518"}],"curies":[{"name":"wp","href":"https:\/\/api.w.org\/{rel}","templated":true}]}}