{"id":251510,"date":"2026-01-10T18:15:26","date_gmt":"2026-01-10T15:15:26","guid":{"rendered":"https:\/\/baldumarket.lt\/product\/stolik-nocny-gris-gs-05-oswietlenie-led-szary-czarny\/"},"modified":"2026-02-11T18:31:51","modified_gmt":"2026-02-11T15:31:51","slug":"stolik-nocny-gris-gs-05-oswietlenie-led-szary-czarny","status":"publish","type":"product","link":"https:\/\/baldumarket.lt\/lt\/product\/stolik-nocny-gris-gs-05-oswietlenie-led-szary-czarny\/","title":{"rendered":"GRIS GS-05 naktinis staliukas | LED ap\u0161vietimas | pilka + juoda"},"content":{"rendered":"<p>Kolekcija: GRIS<br \/>\nModelis: GS-05<br \/>\nSpalva: pilka \/ juoda<br \/>\nMatmenys: Plotis: 40 cm<br \/>\nAuk\u0161tis: 40 cm<br \/>\nGylis: 40 cm<br \/>\nPagrindin\u0117 informacija: K\u0117bulo indeksas: GS5SC<br \/>\nK\u0117bulo charakteristikos: 1S<br \/>\nK\u016bno svoris: 10 kg<br \/>\nSurinkimas: Reikalingas surinkimas<br \/>\n\u012eranga: 1x ap\u0161vietimas<br \/>\nStal\u010di\u0173 skai\u010dius: 1<br \/>\nJungtys: Rankena: Metalin\u0117<br \/>\nStal\u010diaus b\u0117gelis: Rutulinis guolis<br \/>\nP\u0117da\/koja: Slysti<br \/>\nAp\u0161vietimas \u012ftrauktas: Taip<br \/>\nAp\u0161vietimo tipas: LED juostel\u0117<br \/>\nEnergijos klas\u0117: A++<br \/>\nMed\u017eiaga: Korpusas: Laminuota med\u017eio dro\u017eli\u0173 plok\u0161t\u0117: 16 mm<br \/>\nKorpuso kra\u0161to apdaila: 0,45 mm; 1,00 mm<br \/>\nKorpuso spalva: pilka \/ juoda<br \/>\nVir\u0161us: laminuota med\u017eio dro\u017eli\u0173 plok\u0161t\u0117; 16 mm<br \/>\nVir\u0161utin\u0117s plok\u0161t\u0117s kra\u0161to apdaila: 1,00 mm<br \/>\nFaneruot\u0173 vir\u0161utini\u0173 briaun\u0173 skai\u010dius: 4<br \/>\nVir\u0161utin\u0117s plok\u0161t\u0117s spalva: pilka<br \/>\nGalin\u0117 sienel\u0117: laminuota med\u017eio dro\u017eli\u0173 plok\u0161t\u0117; 16 mm<br \/>\nPriekin\u0117 plok\u0161t\u0117: laminuota med\u017eio dro\u017eli\u0173 plok\u0161t\u0117; 16 mm<br \/>\nPriekinio skydelio kra\u0161to apdaila: 1,00 mm<br \/>\nPriekinio skydelio spalva: pilka<br \/>\nStal\u010diaus vidin\u0117 apdaila: juoda juostel\u0117<br \/>\nStal\u010diaus dugnas: HDF plok\u0161t\u0117; 3 mm<\/p>","protected":false},"excerpt":{"rendered":"<p>Kolekcija: GRIS Modelis: GS-05 Spalva: Pilka \/ Juoda Matmenys: Plotis: 40 cm Auk\u0161tis: 40 cm Gylis: 40 cm Pagrindin\u0117 informacija: Korpuso indeksas: GS5SC Korpuso charakteristikos: 1S Korpuso svoris: 10 kg Surinkimas: Reikalingas surinkimas \u012eranga: 1x ap\u0161vietimas Stal\u010di\u0173 skai\u010dius: 1 Jungtys: Rankena: Metalin\u0117 Stal\u010diaus b\u0117gelis: Rutulinis guolis Kojel\u0117\/koja: Slystantis Ap\u0161vietimas \u012ftrauktas: Taip Ap\u0161vietimo tipas: [\u2026]<\/p>","protected":false},"featured_media":251511,"comment_status":"open","ping_status":"open","template":"","meta":[],"product_brand":[],"product_cat":[9270,1176,2454],"product_tag":[],"class_list":{"0":"post-251510","1":"product","2":"type-product","3":"status-publish","4":"has-post-thumbnail","6":"product_cat-furniture-system-gris-lenart","7":"product_cat-bedside-tables","8":"product_cat-lenart","10":"first","11":"instock","12":"purchasable","13":"product-type-simple"},"_links":{"self":[{"href":"https:\/\/baldumarket.lt\/lt\/wp-json\/wp\/v2\/product\/251510","targetHints":{"allow":["GET"]}}],"collection":[{"href":"https:\/\/baldumarket.lt\/lt\/wp-json\/wp\/v2\/product"}],"about":[{"href":"https:\/\/baldumarket.lt\/lt\/wp-json\/wp\/v2\/types\/product"}],"replies":[{"embeddable":true,"href":"https:\/\/baldumarket.lt\/lt\/wp-json\/wp\/v2\/comments?post=251510"}],"wp:featuredmedia":[{"embeddable":true,"href":"https:\/\/baldumarket.lt\/lt\/wp-json\/wp\/v2\/media\/251511"}],"wp:attachment":[{"href":"https:\/\/baldumarket.lt\/lt\/wp-json\/wp\/v2\/media?parent=251510"}],"wp:term":[{"taxonomy":"product_brand","embeddable":true,"href":"https:\/\/baldumarket.lt\/lt\/wp-json\/wp\/v2\/product_brand?post=251510"},{"taxonomy":"product_cat","embeddable":true,"href":"https:\/\/baldumarket.lt\/lt\/wp-json\/wp\/v2\/product_cat?post=251510"},{"taxonomy":"product_tag","embeddable":true,"href":"https:\/\/baldumarket.lt\/lt\/wp-json\/wp\/v2\/product_tag?post=251510"}],"curies":[{"name":"wp","href":"https:\/\/api.w.org\/{rel}","templated":true}]}}