{"id":251502,"date":"2026-01-10T18:15:23","date_gmt":"2026-01-10T15:15:23","guid":{"rendered":"https:\/\/baldumarket.lt\/product\/regal-z-szuflada-harmony-hr-02-kaszmir-truflowy\/"},"modified":"2026-02-11T18:31:51","modified_gmt":"2026-02-11T15:31:51","slug":"regal-z-szuflada-harmony-hr-02-kaszmir-truflowy","status":"publish","type":"product","link":"https:\/\/baldumarket.lt\/lt\/product\/regal-z-szuflada-harmony-hr-02-kaszmir-truflowy\/","title":{"rendered":"HARMONY HR-02 knyg\u0173 lentyna su stal\u010diumi | Ka\u0161myras ir triufeliai"},"content":{"rendered":"<p>Kolekcija: HARMONIJA<br \/>\nModelis: HR-02<br \/>\nSpalva: Ka\u0161myro \/ Triufeli\u0173<br \/>\nMatmenys: Plotis: 89 cm<br \/>\n\u016agis: 159 cm<br \/>\nGylis: 40 cm<br \/>\nPagrindin\u0117 informacija: K\u016bno indeksas: HR2KT<br \/>\nK\u0117bulo charakteristikos: 1S<br \/>\nK\u016bno svoris: 49,5 kg<br \/>\nSurinkimas: Reikalingas surinkimas<br \/>\n\u012eranga: 4 lentynos<br \/>\nStal\u010di\u0173 skai\u010dius: 1<br \/>\nJungtys: Rankena: PVC<br \/>\nStal\u010diaus b\u0117gelis: Rutulinis guolis<br \/>\nP\u0117da\/koja: metalas<br \/>\nMed\u017eiaga: Korpusas: Laminuota med\u017eio dro\u017eli\u0173 plok\u0161t\u0117: 16 mm<br \/>\nKorpuso kra\u0161to apdaila: 0,45 mm<br \/>\nKorpuso spalva: Ka\u0161myro \/ Triufeli\u0173<br \/>\nGalin\u0117 siena: laminuota med\u017eio dro\u017eli\u0173 plok\u0161t\u0117; 16 mm<br \/>\nMatomos galin\u0117s plok\u0161t\u0117s apdaila: laminatas<br \/>\nNematoma galin\u0117s sienel\u0117s apdaila: ka\u0161myras<br \/>\nGalin\u0117s panel\u0117s spalva: ka\u0161myras<br \/>\nLentyna: laminuota med\u017eio dro\u017eli\u0173 plok\u0161t\u0117; 16 mm<br \/>\nLentynos kra\u0161to apdaila: 0,45 mm<br \/>\nKlijuot\u0173 lentyn\u0173 kra\u0161t\u0173 skai\u010dius: 1<br \/>\nLeistina lentyn\u0173 apkrova: 5 kg<br \/>\nLentynos spalva: ka\u0161myras<br \/>\nLentyn\u0173 skai\u010dius: 3<br \/>\nPriekin\u0117 dalis: laminuota med\u017eio dro\u017eli\u0173 plok\u0161t\u0117; 16 mm<br \/>\nPriekinio kra\u0161to apdaila: 0,45 mm<br \/>\nPriekin\u0117 spalva: ka\u0161myras<br \/>\nStal\u010diaus vidin\u0117 apdaila: balta juostel\u0117<br \/>\nStal\u010diaus dugnas: HDF; 3 mm<\/p>","protected":false},"excerpt":{"rendered":"<p>Kolekcija: HARMONY Modelis: HR-02 Spalva: Ka\u0161myro \/ Triufeli\u0173 Matmenys: Plotis: 89 cm Auk\u0161tis: 159 cm Gylis: 40 cm Pagrindin\u0117 informacija: Korpuso indeksas: HR2KT Korpuso charakteristikos: 1S Korpuso svoris: 49,5 kg Surinkimas: Reikalingas surinkimas \u012eranga: 4 x lentynos Stal\u010di\u0173 skai\u010dius: 1 Furnit\u016bra: Rankena: PVC Stal\u010diaus b\u0117gelis: Rutulinis guolis Kojel\u0117\/koja: Metalas Med\u017eiaga: Korpusas: Laminuota med\u017eio dro\u017eli\u0173 plok\u0161t\u0117: [\u2026]<\/p>","protected":false},"featured_media":251503,"comment_status":"open","ping_status":"open","template":"","meta":[],"product_brand":[],"product_cat":[9257,2454,1987],"product_tag":[],"class_list":{"0":"post-251502","1":"product","2":"type-product","3":"status-publish","4":"has-post-thumbnail","6":"product_cat-furniture-system-harmony-lenart","7":"product_cat-lenart","8":"product_cat-shelving-units","10":"first","11":"instock","12":"purchasable","13":"product-type-simple"},"_links":{"self":[{"href":"https:\/\/baldumarket.lt\/lt\/wp-json\/wp\/v2\/product\/251502","targetHints":{"allow":["GET"]}}],"collection":[{"href":"https:\/\/baldumarket.lt\/lt\/wp-json\/wp\/v2\/product"}],"about":[{"href":"https:\/\/baldumarket.lt\/lt\/wp-json\/wp\/v2\/types\/product"}],"replies":[{"embeddable":true,"href":"https:\/\/baldumarket.lt\/lt\/wp-json\/wp\/v2\/comments?post=251502"}],"wp:featuredmedia":[{"embeddable":true,"href":"https:\/\/baldumarket.lt\/lt\/wp-json\/wp\/v2\/media\/251503"}],"wp:attachment":[{"href":"https:\/\/baldumarket.lt\/lt\/wp-json\/wp\/v2\/media?parent=251502"}],"wp:term":[{"taxonomy":"product_brand","embeddable":true,"href":"https:\/\/baldumarket.lt\/lt\/wp-json\/wp\/v2\/product_brand?post=251502"},{"taxonomy":"product_cat","embeddable":true,"href":"https:\/\/baldumarket.lt\/lt\/wp-json\/wp\/v2\/product_cat?post=251502"},{"taxonomy":"product_tag","embeddable":true,"href":"https:\/\/baldumarket.lt\/lt\/wp-json\/wp\/v2\/product_tag?post=251502"}],"curies":[{"name":"wp","href":"https:\/\/api.w.org\/{rel}","templated":true}]}}