{"id":251494,"date":"2026-01-10T18:15:19","date_gmt":"2026-01-10T15:15:19","guid":{"rendered":"https:\/\/baldumarket.lt\/product\/biurko-mlodziezowe-harmony-hr-03-kaszmir-truflowy\/"},"modified":"2026-02-11T18:31:51","modified_gmt":"2026-02-11T15:31:51","slug":"biurko-mlodziezowe-harmony-hr-03-kaszmir-truflowy","status":"publish","type":"product","link":"https:\/\/baldumarket.lt\/lt\/product\/biurko-mlodziezowe-harmony-hr-03-kaszmir-truflowy\/","title":{"rendered":"HARMONY HR-03 jaunimo ra\u0161omasis stalas | Ka\u0161myras ir triufeliai"},"content":{"rendered":"<p>Kolekcija: HARMONIJA<br \/>\nModelis: HR-03<br \/>\nSpalva: Ka\u0161myro \/ Triufeli\u0173<br \/>\nMatmenys: Plotis: 122 cm<br \/>\nAuk\u0161tis: 97 cm<br \/>\nGylis: 50 cm<br \/>\nPagrindin\u0117 informacija: K\u016bno indeksas: HR3KT<br \/>\nK\u0117bulo charakteristikos: 2S<br \/>\nK\u016bno svoris: 37,5 kg<br \/>\nSurinkimas: Reikalingas surinkimas<br \/>\nStal\u010di\u0173 skai\u010dius: 2<br \/>\nJungtys: Rankena: PVC<br \/>\nStal\u010diaus kreiptuvas: Rutulinis guolis<br \/>\nP\u0117da\/koja: metalas<br \/>\nMed\u017eiaga: Korpusas: Laminuota med\u017eio dro\u017eli\u0173 plok\u0161t\u0117: 16 mm<br \/>\nKorpuso kra\u0161to apdaila: 0,45 mm<br \/>\nKorpuso spalva: Ka\u0161myro \/ Triufeli\u0173<br \/>\nVir\u0161us: laminuota med\u017eio dro\u017eli\u0173 plok\u0161t\u0117; 16 mm<br \/>\nVir\u0161utinio kra\u0161to apdaila: 0,45 mm<br \/>\nVir\u0161utin\u0117 spalva: Ka\u0161myras<br \/>\nPriekin\u0117 dalis: laminuota med\u017eio dro\u017eli\u0173 plok\u0161t\u0117; 16 mm<br \/>\nPriekinio kra\u0161to apdaila: 0,45 mm<br \/>\nPriekin\u0117 spalva: ka\u0161myras<br \/>\nStal\u010diaus vidin\u0117 apdaila: balta juostel\u0117<br \/>\nStal\u010diaus dugnas: HDF plok\u0161t\u0117; 3 mm<\/p>","protected":false},"excerpt":{"rendered":"<p>Kolekcija: HARMONY Modelis: HR-03 Spalva: Ka\u0161myro \/ Triufeli\u0173 Matmenys: Plotis: 122 cm Auk\u0161tis: 97 cm Gylis: 50 cm Pagrindin\u0117 informacija: Korpuso indeksas: HR3KT Korpuso charakteristikos: 2S Korpuso svoris: 37,5 kg Surinkimas: Reikalingas surinkimas Stal\u010di\u0173 skai\u010dius: 2 Tvirtinimo detal\u0117s: Rankena: PVC Stal\u010diaus b\u0117gelis: Rutulinis guolis Kojel\u0117\/koja: Metalin\u0117 Med\u017eiaga: Korpusas: Laminuota med\u017eio dro\u017eli\u0173 plok\u0161t\u0117: 16 mm Korpuso kra\u0161to apdaila: 0,45 mm [\u2026]<\/p>","protected":false},"featured_media":251495,"comment_status":"open","ping_status":"open","template":"","meta":[],"product_brand":[],"product_cat":[9257,1312,2454],"product_tag":[],"class_list":{"0":"post-251494","1":"product","2":"type-product","3":"status-publish","4":"has-post-thumbnail","6":"product_cat-furniture-system-harmony-lenart","7":"product_cat-desks","8":"product_cat-lenart","10":"first","11":"instock","12":"purchasable","13":"product-type-simple"},"_links":{"self":[{"href":"https:\/\/baldumarket.lt\/lt\/wp-json\/wp\/v2\/product\/251494","targetHints":{"allow":["GET"]}}],"collection":[{"href":"https:\/\/baldumarket.lt\/lt\/wp-json\/wp\/v2\/product"}],"about":[{"href":"https:\/\/baldumarket.lt\/lt\/wp-json\/wp\/v2\/types\/product"}],"replies":[{"embeddable":true,"href":"https:\/\/baldumarket.lt\/lt\/wp-json\/wp\/v2\/comments?post=251494"}],"wp:featuredmedia":[{"embeddable":true,"href":"https:\/\/baldumarket.lt\/lt\/wp-json\/wp\/v2\/media\/251495"}],"wp:attachment":[{"href":"https:\/\/baldumarket.lt\/lt\/wp-json\/wp\/v2\/media?parent=251494"}],"wp:term":[{"taxonomy":"product_brand","embeddable":true,"href":"https:\/\/baldumarket.lt\/lt\/wp-json\/wp\/v2\/product_brand?post=251494"},{"taxonomy":"product_cat","embeddable":true,"href":"https:\/\/baldumarket.lt\/lt\/wp-json\/wp\/v2\/product_cat?post=251494"},{"taxonomy":"product_tag","embeddable":true,"href":"https:\/\/baldumarket.lt\/lt\/wp-json\/wp\/v2\/product_tag?post=251494"}],"curies":[{"name":"wp","href":"https:\/\/api.w.org\/{rel}","templated":true}]}}