{"id":251470,"date":"2026-01-10T18:15:08","date_gmt":"2026-01-10T15:15:08","guid":{"rendered":"https:\/\/baldumarket.lt\/product\/komoda-cozy-cz-04-136cm-dab-olejowany\/"},"modified":"2026-02-11T18:31:52","modified_gmt":"2026-02-11T15:31:52","slug":"komoda-cozy-cz-04-136cm-dab-olejowany","status":"publish","type":"product","link":"https:\/\/baldumarket.lt\/lt\/product\/komoda-cozy-cz-04-136cm-dab-olejowany\/","title":{"rendered":"COZY komoda CZ-04 | 136 cm | Alyvuotas \u0105\u017euolas"},"content":{"rendered":"<p>Kolekcija: JAUKUS<br \/>\nModelis: CZ-04<br \/>\nSpalva: Alyvuotas \u0105\u017euolas<br \/>\nMatmenys: Plotis: 136 cm<br \/>\nAuk\u0161tis: 91 cm<br \/>\nGylis: 45 cm<br \/>\nPagrindin\u0117 informacija: K\u0117bulo indeksas: CZ4DO<br \/>\nK\u0117bulo charakteristikos: 3S1D<br \/>\nK\u016bno svoris: 54,5 kg<br \/>\nSurinkimas: Reikalingas surinkimas<br \/>\n\u012eranga: 2 lentynos<br \/>\nStal\u010di\u0173 skai\u010dius: 3<br \/>\nDur\u0173 skai\u010dius: 1<br \/>\nJungtys: Vyris: Pasl\u0117ptas \u0161velnaus u\u017edarymo mechanizmas<br \/>\nRankena: metalin\u0117<br \/>\nStal\u010diaus b\u0117gelis: rutulinis guolis<br \/>\nP\u0117da\/koja: Slankiklis<br \/>\nMed\u017eiaga: Korpusas: Laminuota med\u017eio dro\u017eli\u0173 plok\u0161t\u0117: 16 mm; 22 mm<br \/>\nKorpuso kra\u0161to apdaila: 0,45 mm; 1,00 mm<br \/>\nKorpuso spalva: Alyvuotas \u0105\u017euolas<br \/>\nVir\u0161us: laminuota med\u017eio dro\u017eli\u0173 plok\u0161t\u0117; 16 mm<br \/>\nVir\u0161utin\u0117s plok\u0161t\u0117s kra\u0161to apdaila: 1,00 mm<br \/>\nFaneruot\u0173 vir\u0161utini\u0173 briaun\u0173 skai\u010dius: 4<br \/>\nVir\u0161utin\u0117s lentos spalva: alyvuotas \u0105\u017euolas<br \/>\nGalin\u0117 siena: HDF plok\u0161t\u0117; 3 mm<br \/>\nMatomos galin\u0117s sienos apdaila: laminatas<br \/>\nNematoma galin\u0117s sienel\u0117s apdaila: neapdorota<br \/>\nTvirtinimas prie galin\u0117s sienos: nuta<br \/>\nGalin\u0117s sienos spalva: juoda<br \/>\nLentyna: laminuota med\u017eio dro\u017eli\u0173 plok\u0161t\u0117; 16 mm<br \/>\nLentynos kra\u0161to apdaila: 0,45 mm<br \/>\nFaneruot\u0173 lentyn\u0173 kra\u0161t\u0173 skai\u010dius: 1<br \/>\nLeistina lentyn\u0173 apkrova: 5 kg<br \/>\nLentynos spalva: alyvuotas \u0105\u017euolas<br \/>\nLentyn\u0173 skai\u010dius: 1<br \/>\nPriekin\u0117 dalis: laminuota med\u017eio dro\u017eli\u0173 plok\u0161t\u0117; 16 mm<br \/>\nPriekinio kra\u0161to apdaila: 1,00 mm<br \/>\nPriekin\u0117s dalies spalva: alyvuotas \u0105\u017euolas<br \/>\nStal\u010diaus vidin\u0117 apdaila: juoda juostel\u0117<br \/>\nStal\u010diaus dugnas: HDF plok\u0161t\u0117; 3 mm<\/p>","protected":false},"excerpt":{"rendered":"<p>Kolekcija: COZY Modelis: CZ-04 Spalva: Alyvuotas \u0105\u017euolas Matmenys: Plotis: 136 cm Auk\u0161tis: 91 cm Gylis: 45 cm Pagrindin\u0117 informacija: Korpuso indeksas: CZ4DO Korpuso charakteristikos: 3S1D Korpuso svoris: 54,5 kg Surinkimas: Reikalingas surinkimas \u012eranga: 2 x lentynos Stal\u010di\u0173 skai\u010dius: 3 Dur\u0173 skai\u010dius: 1 Furnit\u016bra: Vyris: Pasl\u0117ptas \u0161velnaus u\u017edarymo mechanizmas Rankena: Metalin\u0117 Stal\u010diaus b\u0117gelis: Rutulinis guolis Kojel\u0117\/kojel\u0117: [\u2026]<\/p>","protected":false},"featured_media":251471,"comment_status":"open","ping_status":"open","template":"","meta":[],"product_brand":[],"product_cat":[9266,1173,2454],"product_tag":[],"class_list":{"0":"post-251470","1":"product","2":"type-product","3":"status-publish","4":"has-post-thumbnail","6":"product_cat-furniture-system-cozy-lenart","7":"product_cat-chests-of-drawers","8":"product_cat-lenart","10":"first","11":"instock","12":"purchasable","13":"product-type-simple"},"_links":{"self":[{"href":"https:\/\/baldumarket.lt\/lt\/wp-json\/wp\/v2\/product\/251470","targetHints":{"allow":["GET"]}}],"collection":[{"href":"https:\/\/baldumarket.lt\/lt\/wp-json\/wp\/v2\/product"}],"about":[{"href":"https:\/\/baldumarket.lt\/lt\/wp-json\/wp\/v2\/types\/product"}],"replies":[{"embeddable":true,"href":"https:\/\/baldumarket.lt\/lt\/wp-json\/wp\/v2\/comments?post=251470"}],"wp:featuredmedia":[{"embeddable":true,"href":"https:\/\/baldumarket.lt\/lt\/wp-json\/wp\/v2\/media\/251471"}],"wp:attachment":[{"href":"https:\/\/baldumarket.lt\/lt\/wp-json\/wp\/v2\/media?parent=251470"}],"wp:term":[{"taxonomy":"product_brand","embeddable":true,"href":"https:\/\/baldumarket.lt\/lt\/wp-json\/wp\/v2\/product_brand?post=251470"},{"taxonomy":"product_cat","embeddable":true,"href":"https:\/\/baldumarket.lt\/lt\/wp-json\/wp\/v2\/product_cat?post=251470"},{"taxonomy":"product_tag","embeddable":true,"href":"https:\/\/baldumarket.lt\/lt\/wp-json\/wp\/v2\/product_tag?post=251470"}],"curies":[{"name":"wp","href":"https:\/\/api.w.org\/{rel}","templated":true}]}}