{"id":251454,"date":"2026-01-10T18:15:00","date_gmt":"2026-01-10T15:15:00","guid":{"rendered":"https:\/\/baldumarket.lt\/product\/komoda-mlodziezowa-harmony-hr-06-130cm-kaszmir-truflowy\/"},"modified":"2026-02-11T18:31:52","modified_gmt":"2026-02-11T15:31:52","slug":"komoda-mlodziezowa-harmony-hr-06-130cm-kaszmir-truflowy","status":"publish","type":"product","link":"https:\/\/baldumarket.lt\/lt\/product\/komoda-mlodziezowa-harmony-hr-06-130cm-kaszmir-truflowy\/","title":{"rendered":"HARMONY HR-06 jaunimo komoda | 130 cm | Ka\u0161myras + triufeliai"},"content":{"rendered":"<p>Kolekcija: HARMONIJA<br \/>\nModelis: HR-06<br \/>\nSpalva: Ka\u0161myro \/ Triufeli\u0173<br \/>\nMatmenys: Plotis: 130 cm<br \/>\nAuk\u0161tis: 86 cm<br \/>\nGylis: 40 cm<br \/>\nPagrindin\u0117 informacija: Modelio numeris: HR6KT<br \/>\nSvoris: 52 kg<br \/>\nSurinkimas: Reikalingas surinkimas<br \/>\n\u012eranga: 6 lentynos<br \/>\nStal\u010di\u0173 skai\u010dius: 3<br \/>\nDur\u0173 skai\u010dius: 3<br \/>\nJungiamoji dalis: Pasl\u0117ptas vyris<br \/>\nRankena: PVC<br \/>\nStal\u010diaus b\u0117gelis: rutulinis guolis<br \/>\nP\u0117da\/koja: metalin\u0117 koja<br \/>\nMed\u017eiaga: Korpusas: Laminuota med\u017eio dro\u017eli\u0173 plok\u0161t\u0117: 16 mm<br \/>\nKorpuso kra\u0161to apdaila: 0,45 mm<br \/>\nKorpuso spalva: Ka\u0161myro \/ Triufeli\u0173<br \/>\nVir\u0161us: laminuota med\u017eio dro\u017eli\u0173 plok\u0161t\u0117; 16 mm<br \/>\nVir\u0161utin\u0117s plok\u0161t\u0117s kra\u0161to apdaila: 0,45 mm<br \/>\nKlijuot\u0173 kra\u0161t\u0173 skai\u010dius: 4<br \/>\nVir\u0161utin\u0117s lentos spalva: ka\u0161myras<br \/>\nGalin\u0117 siena: HDF plok\u0161t\u0117; 3 mm<br \/>\nMatomos galin\u0117s sienos apdaila: laminatas<br \/>\nNematoma galin\u0117s sienel\u0117s apdaila: neapdorota<br \/>\nTvirtinimas prie galin\u0117s sienos: nuta<br \/>\nGalin\u0117s sienos spalva: balta<br \/>\nLentyna: laminuota med\u017eio dro\u017eli\u0173 plok\u0161t\u0117; 16 mm<br \/>\nLentynos kra\u0161to apdaila: 0,45 mm<br \/>\nKlijuot\u0173 kra\u0161t\u0173 skai\u010dius: 1<br \/>\nLentynos apkrova: 5 kg<br \/>\nLentynos spalva: ka\u0161myras<br \/>\nLentyn\u0173 skai\u010dius: 3<br \/>\nPriekin\u0117 dalis: laminuota med\u017eio dro\u017eli\u0173 plok\u0161t\u0117; 16 mm<br \/>\nPriekinio kra\u0161to apdaila: 0,45 mm<br \/>\nPriekin\u0117 spalva: ka\u0161myras<br \/>\nStal\u010diaus vidin\u0117 apdaila: balta juostel\u0117<br \/>\nStal\u010diaus dugnas: HDF plok\u0161t\u0117; 3 mm<\/p>","protected":false},"excerpt":{"rendered":"<p>Kolekcija: HARMONY Modelis: HR-06 Spalva: Ka\u0161myro \/ Triufeli\u0173 Matmenys: Plotis: 130 cm Auk\u0161tis: 86 cm Gylis: 40 cm Pagrindin\u0117 informacija: Modelio numeris: HR6KT Svoris: 52 kg Surinkimas: Reikalingas surinkimas \u012eranga: 6 x lentynos Stal\u010di\u0173 skai\u010dius: 3 Dur\u0173 skai\u010dius: 3 Furnit\u016bra: Vyris: Pasl\u0117ptas Rankena: PVC Stal\u010diaus b\u0117gelis: Rutulinis guolis Kojel\u0117\/koja: Metalin\u0117 koja Med\u017eiaga: Korpusas: [\u2026]<\/p>","protected":false},"featured_media":251455,"comment_status":"open","ping_status":"open","template":"","meta":[],"product_brand":[],"product_cat":[9257,1173,2454],"product_tag":[],"class_list":{"0":"post-251454","1":"product","2":"type-product","3":"status-publish","4":"has-post-thumbnail","6":"product_cat-furniture-system-harmony-lenart","7":"product_cat-chests-of-drawers","8":"product_cat-lenart","10":"first","11":"instock","12":"purchasable","13":"product-type-simple"},"_links":{"self":[{"href":"https:\/\/baldumarket.lt\/lt\/wp-json\/wp\/v2\/product\/251454","targetHints":{"allow":["GET"]}}],"collection":[{"href":"https:\/\/baldumarket.lt\/lt\/wp-json\/wp\/v2\/product"}],"about":[{"href":"https:\/\/baldumarket.lt\/lt\/wp-json\/wp\/v2\/types\/product"}],"replies":[{"embeddable":true,"href":"https:\/\/baldumarket.lt\/lt\/wp-json\/wp\/v2\/comments?post=251454"}],"wp:featuredmedia":[{"embeddable":true,"href":"https:\/\/baldumarket.lt\/lt\/wp-json\/wp\/v2\/media\/251455"}],"wp:attachment":[{"href":"https:\/\/baldumarket.lt\/lt\/wp-json\/wp\/v2\/media?parent=251454"}],"wp:term":[{"taxonomy":"product_brand","embeddable":true,"href":"https:\/\/baldumarket.lt\/lt\/wp-json\/wp\/v2\/product_brand?post=251454"},{"taxonomy":"product_cat","embeddable":true,"href":"https:\/\/baldumarket.lt\/lt\/wp-json\/wp\/v2\/product_cat?post=251454"},{"taxonomy":"product_tag","embeddable":true,"href":"https:\/\/baldumarket.lt\/lt\/wp-json\/wp\/v2\/product_tag?post=251454"}],"curies":[{"name":"wp","href":"https:\/\/api.w.org\/{rel}","templated":true}]}}