{"id":251446,"date":"2026-01-10T18:14:56","date_gmt":"2026-01-10T15:14:56","guid":{"rendered":"https:\/\/baldumarket.lt\/product\/szafa-przesuwna-idea-id-11-bialy\/"},"modified":"2026-02-11T18:31:52","modified_gmt":"2026-02-11T15:31:52","slug":"szafa-przesuwna-idea-id-11-bialy","status":"publish","type":"product","link":"https:\/\/baldumarket.lt\/lt\/product\/szafa-przesuwna-idea-id-11-bialy\/","title":{"rendered":"IDEA ID-11 stumdoma spinta, balta"},"content":{"rendered":"<p>Modelis: ID-11 Spalva: balta Matmenys: Plotis: 250 cm Auk\u0161tis: 215 cm Gylis: 60 cm Pagrindin\u0117 informacija: korpuso pavadinimas: ID-11 kolekcijos pavadinimas: IDEA korpuso indeksas: ID11BI spalva: balta bald\u0173 tipas: spinta korpuso charakteristikos: 3D plotis: 250 cm auk\u0161tis: 215 cm gylis: 60 cm korpuso svoris: 241 kg surinkimas: reikalingas surinkimas kolekcijos stilius: modernus interjeras 1 tipas: miegamojo interjeras 2 tipas: spintos \u012franga: 1x b\u0117gelis, 10x lentyna dureli\u0173 skai\u010dius: 3 furnit\u016bra: rankena: plastikin\u0117 spintos priekin\u0117 kreipian\u010dioji: aliuminis; apatinis ir vir\u0161utinis surinkimas koja \/ kojel\u0117: b\u0117gelis su vinimis \u012ftrauktas ap\u0161vietimas: pasirenkamas ap\u0161vietimo tipas: LED energijos klas\u0117: A++ Med\u017eiaga: korpusas: laminuota med\u017eio dro\u017eli\u0173 plok\u0161t\u0117; 16 mm korpusas kra\u0161to apdaila: A 0,45 mm korpuso spalva: balta vir\u0161us: laminuota med\u017eio dro\u017eli\u0173 plok\u0161t\u0117; 16 mm vir\u0161utin\u0117 spalva: balta galin\u0117 sienel\u0117: HDF plok\u0161t\u0117; 3 mm matomos galin\u0117s sienel\u0117s apdaila: laminatas nematomos galin\u0117s sienel\u0117s apdaila: laminatas galin\u0117s sienel\u0117s tvirtinimas: freza galin\u0117s sienel\u0117s spalva: balta lentyna: laminuota med\u017eio dro\u017eli\u0173 plok\u0161t\u0117; 16 mm lentynos kra\u0161to apdaila: A 0,45 mm klijuot\u0173 lentyn\u0173 kra\u0161t\u0173 skai\u010dius: 1 lentynos keliamoji galia: 5 kg lentynos spalva: balta lentyn\u0173 skai\u010dius: 10 priekis: laminuota med\u017eio dro\u017eli\u0173 plok\u0161t\u0117; 16 mm priekinio kra\u0161to apdaila: A 0,45 mm priekin\u0117s spalvos: balta veidrodis: veidrodis; 3 mm veidrod\u017eio spalva: balta Svarbu: \u0161i spinta gaminama pagal u\u017esakym\u0105. U\u017esakymo at\u0161aukti negalima pra\u0117jus 48 valandoms nuo u\u017esakymo pateikimo. Pra\u0161ome apsipirkti atid\u017eiai.<\/p>","protected":false},"excerpt":{"rendered":"<p>Modelis: ID-11 Spalva: balta Matmenys: Plotis: 250 cm Auk\u0161tis: 215 cm Gylis: 60 cm Pagrindin\u0117 informacija: korpuso pavadinimas: ID-11 kolekcijos pavadinimas: IDEA korpuso indeksas: ID11BI spalva: balta bald\u0173 tipas: spinta korpuso charakteristikos: 3D plotis: 250 cm auk\u0161tis: 215 cm gylis: 60 cm korpuso svoris: 241 kg surinkimas: reikalingas surinkimas kolekcijos stilius: modernus interjeras 1 tipas: miegamojo interjero tipas [\u2026]<\/p>","protected":false},"featured_media":251447,"comment_status":"open","ping_status":"open","template":"","meta":[],"product_brand":[],"product_cat":[9271,2454,1177],"product_tag":[],"class_list":{"0":"post-251446","1":"product","2":"type-product","3":"status-publish","4":"has-post-thumbnail","6":"product_cat-furniture-system-idea-lenart","7":"product_cat-lenart","8":"product_cat-wardrobes","10":"first","11":"instock","12":"purchasable","13":"product-type-simple"},"_links":{"self":[{"href":"https:\/\/baldumarket.lt\/lt\/wp-json\/wp\/v2\/product\/251446","targetHints":{"allow":["GET"]}}],"collection":[{"href":"https:\/\/baldumarket.lt\/lt\/wp-json\/wp\/v2\/product"}],"about":[{"href":"https:\/\/baldumarket.lt\/lt\/wp-json\/wp\/v2\/types\/product"}],"replies":[{"embeddable":true,"href":"https:\/\/baldumarket.lt\/lt\/wp-json\/wp\/v2\/comments?post=251446"}],"wp:featuredmedia":[{"embeddable":true,"href":"https:\/\/baldumarket.lt\/lt\/wp-json\/wp\/v2\/media\/251447"}],"wp:attachment":[{"href":"https:\/\/baldumarket.lt\/lt\/wp-json\/wp\/v2\/media?parent=251446"}],"wp:term":[{"taxonomy":"product_brand","embeddable":true,"href":"https:\/\/baldumarket.lt\/lt\/wp-json\/wp\/v2\/product_brand?post=251446"},{"taxonomy":"product_cat","embeddable":true,"href":"https:\/\/baldumarket.lt\/lt\/wp-json\/wp\/v2\/product_cat?post=251446"},{"taxonomy":"product_tag","embeddable":true,"href":"https:\/\/baldumarket.lt\/lt\/wp-json\/wp\/v2\/product_tag?post=251446"}],"curies":[{"name":"wp","href":"https:\/\/api.w.org\/{rel}","templated":true}]}}