{"id":251438,"date":"2026-01-10T18:14:52","date_gmt":"2026-01-10T15:14:52","guid":{"rendered":"https:\/\/baldumarket.lt\/product\/szafa-dwudrzwiowa-harmony-hr-01-kaszmir-truflowy\/"},"modified":"2026-02-11T18:31:52","modified_gmt":"2026-02-11T15:31:52","slug":"szafa-dwudrzwiowa-harmony-hr-01-kaszmir-truflowy","status":"publish","type":"product","link":"https:\/\/baldumarket.lt\/lt\/product\/szafa-dwudrzwiowa-harmony-hr-01-kaszmir-truflowy\/","title":{"rendered":"HARMONY HR-01 dviej\u0173 dur\u0173 spinta | Ka\u0161myras ir triufeliai"},"content":{"rendered":"<p>Kolekcija: HARMONIJA<br \/>\nModelis: HR-01<br \/>\nSpalva: Ka\u0161myro \/ Triufeli\u0173<br \/>\nMatmenys: Plotis: 92 cm<br \/>\n\u016agis: 201 cm<br \/>\nGylis: 50 cm<br \/>\nPagrindin\u0117 informacija: K\u016bno indeksas: HR1KT<br \/>\nK\u016bno charakteristikos: 2D<br \/>\nK\u016bno svoris: 82,5 kg<br \/>\nSurinkimas: reikalingas surinkimas<br \/>\n\u012eranga: 8 x lentynos, 1 x b\u0117gelis<br \/>\nDur\u0173 skai\u010dius: 2<br \/>\nJungtys: Vyris: pasl\u0117ptas<br \/>\nRankena: PVC<br \/>\nP\u0117da\/koja: metalas<br \/>\nMed\u017eiaga: Korpusas: laminuota med\u017eio dro\u017eli\u0173 plok\u0161t\u0117: 16 mm<br \/>\nKorpuso kra\u0161to apdaila: 0,45 mm<br \/>\nKorpuso spalva: ka\u0161myras \/ triufelis<br \/>\nVir\u0161us: laminuota med\u017eio dro\u017eli\u0173 plok\u0161t\u0117; 16 mm<br \/>\nVir\u0161utin\u0117s plok\u0161t\u0117s kra\u0161to apdaila: 0,45 mm<br \/>\nKlijuot\u0173 kra\u0161t\u0173 skai\u010dius: 4<br \/>\nVir\u0161utin\u0117s lentos spalva: ka\u0161myras<br \/>\nGalin\u0117 siena: HDF plok\u0161t\u0117; 3 mm<br \/>\nMatomos galin\u0117s sienos apdaila: laminatas<br \/>\nNematoma galin\u0117s sienel\u0117s apdaila: neapdorota<br \/>\nTvirtinimas prie galin\u0117s sienos: nuta<br \/>\nGalin\u0117s sienos spalva: balta<br \/>\nLentyna: laminuota med\u017eio dro\u017eli\u0173 plok\u0161t\u0117; 16 mm<br \/>\nLentynos kra\u0161to apdaila: 0,45 mm<br \/>\nKlijuot\u0173 kra\u0161t\u0173 skai\u010dius: 1<br \/>\nLentynos apkrova: 5 kg<br \/>\nLentynos spalva: ka\u0161myras<br \/>\nLentyn\u0173 skai\u010dius: 3<br \/>\nPriekin\u0117 dalis: laminuota med\u017eio dro\u017eli\u0173 plok\u0161t\u0117; 16 mm<br \/>\nPriekinio kra\u0161to apdaila: 0,45 mm<br \/>\nPriekin\u0117 spalva: ka\u0161myras<br \/>\nStal\u010diaus vidin\u0117 apdaila: balta juostel\u0117<br \/>\nStal\u010diaus dugnas: HDF plok\u0161t\u0117; 3 mm<\/p>","protected":false},"excerpt":{"rendered":"<p>Kolekcija: HARMONY Modelis: HR-01 Spalva: Ka\u0161myro \/ Triufeli\u0173 Matmenys: Plotis: 92 cm Auk\u0161tis: 201 cm Gylis: 50 cm Pagrindin\u0117 informacija: Korpuso indeksas: HR1KT Korpuso charakteristikos: 2D Korpuso svoris: 82,5 kg Surinkimas: reikalauja surinkimo \u012eranga: 8 x lentynos, 1 x b\u0117gelis Dur\u0173 skai\u010dius: 2 Furnit\u016bra: Vyris: pasl\u0117ptas Rankena: PVC Kojel\u0117\/kojel\u0117: metalin\u0117 Med\u017eiaga: Korpusas: laminuota med\u017eio dro\u017eli\u0173 plok\u0161t\u0117: [\u2026]<\/p>","protected":false},"featured_media":251439,"comment_status":"open","ping_status":"open","template":"","meta":[],"product_brand":[],"product_cat":[9257,2454,1177],"product_tag":[],"class_list":{"0":"post-251438","1":"product","2":"type-product","3":"status-publish","4":"has-post-thumbnail","6":"product_cat-furniture-system-harmony-lenart","7":"product_cat-lenart","8":"product_cat-wardrobes","10":"first","11":"instock","12":"purchasable","13":"product-type-simple"},"_links":{"self":[{"href":"https:\/\/baldumarket.lt\/lt\/wp-json\/wp\/v2\/product\/251438","targetHints":{"allow":["GET"]}}],"collection":[{"href":"https:\/\/baldumarket.lt\/lt\/wp-json\/wp\/v2\/product"}],"about":[{"href":"https:\/\/baldumarket.lt\/lt\/wp-json\/wp\/v2\/types\/product"}],"replies":[{"embeddable":true,"href":"https:\/\/baldumarket.lt\/lt\/wp-json\/wp\/v2\/comments?post=251438"}],"wp:featuredmedia":[{"embeddable":true,"href":"https:\/\/baldumarket.lt\/lt\/wp-json\/wp\/v2\/media\/251439"}],"wp:attachment":[{"href":"https:\/\/baldumarket.lt\/lt\/wp-json\/wp\/v2\/media?parent=251438"}],"wp:term":[{"taxonomy":"product_brand","embeddable":true,"href":"https:\/\/baldumarket.lt\/lt\/wp-json\/wp\/v2\/product_brand?post=251438"},{"taxonomy":"product_cat","embeddable":true,"href":"https:\/\/baldumarket.lt\/lt\/wp-json\/wp\/v2\/product_cat?post=251438"},{"taxonomy":"product_tag","embeddable":true,"href":"https:\/\/baldumarket.lt\/lt\/wp-json\/wp\/v2\/product_tag?post=251438"}],"curies":[{"name":"wp","href":"https:\/\/api.w.org\/{rel}","templated":true}]}}