{"id":251430,"date":"2026-01-10T18:14:48","date_gmt":"2026-01-10T15:14:48","guid":{"rendered":"https:\/\/baldumarket.lt\/product\/szafa-mlodziezowa-lenny-ly-01-dab-artisan-bez-truflowy\/"},"modified":"2026-02-11T18:31:52","modified_gmt":"2026-02-11T15:31:52","slug":"szafa-mlodziezowa-lenny-ly-01-dab-artisan-bez-truflowy","status":"publish","type":"product","link":"https:\/\/baldumarket.lt\/lt\/product\/szafa-mlodziezowa-lenny-ly-01-dab-artisan-bez-truflowy\/","title":{"rendered":"LENNY LY-01 jaunimo spinta | Artisan \u0105\u017euolas + sm\u0117lio spalva + triufeliai"},"content":{"rendered":"<p>Kolekcija: LENNY<br \/>\nModelis: LY-01<br \/>\nSpalva: Artisan Oak \/ Beige \/ Truffle<br \/>\nMatmenys: Plotis: 135 cm<br \/>\nAuk\u0161tis: 210 cm<br \/>\nGylis: 51 cm<br \/>\nPagrindin\u0117 informacija: K\u016bno indeksas: LY1ABT<br \/>\nK\u0117bulo charakteristikos: 3D3S<br \/>\nK\u016bno svoris: 128,5 kg<br \/>\nSurinkimas: Reikalingas surinkimas<br \/>\n\u012eranga: 8 x lentynos, 1 x b\u0117gelis<br \/>\nDur\u0173 skai\u010dius: 3<br \/>\nStal\u010di\u0173 skai\u010dius: 3<br \/>\nJungiamoji dalis: Pasl\u0117ptas vyris<br \/>\nRankena: PVC<br \/>\nStal\u010diaus b\u0117gelis: rutulinis guolis<br \/>\nP\u0117da\/koja: Slysti<br \/>\nMed\u017eiaga: Korpusas: Laminuota med\u017eio dro\u017eli\u0173 plok\u0161t\u0117: 16 mm<br \/>\nKorpuso kra\u0161to apdaila: 0,45 mm<br \/>\nKorpuso spalva: Artisan Oak \/ Beige \/ Truffle<br \/>\nVir\u0161us: laminuota med\u017eio dro\u017eli\u0173 plok\u0161t\u0117; 16 mm<br \/>\nVir\u0161utin\u0117s plok\u0161t\u0117s kra\u0161to apdaila: 0,45 mm<br \/>\nKlijuot\u0173 kra\u0161t\u0173 skai\u010dius: 4<br \/>\nVir\u0161utin\u0117s lentos spalva: sm\u0117lio spalvos<br \/>\nLenta: HDF plok\u0161t\u0117; 3 mm<br \/>\nMatoma krep\u0161elio apdaila: laminatas<br \/>\nNematoma lentos apdaila: neapdorota<br \/>\nLentel\u0117s tvirtinimas: \u201eNuta\u201c<br \/>\nLentel\u0117s spalva: Artisan \u0105\u017euolas<br \/>\nLentyna: laminuota med\u017eio dro\u017eli\u0173 plok\u0161t\u0117; 16 mm<br \/>\nLentynos kra\u0161to apdaila: 0,45 mm<br \/>\nKlijuot\u0173 kra\u0161t\u0173 skai\u010dius: 1<br \/>\nLentynos apkrova: 5 kg<br \/>\nLentynos spalva: sm\u0117lio spalvos<br \/>\nLentyn\u0173 skai\u010dius: 4<br \/>\nPriekin\u0117 dalis: laminuota med\u017eio dro\u017eli\u0173 plok\u0161t\u0117; 16 mm<br \/>\nPriekinio kra\u0161to apdaila: 1,70 mm<br \/>\nPriekin\u0117s dalies spalva: sm\u0117lio\/triufeli\u0173<br \/>\nStal\u010diaus vidin\u0117 apdaila: balta juostel\u0117<br \/>\nStal\u010diaus dugnas: HDF plok\u0161t\u0117; 3 mm<\/p>","protected":false},"excerpt":{"rendered":"<p>Kolekcija: LENNY Modelis: LY-01 Spalva: Artisan Oak \/ Beige \/ Truffle Matmenys: Plotis: 135 cm Auk\u0161tis: 210 cm Gylis: 51 cm Pagrindin\u0117 informacija: Korpuso indeksas: LY1ABT Korpuso charakteristikos: 3D3S Korpuso svoris: 128,5 kg Surinkimas: Reikalingas surinkimas \u012eranga: 8 x lentynos, 1 x b\u0117gelis Dur\u0173 skai\u010dius: 3 Stal\u010di\u0173 skai\u010dius: 3 Furnit\u016bra: Vyris: Pasl\u0117ptas Rankena: [\u2026]<\/p>","protected":false},"featured_media":251431,"comment_status":"open","ping_status":"open","template":"","meta":[],"product_brand":[],"product_cat":[9258,2454,1177],"product_tag":[],"class_list":{"0":"post-251430","1":"product","2":"type-product","3":"status-publish","4":"has-post-thumbnail","6":"product_cat-furniture-system-lenny-lenart","7":"product_cat-lenart","8":"product_cat-wardrobes","10":"first","11":"instock","12":"purchasable","13":"product-type-simple"},"_links":{"self":[{"href":"https:\/\/baldumarket.lt\/lt\/wp-json\/wp\/v2\/product\/251430","targetHints":{"allow":["GET"]}}],"collection":[{"href":"https:\/\/baldumarket.lt\/lt\/wp-json\/wp\/v2\/product"}],"about":[{"href":"https:\/\/baldumarket.lt\/lt\/wp-json\/wp\/v2\/types\/product"}],"replies":[{"embeddable":true,"href":"https:\/\/baldumarket.lt\/lt\/wp-json\/wp\/v2\/comments?post=251430"}],"wp:featuredmedia":[{"embeddable":true,"href":"https:\/\/baldumarket.lt\/lt\/wp-json\/wp\/v2\/media\/251431"}],"wp:attachment":[{"href":"https:\/\/baldumarket.lt\/lt\/wp-json\/wp\/v2\/media?parent=251430"}],"wp:term":[{"taxonomy":"product_brand","embeddable":true,"href":"https:\/\/baldumarket.lt\/lt\/wp-json\/wp\/v2\/product_brand?post=251430"},{"taxonomy":"product_cat","embeddable":true,"href":"https:\/\/baldumarket.lt\/lt\/wp-json\/wp\/v2\/product_cat?post=251430"},{"taxonomy":"product_tag","embeddable":true,"href":"https:\/\/baldumarket.lt\/lt\/wp-json\/wp\/v2\/product_tag?post=251430"}],"curies":[{"name":"wp","href":"https:\/\/api.w.org\/{rel}","templated":true}]}}