{"id":251406,"date":"2026-01-10T18:14:38","date_gmt":"2026-01-10T15:14:38","guid":{"rendered":"https:\/\/baldumarket.lt\/product\/szafa-czterodrzwiowa-z-lustrem-gris-gs-01-oswietlenie-led-szary-czarny\/"},"modified":"2026-02-11T18:31:52","modified_gmt":"2026-02-11T15:31:52","slug":"szafa-czterodrzwiowa-z-lustrem-gris-gs-01-oswietlenie-led-szary-czarny","status":"publish","type":"product","link":"https:\/\/baldumarket.lt\/lt\/product\/szafa-czterodrzwiowa-z-lustrem-gris-gs-01-oswietlenie-led-szary-czarny\/","title":{"rendered":"GRIS GS-01 keturi\u0173 dur\u0173 spinta su veidrod\u017eiu | LED ap\u0161vietimas | Pilka + juoda"},"content":{"rendered":"<p>Kolekcija: GRIS<br \/>\nModelis: GS-01<br \/>\nSpalva: pilka \/ juoda<br \/>\nMatmenys: Plotis: 250 cm<br \/>\n\u016agis: 215 cm<br \/>\nGylis: 63 cm<br \/>\nPagrindin\u0117 informacija: K\u0117bulo indeksas: GS1SC<br \/>\nK\u016bno charakteristikos: 4D<br \/>\nK\u016bno svoris: 231,5 kg<br \/>\nSurinkimas: Reikalingas surinkimas<br \/>\n\u012eranga: 12 lentyn\u0173, 2 b\u0117geliai, 1 ap\u0161vietimas<br \/>\nDur\u0173 skai\u010dius: 4<br \/>\nJungtys: Vyris: pasl\u0117ptas \u0161velnus u\u017edarymas<br \/>\nRankena: metalin\u0117<br \/>\nP\u0117da\/koja: slysti<br \/>\nAp\u0161vietimas \u012ftrauktas: taip<br \/>\nAp\u0161vietimo tipas: LED juostel\u0117<br \/>\nEnergijos klas\u0117: A++<br \/>\nMed\u017eiaga: Korpusas: 16 mm laminuota med\u017eio dro\u017eli\u0173 plok\u0161t\u0117<br \/>\nKorpuso spalva: pilka\/juoda<br \/>\nVir\u0161us: laminuota med\u017eio dro\u017eli\u0173 plok\u0161t\u0117; 16 mm<br \/>\nVir\u0161utin\u0117s plok\u0161t\u0117s kra\u0161to apdaila: 1,00 mm<br \/>\nKlijuot\u0173 kra\u0161t\u0173 skai\u010dius: 4<br \/>\nVir\u0161utin\u0117s plok\u0161t\u0117s spalva: pilka<br \/>\nGalin\u0117 siena: HDF plok\u0161t\u0117; 3 mm<br \/>\nMatomos galin\u0117s sienos apdaila: laminatas<br \/>\nNematoma galin\u0117s sienel\u0117s apdaila: neapdorota<br \/>\nTvirtinimas prie galin\u0117s sienos: nuta<br \/>\nGalin\u0117s sienos spalva: juoda<br \/>\nLentyna: laminuota med\u017eio dro\u017eli\u0173 plok\u0161t\u0117; 16 mm<br \/>\nLentynos kra\u0161to apdaila: 0,45 mm<br \/>\nKlijuot\u0173 kra\u0161t\u0173 skai\u010dius: 1<br \/>\nLeistina lentyn\u0173 apkrova: 5 kg<br \/>\nLentynos spalva: pilka<br \/>\nLentyn\u0173 skai\u010dius: 4<br \/>\nPriekin\u0117 dalis: laminuota med\u017eio dro\u017eli\u0173 plok\u0161t\u0117; 16 mm<br \/>\nPriekinio kra\u0161to apdaila: 1,00 mm<br \/>\nPriekin\u0117 spalva: pilka<br \/>\nVeidrodis: 3 mm veidrodis<\/p>","protected":false},"excerpt":{"rendered":"<p>Kolekcija: GRIS Modelis: GS-01 Spalva: Pilka \/ Juoda Matmenys: Plotis: 250 cm Auk\u0161tis: 215 cm Gylis: 63 cm Pagrindin\u0117 informacija: Korpuso indeksas: GS1SC Korpuso charakteristikos: 4D Korpuso svoris: 231,5 kg Surinkimas: Reikalingas surinkimas \u012eranga: 12 lentyn\u0173, 2 b\u0117geliai, 1 ap\u0161vietimas Dur\u0173 skai\u010dius: 4 Furnit\u016bra: Vyris: pasl\u0117ptas \u0161velnus u\u017edarymas Rankena: metalin\u0117 Kojel\u0117\/koja: slystanti Ap\u0161vietimas: [\u2026]<\/p>","protected":false},"featured_media":251407,"comment_status":"open","ping_status":"open","template":"","meta":[],"product_brand":[],"product_cat":[9270,2454,1177],"product_tag":[],"class_list":{"0":"post-251406","1":"product","2":"type-product","3":"status-publish","4":"has-post-thumbnail","6":"product_cat-furniture-system-gris-lenart","7":"product_cat-lenart","8":"product_cat-wardrobes","10":"first","11":"instock","12":"purchasable","13":"product-type-simple"},"_links":{"self":[{"href":"https:\/\/baldumarket.lt\/lt\/wp-json\/wp\/v2\/product\/251406","targetHints":{"allow":["GET"]}}],"collection":[{"href":"https:\/\/baldumarket.lt\/lt\/wp-json\/wp\/v2\/product"}],"about":[{"href":"https:\/\/baldumarket.lt\/lt\/wp-json\/wp\/v2\/types\/product"}],"replies":[{"embeddable":true,"href":"https:\/\/baldumarket.lt\/lt\/wp-json\/wp\/v2\/comments?post=251406"}],"wp:featuredmedia":[{"embeddable":true,"href":"https:\/\/baldumarket.lt\/lt\/wp-json\/wp\/v2\/media\/251407"}],"wp:attachment":[{"href":"https:\/\/baldumarket.lt\/lt\/wp-json\/wp\/v2\/media?parent=251406"}],"wp:term":[{"taxonomy":"product_brand","embeddable":true,"href":"https:\/\/baldumarket.lt\/lt\/wp-json\/wp\/v2\/product_brand?post=251406"},{"taxonomy":"product_cat","embeddable":true,"href":"https:\/\/baldumarket.lt\/lt\/wp-json\/wp\/v2\/product_cat?post=251406"},{"taxonomy":"product_tag","embeddable":true,"href":"https:\/\/baldumarket.lt\/lt\/wp-json\/wp\/v2\/product_tag?post=251406"}],"curies":[{"name":"wp","href":"https:\/\/api.w.org\/{rel}","templated":true}]}}