{"id":251382,"date":"2026-01-10T18:14:26","date_gmt":"2026-01-10T15:14:26","guid":{"rendered":"https:\/\/baldumarket.lt\/product\/szafa-przesuwna-z-lustrem-maxi-mx-04-200-bialy\/"},"modified":"2026-02-11T18:31:52","modified_gmt":"2026-02-11T15:31:52","slug":"szafa-przesuwna-z-lustrem-maxi-mx-04-200-bialy","status":"publish","type":"product","link":"https:\/\/baldumarket.lt\/lt\/produktas\/szafa-przesuwna-z-lustrem-maxi-mx-04-200-bialy\/","title":{"rendered":"Stumdoma spinta su veidrod\u017eiu MAXI MX-04 | 200 | Balta"},"content":{"rendered":"<p>Kolekcija: MAXI<br \/>\nModelis: MX-04<br \/>\nSpalva: balta<br \/>\nMatmenys: Plotis: 200 cm<br \/>\n\u016agis: 235 cm<br \/>\nGylis: 71 cm<br \/>\nPagrindin\u0117 informacija: K\u0117bulo indeksas: MX4BI<br \/>\nK\u016bno charakteristikos: 2D<br \/>\nK\u016bno svoris: 208,5 kg<br \/>\nSurinkimas: reikalingas surinkimas<br \/>\n\u012eranga: 7 lentynos, 2 b\u0117geliai<br \/>\nDur\u0173 skai\u010dius: 2<br \/>\nJungtys: Rankena: metalin\u0117<br \/>\nSpintel\u0117s priekin\u0117 kreipian\u010dioji: vir\u0161utin\u0117 linija \u201cL\u201d<br \/>\nP\u0117da\/koja: slysti<br \/>\nAp\u0161vietimas \u012ftrauktas: neprivaloma<br \/>\nAp\u0161vietimo tipas: LED profilis<br \/>\nEnergijos klas\u0117: A++<br \/>\nMed\u017eiaga: Korpusas: laminuota med\u017eio dro\u017eli\u0173 plok\u0161t\u0117; 16 mm<br \/>\nKorpuso kra\u0161to apdaila: 0,45 mm<br \/>\nKorpuso spalva: balta<br \/>\nVir\u0161us: laminuota med\u017eio dro\u017eli\u0173 plok\u0161t\u0117; 16 mm<br \/>\nVir\u0161utin\u0117s plok\u0161t\u0117s kra\u0161to apdaila: 0,45 mm<br \/>\nKlijuot\u0173 kra\u0161t\u0173 skai\u010dius: 2<br \/>\nVir\u0161utin\u0117s plok\u0161t\u0117s spalva: balta<br \/>\nGalin\u0117 siena: HDF plok\u0161t\u0117; 3 mm<br \/>\nMatomos galin\u0117s sienos apdaila: laminatas<br \/>\nNematoma galin\u0117s sienel\u0117s apdaila: neapdorota<br \/>\nTvirtinimas prie galin\u0117s sienos: Nuta<br \/>\nGalin\u0117s sienos spalva: tekstil\u0117s pilka<br \/>\nLentyna: laminuota med\u017eio dro\u017eli\u0173 plok\u0161t\u0117; 16 mm<br \/>\nLentynos kra\u0161to apdaila: 0,45 mm<br \/>\nKlijuot\u0173 kra\u0161t\u0173 skai\u010dius: 1<br \/>\nLeistina lentyn\u0173 apkrova: 5 kg<br \/>\nLentynos spalva: balta<br \/>\nLentyn\u0173 skai\u010dius: 1<br \/>\nPriekin\u0117 dalis: laminuota med\u017eio dro\u017eli\u0173 plok\u0161t\u0117; 16 mm<br \/>\nPriekinio kra\u0161to apdaila: 0,45 mm<br \/>\nPriekin\u0117 spalva: balta<br \/>\nVeidrodis: 3 mm<br \/>\nVeidrod\u017eio spalva: balta<\/p>","protected":false},"excerpt":{"rendered":"<p>Kolekcija: MAXI Modelis: MX-04 Spalva: Balta Matmenys: Plotis: 200 cm Auk\u0161tis: 235 cm Gylis: 71 cm Pagrindin\u0117 informacija: Korpuso indeksas: MX4BI Korpuso charakteristikos: 2D Korpuso svoris: 208,5 kg Surinkimas: reikalingas surinkimas \u012eranga: 7 lentynos, 2 b\u0117geliai Dur\u0173 skai\u010dius: 2 Furnit\u016bra: Rankena: metalin\u0117 Spintel\u0117s priekin\u0117 kreipian\u010dioji: vir\u0161utin\u0117 \u201cL\u201d forma Kojel\u0117\/koja: slystanti Ap\u0161vietimas: pasirenkamas Ap\u0161vietimo tipas: [\u2026]<\/p>","protected":false},"featured_media":251383,"comment_status":"open","ping_status":"open","template":"","meta":[],"product_brand":[],"product_cat":[9277,2454,1177],"product_tag":[],"class_list":{"0":"post-251382","1":"product","2":"type-product","3":"status-publish","4":"has-post-thumbnail","6":"product_cat-furniture-system-maxi-lenart","7":"product_cat-lenart","8":"product_cat-wardrobes","10":"first","11":"instock","12":"purchasable","13":"product-type-simple"},"_links":{"self":[{"href":"https:\/\/baldumarket.lt\/lt\/wp-json\/wp\/v2\/product\/251382","targetHints":{"allow":["GET"]}}],"collection":[{"href":"https:\/\/baldumarket.lt\/lt\/wp-json\/wp\/v2\/product"}],"about":[{"href":"https:\/\/baldumarket.lt\/lt\/wp-json\/wp\/v2\/types\/product"}],"replies":[{"embeddable":true,"href":"https:\/\/baldumarket.lt\/lt\/wp-json\/wp\/v2\/comments?post=251382"}],"wp:featuredmedia":[{"embeddable":true,"href":"https:\/\/baldumarket.lt\/lt\/wp-json\/wp\/v2\/media\/251383"}],"wp:attachment":[{"href":"https:\/\/baldumarket.lt\/lt\/wp-json\/wp\/v2\/media?parent=251382"}],"wp:term":[{"taxonomy":"product_brand","embeddable":true,"href":"https:\/\/baldumarket.lt\/lt\/wp-json\/wp\/v2\/product_brand?post=251382"},{"taxonomy":"product_cat","embeddable":true,"href":"https:\/\/baldumarket.lt\/lt\/wp-json\/wp\/v2\/product_cat?post=251382"},{"taxonomy":"product_tag","embeddable":true,"href":"https:\/\/baldumarket.lt\/lt\/wp-json\/wp\/v2\/product_tag?post=251382"}],"curies":[{"name":"wp","href":"https:\/\/api.w.org\/{rel}","templated":true}]}}