{"id":251366,"date":"2026-01-10T18:14:15","date_gmt":"2026-01-10T15:14:15","guid":{"rendered":"https:\/\/baldumarket.lt\/product\/komoda-gris-gs-04-oswietlenie-led-szary-czarny\/"},"modified":"2026-02-11T18:31:53","modified_gmt":"2026-02-11T15:31:53","slug":"komoda-gris-gs-04-oswietlenie-led-szary-czarny","status":"publish","type":"product","link":"https:\/\/baldumarket.lt\/lt\/product\/komoda-gris-gs-04-oswietlenie-led-szary-czarny\/","title":{"rendered":"GRIS GS-04 komoda | LED ap\u0161vietimas | Pilka + juoda"},"content":{"rendered":"<p>Kolekcija: GRIS<br \/>\nModelis: GS-04<br \/>\nSpalva: pilka \/ juoda<br \/>\nMatmenys: Plotis: 136 cm<br \/>\nAuk\u0161tis: 91 cm<br \/>\nGylis: 49 cm<br \/>\nPagrindin\u0117 informacija: K\u0117bulo indeksas: GS4SC<br \/>\nK\u0117bulo charakteristikos: 1D3S<br \/>\nK\u016bno svoris: 55 kg<br \/>\nSurinkimas: Reikalingas surinkimas<br \/>\n\u012eranga: 2 lentynos, 1 ap\u0161vietimas<br \/>\nStal\u010di\u0173 skai\u010dius: 3<br \/>\nDur\u0173 skai\u010dius: 1<br \/>\nJungtys: Vyris: Pasl\u0117ptas \u0161velnaus u\u017edarymo mechanizmas<br \/>\nRankena: metalin\u0117<br \/>\nStal\u010diaus b\u0117gelis: rutulinis guolis<br \/>\nP\u0117da\/koja: Slysti<br \/>\nAp\u0161vietimas \u012ftrauktas: Taip<br \/>\nAp\u0161vietimo tipas: LED juostel\u0117<br \/>\nEnergijos klas\u0117: A++<br \/>\nMed\u017eiaga: Korpusas: Laminuota med\u017eio dro\u017eli\u0173 plok\u0161t\u0117: 16 mm<br \/>\nKorpuso kra\u0161to apdaila: 0,45 mm; 1,00 mm<br \/>\nKorpuso spalva: pilka\/juoda<br \/>\nVir\u0161us: laminuota med\u017eio dro\u017eli\u0173 plok\u0161t\u0117; 16 mm<br \/>\nVir\u0161utinio kra\u0161to apdaila: 1,00 mm<br \/>\nLaminuot\u0173 kra\u0161t\u0173 skai\u010dius: 4<br \/>\nVir\u0161utin\u0117 spalva: pilka<br \/>\nGalin\u0117 siena: HDF plok\u0161t\u0117; 3 mm<br \/>\nMatomos galin\u0117s sienos apdaila: laminatas<br \/>\nNematoma galin\u0117s sienel\u0117s apdaila: neapdorota<br \/>\nTvirtinimas prie galin\u0117s sienos: nuta<br \/>\nGalin\u0117s sienos spalva: juoda<br \/>\nLentyna: laminuota med\u017eio dro\u017eli\u0173 plok\u0161t\u0117; 16 mm<br \/>\nLentynos kra\u0161to apdaila: 0,45 mm<br \/>\nLaminuot\u0173 kra\u0161t\u0173 skai\u010dius: 1<br \/>\nLeistina lentyn\u0173 apkrova: 5 kg<br \/>\nLentynos spalva: pilka<br \/>\nLentyn\u0173 skai\u010dius: 1<br \/>\nPriekin\u0117 dalis: laminuota med\u017eio dro\u017eli\u0173 plok\u0161t\u0117; 16 mm<br \/>\nPriekinio kra\u0161to apdaila: 1,00 mm<br \/>\nPriekin\u0117 spalva: pilka<br \/>\nStal\u010diaus vidin\u0117 apdaila: juoda juostel\u0117<br \/>\nStal\u010diaus dugnas: HDF plok\u0161t\u0117; 3 mm<\/p>","protected":false},"excerpt":{"rendered":"<p>Collection: GRIS Model: GS-04 Color: Gray \/ Black Dimensions: Width: 136 cm Height: 91 cm Depth: 49 cm Basic information: Body index: GS4SC Body characteristics: 1D3S Body weight: 55 kg Assembly: Assembly required Equipment: 2 x shelves, 1 x lighting Number of drawers: 3 Number of doors: 1 Fittings: Hinge: Concealed soft-close Handle: Metal Drawer [&hellip;]<\/p>","protected":false},"featured_media":251367,"comment_status":"open","ping_status":"open","template":"","meta":[],"product_brand":[],"product_cat":[9270,1173,2454],"product_tag":[],"class_list":{"0":"post-251366","1":"product","2":"type-product","3":"status-publish","4":"has-post-thumbnail","6":"product_cat-furniture-system-gris-lenart","7":"product_cat-chests-of-drawers","8":"product_cat-lenart","10":"first","11":"instock","12":"purchasable","13":"product-type-simple"},"_links":{"self":[{"href":"https:\/\/baldumarket.lt\/lt\/wp-json\/wp\/v2\/product\/251366","targetHints":{"allow":["GET"]}}],"collection":[{"href":"https:\/\/baldumarket.lt\/lt\/wp-json\/wp\/v2\/product"}],"about":[{"href":"https:\/\/baldumarket.lt\/lt\/wp-json\/wp\/v2\/types\/product"}],"replies":[{"embeddable":true,"href":"https:\/\/baldumarket.lt\/lt\/wp-json\/wp\/v2\/comments?post=251366"}],"wp:featuredmedia":[{"embeddable":true,"href":"https:\/\/baldumarket.lt\/lt\/wp-json\/wp\/v2\/media\/251367"}],"wp:attachment":[{"href":"https:\/\/baldumarket.lt\/lt\/wp-json\/wp\/v2\/media?parent=251366"}],"wp:term":[{"taxonomy":"product_brand","embeddable":true,"href":"https:\/\/baldumarket.lt\/lt\/wp-json\/wp\/v2\/product_brand?post=251366"},{"taxonomy":"product_cat","embeddable":true,"href":"https:\/\/baldumarket.lt\/lt\/wp-json\/wp\/v2\/product_cat?post=251366"},{"taxonomy":"product_tag","embeddable":true,"href":"https:\/\/baldumarket.lt\/lt\/wp-json\/wp\/v2\/product_tag?post=251366"}],"curies":[{"name":"wp","href":"https:\/\/api.w.org\/{rel}","templated":true}]}}