{"id":251358,"date":"2026-01-10T18:14:11","date_gmt":"2026-01-10T15:14:11","guid":{"rendered":"https:\/\/baldumarket.lt\/product\/szafa-czterodrzwiowa-z-lustrem-cozy-cz-01-dab-olejowany\/"},"modified":"2026-02-11T18:31:53","modified_gmt":"2026-02-11T15:31:53","slug":"szafa-czterodrzwiowa-z-lustrem-cozy-cz-01-dab-olejowany","status":"publish","type":"product","link":"https:\/\/baldumarket.lt\/lt\/product\/szafa-czterodrzwiowa-z-lustrem-cozy-cz-01-dab-olejowany\/","title":{"rendered":"Keturi\u0173 dur\u0173 spinta su veidrod\u017eiu COZY CZ-01 | Alyvuotas \u0105\u017euolas"},"content":{"rendered":"<p>Kolekcija: JAUKUS<br \/>\nModelis: CZ-01<br \/>\nSpalva: Alyvuotas \u0105\u017euolas<br \/>\nMatmenys: Plotis: 220 cm<br \/>\n\u016agis: 216 cm<br \/>\nGylis: 60 cm<br \/>\nPagrindin\u0117 informacija: K\u0117bulo indeksas: CZ1DO<br \/>\nK\u016bno charakteristikos: 4D<br \/>\nK\u016bno svoris: 188 kg<br \/>\nSurinkimas: reikalingas surinkimas<br \/>\n\u012eranga: 6 lentynos, 2 b\u0117geliai<br \/>\nDur\u0173 skai\u010dius: 4<br \/>\nJungtys: Vyris: pasl\u0117ptas \u0161velnus u\u017edarymas<br \/>\nRankena: metalin\u0117<br \/>\nP\u0117da\/koja: slysti<br \/>\nMed\u017eiaga: Korpusas: laminuota med\u017eio dro\u017eli\u0173 plok\u0161t\u0117: 16 mm; 22 mm<br \/>\nKorpuso kra\u0161to apdaila: 0,45 mm; 1,00 mm<br \/>\nKorpuso spalva: alyvuotas \u0105\u017euolas<br \/>\nVir\u0161us: laminuota med\u017eio dro\u017eli\u0173 plok\u0161t\u0117; 16 mm<br \/>\nVir\u0161utin\u0117s plok\u0161t\u0117s kra\u0161to apdaila: 1,00 mm<br \/>\nFaneruot\u0173 vir\u0161utini\u0173 briaun\u0173 skai\u010dius: 4<br \/>\nGalin\u0117 siena: HDF plok\u0161t\u0117; 3 mm<br \/>\nMatomos galin\u0117s sienos apdaila: laminatas<br \/>\nNematoma galin\u0117s sienel\u0117s apdaila: neapdorota<br \/>\nTvirtinimas prie galin\u0117s sienos: nuta<br \/>\nGalin\u0117s sienos spalva: juoda<br \/>\nPriekin\u0117 dalis: laminuota med\u017eio dro\u017eli\u0173 plok\u0161t\u0117; 16 mm<br \/>\nPriekinio kra\u0161to apdaila: 1,00 mm<br \/>\nPriekin\u0117s dalies spalva: alyvuotas \u0105\u017euolas<br \/>\nVeidrodis: 3 mm<br \/>\nPapildoma lentyna, skirta spintai, yra \u010dia: COZY medin\u0117 lentyna CZ-08<\/p>","protected":false},"excerpt":{"rendered":"<p>Kolekcija: COZY Modelis: CZ-01 Spalva: Alyvuotas \u0105\u017euolas Matmenys: Plotis: 220 cm Auk\u0161tis: 216 cm Gylis: 60 cm Pagrindin\u0117 informacija: Korpuso indeksas: CZ1DO Korpuso charakteristikos: 4D Korpuso svoris: 188 kg Surinkimas: reikia surinkti \u012eranga: 6 lentynos, 2 b\u0117geliai Dur\u0173 skai\u010dius: 4 Furnit\u016bra: Vyris: pasl\u0117ptas \u0161velnus u\u017edarymas Rankena: metalin\u0117 Kojel\u0117\/kojel\u0117: slystanti Med\u017eiaga: Korpusas: laminuota med\u017eio dro\u017eli\u0173 plok\u0161t\u0117: 16 mm; [\u2026]<\/p>","protected":false},"featured_media":251359,"comment_status":"open","ping_status":"open","template":"","meta":[],"product_brand":[],"product_cat":[9266,2454,1177],"product_tag":[],"class_list":{"0":"post-251358","1":"product","2":"type-product","3":"status-publish","4":"has-post-thumbnail","6":"product_cat-furniture-system-cozy-lenart","7":"product_cat-lenart","8":"product_cat-wardrobes","10":"first","11":"instock","12":"purchasable","13":"product-type-simple"},"_links":{"self":[{"href":"https:\/\/baldumarket.lt\/lt\/wp-json\/wp\/v2\/product\/251358","targetHints":{"allow":["GET"]}}],"collection":[{"href":"https:\/\/baldumarket.lt\/lt\/wp-json\/wp\/v2\/product"}],"about":[{"href":"https:\/\/baldumarket.lt\/lt\/wp-json\/wp\/v2\/types\/product"}],"replies":[{"embeddable":true,"href":"https:\/\/baldumarket.lt\/lt\/wp-json\/wp\/v2\/comments?post=251358"}],"wp:featuredmedia":[{"embeddable":true,"href":"https:\/\/baldumarket.lt\/lt\/wp-json\/wp\/v2\/media\/251359"}],"wp:attachment":[{"href":"https:\/\/baldumarket.lt\/lt\/wp-json\/wp\/v2\/media?parent=251358"}],"wp:term":[{"taxonomy":"product_brand","embeddable":true,"href":"https:\/\/baldumarket.lt\/lt\/wp-json\/wp\/v2\/product_brand?post=251358"},{"taxonomy":"product_cat","embeddable":true,"href":"https:\/\/baldumarket.lt\/lt\/wp-json\/wp\/v2\/product_cat?post=251358"},{"taxonomy":"product_tag","embeddable":true,"href":"https:\/\/baldumarket.lt\/lt\/wp-json\/wp\/v2\/product_tag?post=251358"}],"curies":[{"name":"wp","href":"https:\/\/api.w.org\/{rel}","templated":true}]}}