{"id":251342,"date":"2026-01-10T18:14:05","date_gmt":"2026-01-10T15:14:05","guid":{"rendered":"https:\/\/baldumarket.lt\/product\/stolik-nocny-idea-id-07-szary\/"},"modified":"2026-02-11T18:31:53","modified_gmt":"2026-02-11T15:31:53","slug":"stolik-nocny-idea-id-07-szary","status":"publish","type":"product","link":"https:\/\/baldumarket.lt\/lt\/product\/stolik-nocny-idea-id-07-szary\/","title":{"rendered":"ID\u0116JA ID-07 naktinis staliukas | Pilka"},"content":{"rendered":"<p>Modelis: ID-07 Spalva: pilka Matmenys: Plotis: 50 cm Auk\u0161tis: 40 cm Gylis: 42 cm Pagrindin\u0117 informacija: korpuso pavadinimas: ID-07 kolekcijos pavadinimas: IDEA korpuso indeksas: ID7S spalva: pilka bald\u0173 tipas: naktinis staliukas korpuso charakteristikos: 1S plotis: 50 cm auk\u0161tis: 40 cm gylis: 42 cm korpuso svoris: 14 kg surinkimas: reikalingas surinkimas kolekcijos stilius: modernus interjero tipas 1: miegamasis interjero tipas 2: drabu\u017ei\u0173 spinta stal\u010di\u0173 skai\u010dius: 1 furnit\u016bra: rankena: plastikin\u0117 stal\u010diaus kreipian\u010dioji: ritinin\u0117 kreipian\u010dioji koja: b\u0117gelis su vinimi Med\u017eiaga: korpusas: laminuota med\u017eio dro\u017eli\u0173 plok\u0161t\u0117; 16 mm; 22 mm korpuso kra\u0161to apdaila: A 0,45 mm korpuso spalva: pilka vir\u0161us: laminuota med\u017eio dro\u017eli\u0173 plok\u0161t\u0117; 16 mm stalvir\u0161io kra\u0161to apdaila: A 0,45 mm Stalvir\u0161io kra\u0161t\u0173 skai\u010dius: 4 Stalvir\u0161io spalva: pilka Galin\u0117 plok\u0161t\u0117: HDF plok\u0161t\u0117; 3 mm Matoma galin\u0117s plok\u0161t\u0117s apdaila: laminatas Nematoma galin\u0117s plok\u0161t\u0117s apdaila: neapdorota Galin\u0117s plok\u0161t\u0117s tvirtinimas: ver\u017el\u0117 Galin\u0117s plok\u0161t\u0117s spalva: balta Priekis: laminuota med\u017eio dro\u017eli\u0173 plok\u0161t\u0117; 16 mm Priekinio kra\u0161to apdaila: A 0,45 mm Priekin\u0117s dalies spalva: pilka Stal\u010diaus vidin\u0117 apdaila: laminuota plok\u0161t\u0117 korpuso spalvos Stal\u010diaus dugnas: HDF plok\u0161t\u0117; 3 mm Svarbu: \u0161is stalas gaminamas pagal u\u017esakym\u0105. U\u017esakymo at\u0161aukti negalima pra\u0117jus 48 valandoms nuo u\u017esakymo pateikimo. Pra\u0161ome apsipirkti atid\u017eiai.<\/p>","protected":false},"excerpt":{"rendered":"<p>Modelis: ID-07 Spalva: pilka Matmenys: Plotis: 50 cm Auk\u0161tis: 40 cm Gylis: 42 cm Pagrindin\u0117 informacija: korpuso pavadinimas: ID-07 kolekcijos pavadinimas: IDEA korpuso indeksas: ID7S spalva: pilka bald\u0173 tipas: naktinis staliukas korpuso charakteristikos: 1S plotis: 50 cm auk\u0161tis: 40 cm gylis: 42 cm korpuso svoris: 14 kg surinkimas: reikalingas surinkimas kolekcijos stilius: modernus interjero tipas 1: miegamasis [\u2026]<\/p>","protected":false},"featured_media":251343,"comment_status":"open","ping_status":"open","template":"","meta":[],"product_brand":[],"product_cat":[9271,1176,2454],"product_tag":[],"class_list":{"0":"post-251342","1":"product","2":"type-product","3":"status-publish","4":"has-post-thumbnail","6":"product_cat-furniture-system-idea-lenart","7":"product_cat-bedside-tables","8":"product_cat-lenart","10":"first","11":"instock","12":"purchasable","13":"product-type-simple"},"_links":{"self":[{"href":"https:\/\/baldumarket.lt\/lt\/wp-json\/wp\/v2\/product\/251342","targetHints":{"allow":["GET"]}}],"collection":[{"href":"https:\/\/baldumarket.lt\/lt\/wp-json\/wp\/v2\/product"}],"about":[{"href":"https:\/\/baldumarket.lt\/lt\/wp-json\/wp\/v2\/types\/product"}],"replies":[{"embeddable":true,"href":"https:\/\/baldumarket.lt\/lt\/wp-json\/wp\/v2\/comments?post=251342"}],"wp:featuredmedia":[{"embeddable":true,"href":"https:\/\/baldumarket.lt\/lt\/wp-json\/wp\/v2\/media\/251343"}],"wp:attachment":[{"href":"https:\/\/baldumarket.lt\/lt\/wp-json\/wp\/v2\/media?parent=251342"}],"wp:term":[{"taxonomy":"product_brand","embeddable":true,"href":"https:\/\/baldumarket.lt\/lt\/wp-json\/wp\/v2\/product_brand?post=251342"},{"taxonomy":"product_cat","embeddable":true,"href":"https:\/\/baldumarket.lt\/lt\/wp-json\/wp\/v2\/product_cat?post=251342"},{"taxonomy":"product_tag","embeddable":true,"href":"https:\/\/baldumarket.lt\/lt\/wp-json\/wp\/v2\/product_tag?post=251342"}],"curies":[{"name":"wp","href":"https:\/\/api.w.org\/{rel}","templated":true}]}}