{"id":251334,"date":"2026-01-10T18:14:01","date_gmt":"2026-01-10T15:14:01","guid":{"rendered":"https:\/\/baldumarket.lt\/product\/kontenerek-idea-id-13-czarny\/"},"modified":"2026-02-11T18:31:53","modified_gmt":"2026-02-11T15:31:53","slug":"kontenerek-idea-id-13-czarny","status":"publish","type":"product","link":"https:\/\/baldumarket.lt\/lt\/product\/kontenerek-idea-id-13-czarny\/","title":{"rendered":"ID\u0116JA ID-13 Konteineris | Juodas"},"content":{"rendered":"<p>Modelis: ID-13<br \/>\nSpalva: juoda<br \/>\nMatmenys: Plotis: 50 cm<br \/>\nAuk\u0161tis: 60 cm<br \/>\nGylis: 47 cm<br \/>\nPagrindin\u0117 informacija: Formos pavadinimas: ID-13<br \/>\nKolekcijos pavadinimas: ID\u0116JA<br \/>\nU\u017euolaidini\u0173 puspriekabi\u0173 indeksas: ID13C<br \/>\nSpalva: juoda<br \/>\nBald\u0173 tipas: konteineris<br \/>\nU\u017euolaidini\u0173 puspriekabi\u0173 charakteristikos: 3S<br \/>\nPlotis: 50 cm<br \/>\nAuk\u0161tis: 60 cm<br \/>\nGylis: 47 cm<br \/>\nU\u017euolaidin\u0117s puspriekab\u0117s svoris: 21 kg<br \/>\nSurinkimas: Reikalingas surinkimas<br \/>\nKolekcijos stilius: modernus<br \/>\n1 interjero tipas: miegamasis<br \/>\n2 interjero tipas: drabu\u017ei\u0173 spinta<br \/>\nStal\u010di\u0173 skai\u010dius: 3<br \/>\nJungtys: Rankena: plastikin\u0117<br \/>\nStal\u010diaus kreiptuvas: ritininis kreiptuvas<br \/>\nP\u0117da\/koja: stumkite vinimi<br \/>\nMed\u017eiaga: Korpusas: laminuota med\u017eio dro\u017eli\u0173 plok\u0161t\u0117; 16 mm<br \/>\nKarkaso kra\u0161to apdaila: A 0,45 mm<br \/>\nKorpuso spalva: juoda<br \/>\nVir\u0161us: laminuota med\u017eio dro\u017eli\u0173 plok\u0161t\u0117; 16 mm<br \/>\nVir\u0161utinio d\u0117klo kra\u0161to apdaila: A 0,45 mm<br \/>\nFaneruot\u0173 stalvir\u0161io kra\u0161t\u0173 skai\u010dius: 4<br \/>\nVir\u0161utin\u0117s d\u0117\u017e\u0117s spalva: juoda<br \/>\nGalin\u0117 sienel\u0117: HDF plok\u0161t\u0117; 3 mm<br \/>\nMatomos galin\u0117s plok\u0161t\u0117s apdaila: laminatas<br \/>\nNematoma galin\u0117s plok\u0161t\u0117s apdaila: laminatas<br \/>\nGalinio skydelio tvirtinimas: nuta<br \/>\nGalin\u0117s panel\u0117s spalva: balta<br \/>\nPriekin\u0117 dalis: laminuota med\u017eio dro\u017eli\u0173 plok\u0161t\u0117; 16 mm<br \/>\nPriekinio skydelio kra\u0161to apdaila: A 0,45 mm<br \/>\nPriekin\u0117 spalva: juoda<br \/>\nStal\u010diaus vidin\u0117 apdaila: laminuota plok\u0161t\u0117 korpuso spalvos<br \/>\nStal\u010diaus dugnas: HDF plok\u0161t\u0117; 3 mm<br \/>\nSvarbu<br \/>\n\u0160i spintel\u0117 gaminama pagal individual\u0173 kliento u\u017esakym\u0105. U\u017esakymo at\u0161aukti negalima pra\u0117jus 48 valandoms nuo jo pateikimo. Pra\u0161ome apsipirkti atsargiai.<\/p>","protected":false},"excerpt":{"rendered":"<p>Modelis: ID-13 Spalva: juoda Matmenys: Plotis: 50 cm Auk\u0161tis: 60 cm Gylis: 47 cm Pagrindin\u0117 informacija: Formos pavadinimas: ID-13 Kolekcijos pavadinimas: IDEA U\u017euolaidin\u0117s puspriekab\u0117s indeksas: ID13C Spalva: juoda Bald\u0173 tipas: konteineris U\u017euolaidin\u0117s puspriekab\u0117s charakteristikos: 3S Plotis: 50 cm Auk\u0161tis: 60 cm Gylis: 47 cm U\u017euolaidin\u0117s puspriekab\u0117s svoris: 21 kg Surinkimas: Reikalingas surinkimas Kolekcijos stilius: modernus Interjero tipas 1: miegamasis Interjero tipas [\u2026]<\/p>","protected":false},"featured_media":251335,"comment_status":"open","ping_status":"open","template":"","meta":[],"product_brand":[],"product_cat":[9271,9120,2454],"product_tag":[],"class_list":{"0":"post-251334","1":"product","2":"type-product","3":"status-publish","4":"has-post-thumbnail","6":"product_cat-furniture-system-idea-lenart","7":"product_cat-cabinets","8":"product_cat-lenart","10":"first","11":"instock","12":"purchasable","13":"product-type-simple"},"_links":{"self":[{"href":"https:\/\/baldumarket.lt\/lt\/wp-json\/wp\/v2\/product\/251334","targetHints":{"allow":["GET"]}}],"collection":[{"href":"https:\/\/baldumarket.lt\/lt\/wp-json\/wp\/v2\/product"}],"about":[{"href":"https:\/\/baldumarket.lt\/lt\/wp-json\/wp\/v2\/types\/product"}],"replies":[{"embeddable":true,"href":"https:\/\/baldumarket.lt\/lt\/wp-json\/wp\/v2\/comments?post=251334"}],"wp:featuredmedia":[{"embeddable":true,"href":"https:\/\/baldumarket.lt\/lt\/wp-json\/wp\/v2\/media\/251335"}],"wp:attachment":[{"href":"https:\/\/baldumarket.lt\/lt\/wp-json\/wp\/v2\/media?parent=251334"}],"wp:term":[{"taxonomy":"product_brand","embeddable":true,"href":"https:\/\/baldumarket.lt\/lt\/wp-json\/wp\/v2\/product_brand?post=251334"},{"taxonomy":"product_cat","embeddable":true,"href":"https:\/\/baldumarket.lt\/lt\/wp-json\/wp\/v2\/product_cat?post=251334"},{"taxonomy":"product_tag","embeddable":true,"href":"https:\/\/baldumarket.lt\/lt\/wp-json\/wp\/v2\/product_tag?post=251334"}],"curies":[{"name":"wp","href":"https:\/\/api.w.org\/{rel}","templated":true}]}}