{"id":251326,"date":"2026-01-10T18:13:58","date_gmt":"2026-01-10T15:13:58","guid":{"rendered":"https:\/\/baldumarket.lt\/product\/komoda-idea-id-04-czarna\/"},"modified":"2026-02-11T18:31:53","modified_gmt":"2026-02-11T15:31:53","slug":"komoda-idea-id-04-czarna","status":"publish","type":"product","link":"https:\/\/baldumarket.lt\/lt\/product\/komoda-idea-id-04-czarna\/","title":{"rendered":"IDEA ID-04 komoda, juoda"},"content":{"rendered":"<p>Modelis: ID-04 Spalva: juoda Matmenys: Plotis: 109 cm Auk\u0161tis: 85 cm Gylis: 40 cm Pagrindin\u0117 informacija: korpuso pavadinimas: ID-04 kolekcijos pavadinimas: IDEA korpuso indeksas: ID4BI spalva: juoda bald\u0173 tipas: komoda korpuso charakteristikos: 2D4S plotis: 109 cm auk\u0161tis: 85 cm gylis: 40 cm korpuso svoris: 46 kg surinkimas: reikalingas surinkimas kolekcijos stilius: modernus interjeras 1 tipas: miegamojo interjeras 2 tipas: drabu\u017ei\u0173 spinta \u012franga: 2x lentynos stal\u010di\u0173 skai\u010dius: 4 dureli\u0173 skai\u010dius: 2 furnit\u016bra: vyris: standartinis pasl\u0117pta stal\u010diaus kreipian\u010dioji: ritinin\u0117 kreipian\u010dioji p\u0117del\u0117 \/ koja: b\u0117gelis su vinimi Med\u017eiaga: korpusas: laminuota med\u017eio dro\u017eli\u0173 plok\u0161t\u0117; 16 mm korpuso kra\u0161to apdaila: A 0,45 mm korpuso spalva: juoda vir\u0161us: laminuota med\u017eio dro\u017eli\u0173 plok\u0161t\u0117; 16 mm vir\u0161utin\u0117s kra\u0161to apdaila: A 0,45 mm Vir\u0161utini\u0173 kra\u0161t\u0173 juosteli\u0173 skai\u010dius: 4 Vir\u0161utin\u0117s spalvos: juoda Galin\u0117 panel\u0117: HDF plok\u0161t\u0117; 3 mm Matoma galin\u0117s sienel\u0117s apdaila: laminatas Nematoma galin\u0117s sienel\u0117s apdaila: neapdorota Galin\u0117s sienel\u0117s tvirtinimas: ver\u017el\u0117 Galin\u0117s sienel\u0117s spalva: balta Lentyna: laminuota med\u017eio dro\u017eli\u0173 plok\u0161t\u0117; 16 mm Lentynos kra\u0161to apdaila: A 0,45 mm Lentynos kra\u0161to juosteli\u0173 skai\u010dius: 1 Leistina lentynos apkrova: 5 kg Lentynos spalva: juoda Lentyn\u0173 skai\u010dius: 2 Priekis: laminuota med\u017eio dro\u017eli\u0173 plok\u0161t\u0117; 16 mm Priekinio kra\u0161to apdaila: A 0,45 mm Priekio spalva: juoda Stal\u010diaus vidin\u0117 apdaila: laminuota plok\u0161t\u0117 korpuso spalvos Stal\u010diaus dugnas: HDF plok\u0161t\u0117; 3 mm Svarbu: \u0161i komoda gaminama pagal u\u017esakym\u0105. U\u017esakymo at\u0161aukti negalima pra\u0117jus 48 valandoms nuo u\u017esakymo pateikimo. Pra\u0161ome apsipirkti atid\u017eiai.<\/p>","protected":false},"excerpt":{"rendered":"<p>Modelis: ID-04 Spalva: juoda Matmenys: Plotis: 109 cm Auk\u0161tis: 85 cm Gylis: 40 cm Pagrindin\u0117 informacija: korpuso pavadinimas: ID-04 kolekcijos pavadinimas: IDEA korpuso indeksas: ID4BI spalva: juoda bald\u0173 tipas: komoda korpuso charakteristikos: 2D4S plotis: 109 cm auk\u0161tis: 85 cm gylis: 40 cm korpuso svoris: 46 kg surinkimas: reikalingas surinkimas kolekcijos stilius: modernus interjeras 1 tipas: miegamasis [\u2026]<\/p>","protected":false},"featured_media":251327,"comment_status":"open","ping_status":"open","template":"","meta":[],"product_brand":[],"product_cat":[9271,1173,2454],"product_tag":[],"class_list":{"0":"post-251326","1":"product","2":"type-product","3":"status-publish","4":"has-post-thumbnail","6":"product_cat-furniture-system-idea-lenart","7":"product_cat-chests-of-drawers","8":"product_cat-lenart","10":"first","11":"instock","12":"purchasable","13":"product-type-simple"},"_links":{"self":[{"href":"https:\/\/baldumarket.lt\/lt\/wp-json\/wp\/v2\/product\/251326","targetHints":{"allow":["GET"]}}],"collection":[{"href":"https:\/\/baldumarket.lt\/lt\/wp-json\/wp\/v2\/product"}],"about":[{"href":"https:\/\/baldumarket.lt\/lt\/wp-json\/wp\/v2\/types\/product"}],"replies":[{"embeddable":true,"href":"https:\/\/baldumarket.lt\/lt\/wp-json\/wp\/v2\/comments?post=251326"}],"wp:featuredmedia":[{"embeddable":true,"href":"https:\/\/baldumarket.lt\/lt\/wp-json\/wp\/v2\/media\/251327"}],"wp:attachment":[{"href":"https:\/\/baldumarket.lt\/lt\/wp-json\/wp\/v2\/media?parent=251326"}],"wp:term":[{"taxonomy":"product_brand","embeddable":true,"href":"https:\/\/baldumarket.lt\/lt\/wp-json\/wp\/v2\/product_brand?post=251326"},{"taxonomy":"product_cat","embeddable":true,"href":"https:\/\/baldumarket.lt\/lt\/wp-json\/wp\/v2\/product_cat?post=251326"},{"taxonomy":"product_tag","embeddable":true,"href":"https:\/\/baldumarket.lt\/lt\/wp-json\/wp\/v2\/product_tag?post=251326"}],"curies":[{"name":"wp","href":"https:\/\/api.w.org\/{rel}","templated":true}]}}