{"id":251318,"date":"2026-01-10T18:13:55","date_gmt":"2026-01-10T15:13:55","guid":{"rendered":"https:\/\/baldumarket.lt\/product\/szafa-przesuwna-idea-id-01-szary\/"},"modified":"2026-02-11T18:31:53","modified_gmt":"2026-02-11T15:31:53","slug":"szafa-przesuwna-idea-id-01-szary","status":"publish","type":"product","link":"https:\/\/baldumarket.lt\/lt\/product\/szafa-przesuwna-idea-id-01-szary\/","title":{"rendered":"IDEA ID-01 stumdoma spinta, pilka"},"content":{"rendered":"<p>Modelis: ID-01<br \/>\nSpalva: pilka<br \/>\nMatmenys: Plotis: 250 cm<br \/>\n\u016agis: 215 cm<br \/>\nGylis: 60 cm<br \/>\nPagrindin\u0117 informacija: Formos pavadinimas: ID-01<br \/>\nKolekcijos pavadinimas: ID\u0116JA<br \/>\nU\u017euolaidin\u0117s sienos indeksas: ID1S<br \/>\nSpalva: pilka<br \/>\nBald\u0173 tipas: spinta<br \/>\nU\u017euolaidin\u0117s sienos dizainas: 3D<br \/>\nPlotis: 250 cm<br \/>\n\u016agis: 215 cm<br \/>\nGylis: 60 cm<br \/>\nU\u017euolaidin\u0117s sienos svoris: 206 kg<br \/>\nSurinkimas: reikalingas surinkimas<br \/>\nKolekcijos stilius: modernus<br \/>\n1 interjero tipas: miegamasis<br \/>\n2 interjero tipas: drabu\u017ei\u0173 spinta<br \/>\n\u012eranga: 2x b\u0117geliai, 6x lentynos<br \/>\nDur\u0173 skai\u010dius: 3<br \/>\nJungtys: rankena: plastikin\u0117<br \/>\nSpintos priekin\u0117 kreipian\u010dioji: aliuminis; tvirtinama apa\u010dioje ir vir\u0161uje<br \/>\nP\u0117da\/koja: slysti vinimi<br \/>\nAp\u0161vietimas \u012ftrauktas: neprivaloma<br \/>\nAp\u0161vietimo tipas: LED<br \/>\nEnergijos klas\u0117: A++<br \/>\nMed\u017eiaga: Korpusas: laminuota med\u017eio dro\u017eli\u0173 plok\u0161t\u0117; 16 mm<br \/>\nKorpuso kra\u0161to apdaila: A 0,45 mm<br \/>\nKorpuso spalva: pilka<br \/>\nVir\u0161us: laminuota med\u017eio dro\u017eli\u0173 plok\u0161t\u0117; 16 mm<br \/>\nVir\u0161utin\u0117 spalva: pilka<br \/>\nGalin\u0117 siena: HDF plok\u0161t\u0117; 3 mm<br \/>\nMatomos galin\u0117s sienos apdaila: laminatas<br \/>\nNematoma galin\u0117s sienel\u0117s apdaila: neapdorota<br \/>\nTvirtinimas prie galin\u0117s sienos: Nuta<br \/>\nGalin\u0117s sienos spalva: balta<br \/>\nLentyna: laminuota med\u017eio dro\u017eli\u0173 plok\u0161t\u0117; 16 mm<br \/>\nLentynos kra\u0161to apdaila: A 0,45 mm<br \/>\nLentyn\u0173 kra\u0161t\u0173 juost\u0173 skai\u010dius: 1<br \/>\nLeistina lentyn\u0173 apkrova: 5 kg<br \/>\nLentynos spalva: pilka<br \/>\nLentyn\u0173 skai\u010dius: 6<br \/>\nPriekin\u0117 dalis: laminuota med\u017eio dro\u017eli\u0173 plok\u0161t\u0117; 16 mm<br \/>\nPriekinio kra\u0161to apdaila: A 0,45 mm<br \/>\nPriekin\u0117 spalva: pilka<br \/>\nVeidrodis: veidrodis; 3 mm<br \/>\nVeidrod\u017eio spalva: balta<br \/>\nSvarbu<br \/>\n\u0160i spinta gaminama pagal u\u017esakym\u0105. U\u017esakymo at\u0161aukti negalima pra\u0117jus 48 valandoms nuo jo pateikimo. Pra\u0161ome apsipirkti atsargiai.<\/p>","protected":false},"excerpt":{"rendered":"<p>Modelis: ID-01 Spalva: pilka Matmenys: Plotis: 250 cm Auk\u0161tis: 215 cm Gylis: 60 cm Pagrindin\u0117 informacija: Formos pavadinimas: ID-01 Kolekcijos pavadinimas: IDEA U\u017euolaidin\u0117s sienos indeksas: ID1S Spalva: pilka Baldo tipas: spinta U\u017euolaidin\u0117s sienos dizainas: 3D Plotis: 250 cm Auk\u0161tis: 215 cm Gylis: 60 cm U\u017euolaidin\u0117s sienos svoris: 206 kg Surinkimas: reikalingas surinkimas Kolekcijos stilius: modernus Interjero tipas 1: [\u2026]<\/p>","protected":false},"featured_media":251319,"comment_status":"open","ping_status":"open","template":"","meta":[],"product_brand":[],"product_cat":[9271,2454,1177],"product_tag":[],"class_list":{"0":"post-251318","1":"product","2":"type-product","3":"status-publish","4":"has-post-thumbnail","6":"product_cat-furniture-system-idea-lenart","7":"product_cat-lenart","8":"product_cat-wardrobes","10":"first","11":"instock","12":"purchasable","13":"product-type-simple"},"_links":{"self":[{"href":"https:\/\/baldumarket.lt\/lt\/wp-json\/wp\/v2\/product\/251318","targetHints":{"allow":["GET"]}}],"collection":[{"href":"https:\/\/baldumarket.lt\/lt\/wp-json\/wp\/v2\/product"}],"about":[{"href":"https:\/\/baldumarket.lt\/lt\/wp-json\/wp\/v2\/types\/product"}],"replies":[{"embeddable":true,"href":"https:\/\/baldumarket.lt\/lt\/wp-json\/wp\/v2\/comments?post=251318"}],"wp:featuredmedia":[{"embeddable":true,"href":"https:\/\/baldumarket.lt\/lt\/wp-json\/wp\/v2\/media\/251319"}],"wp:attachment":[{"href":"https:\/\/baldumarket.lt\/lt\/wp-json\/wp\/v2\/media?parent=251318"}],"wp:term":[{"taxonomy":"product_brand","embeddable":true,"href":"https:\/\/baldumarket.lt\/lt\/wp-json\/wp\/v2\/product_brand?post=251318"},{"taxonomy":"product_cat","embeddable":true,"href":"https:\/\/baldumarket.lt\/lt\/wp-json\/wp\/v2\/product_cat?post=251318"},{"taxonomy":"product_tag","embeddable":true,"href":"https:\/\/baldumarket.lt\/lt\/wp-json\/wp\/v2\/product_tag?post=251318"}],"curies":[{"name":"wp","href":"https:\/\/api.w.org\/{rel}","templated":true}]}}