{"id":251302,"date":"2026-01-10T18:13:47","date_gmt":"2026-01-10T15:13:47","guid":{"rendered":"https:\/\/baldumarket.lt\/product\/kontenerek-story-so-10-bialy-dab-nash\/"},"modified":"2026-02-11T18:31:53","modified_gmt":"2026-02-11T15:31:53","slug":"kontenerek-story-so-10-bialy-dab-nash","status":"publish","type":"product","link":"https:\/\/baldumarket.lt\/lt\/product\/kontenerek-story-so-10-bialy-dab-nash\/","title":{"rendered":"STORY SO-10 konteineris | Balta, Nash \u0105\u017euolas"},"content":{"rendered":"<p>Modelis: SO-10<br \/>\nSpalva: balta \/ \u0105\u017euolo spalvos<br \/>\nMatmenys: Plotis: 99 cm<br \/>\nAuk\u0161tis: 39 cm<br \/>\nGylis: 42 cm<br \/>\nPagrindin\u0117 informacija: Formos pavadinimas: SO-10<br \/>\nKolekcijos pavadinimas: ISTORIJA<br \/>\nAtvejo indeksas: SO10BDN<br \/>\nSpalva: balta \/ \u0105\u017euolo spalvos<br \/>\nBaldo tipas: suolas<br \/>\nKorpuso charakteristikos: 1D<br \/>\nPlotis: 99 cm<br \/>\nAuk\u0161tis: 39 cm<br \/>\nGylis: 42 cm<br \/>\nD\u0117klo svoris: 20 kg<br \/>\nSurinkimas: reikalingas surinkimas<br \/>\nKolekcijos stilius: modernus<br \/>\n1 interjero tipas: jaunimo kambarys<br \/>\n2 interjero tipas: miegamasis<br \/>\nJungtys: vyris: standartinis pasl\u0117ptas<br \/>\nP\u0117da\/koja: ratukai<br \/>\nMed\u017eiaga: korpusas: laminuota med\u017eio dro\u017eli\u0173 plok\u0161t\u0117; 16 mm; 25 mm<br \/>\nKarkaso kra\u0161to apdaila: P<br \/>\nKarkaso spalva: balta \/ \u0105\u017euolo spalvos<br \/>\nVir\u0161us: laminuota med\u017eio dro\u017eli\u0173 plok\u0161t\u0117; 25 mm<br \/>\nVir\u0161utinio kra\u0161to apdaila B: 1,0 mm<br \/>\nVir\u0161utinio kra\u0161to apdaila: 4<br \/>\nVir\u0161utin\u0117 spalva: \u0105\u017euolas \u201eNash\u201c<br \/>\nSvarbu<br \/>\n\u0160is suolas gaminamas pagal u\u017esakym\u0105. U\u017esakymo at\u0161aukti negalima pra\u0117jus 48 valandoms nuo u\u017esakymo pateikimo. Pra\u0161ome apsipirkti atsargiai.<\/p>","protected":false},"excerpt":{"rendered":"<p>Modelis: SO-10 Spalva: balta \/ \u0105\u017euolo spalvos Matmenys: Plotis: 99 cm Auk\u0161tis: 39 cm Gylis: 42 cm Pagrindin\u0117 informacija: Formos pavadinimas: SO-10 Kolekcijos pavadinimas: STORY Korpuso indeksas: SO10BDN Spalva: balta \/ \u0105\u017euolo spalvos Baldo tipas: suolas Korpuso charakteristikos: 1D Plotis: 99 cm Auk\u0161tis: 39 cm Gylis: 42 cm Korpuso svoris: 20 kg Surinkimas: reikalingas surinkimas Kolekcijos stilius: modernus [\u2026]<\/p>","protected":false},"featured_media":251303,"comment_status":"open","ping_status":"open","template":"","meta":[],"product_brand":[],"product_cat":[9263,9120,2454],"product_tag":[],"class_list":{"0":"post-251302","1":"product","2":"type-product","3":"status-publish","4":"has-post-thumbnail","6":"product_cat-furniture-system-story-lenart","7":"product_cat-cabinets","8":"product_cat-lenart","10":"first","11":"instock","12":"purchasable","13":"product-type-simple"},"_links":{"self":[{"href":"https:\/\/baldumarket.lt\/lt\/wp-json\/wp\/v2\/product\/251302","targetHints":{"allow":["GET"]}}],"collection":[{"href":"https:\/\/baldumarket.lt\/lt\/wp-json\/wp\/v2\/product"}],"about":[{"href":"https:\/\/baldumarket.lt\/lt\/wp-json\/wp\/v2\/types\/product"}],"replies":[{"embeddable":true,"href":"https:\/\/baldumarket.lt\/lt\/wp-json\/wp\/v2\/comments?post=251302"}],"wp:featuredmedia":[{"embeddable":true,"href":"https:\/\/baldumarket.lt\/lt\/wp-json\/wp\/v2\/media\/251303"}],"wp:attachment":[{"href":"https:\/\/baldumarket.lt\/lt\/wp-json\/wp\/v2\/media?parent=251302"}],"wp:term":[{"taxonomy":"product_brand","embeddable":true,"href":"https:\/\/baldumarket.lt\/lt\/wp-json\/wp\/v2\/product_brand?post=251302"},{"taxonomy":"product_cat","embeddable":true,"href":"https:\/\/baldumarket.lt\/lt\/wp-json\/wp\/v2\/product_cat?post=251302"},{"taxonomy":"product_tag","embeddable":true,"href":"https:\/\/baldumarket.lt\/lt\/wp-json\/wp\/v2\/product_tag?post=251302"}],"curies":[{"name":"wp","href":"https:\/\/api.w.org\/{rel}","templated":true}]}}