{"id":251278,"date":"2026-01-10T18:13:33","date_gmt":"2026-01-10T15:13:33","guid":{"rendered":"https:\/\/baldumarket.lt\/product\/lozko-drewniane-idea-id-08-san-remo\/"},"modified":"2026-02-11T18:31:53","modified_gmt":"2026-02-11T15:31:53","slug":"lozko-drewniane-idea-id-08-san-remo","status":"publish","type":"product","link":"https:\/\/baldumarket.lt\/lt\/product\/lozko-drewniane-idea-id-08-san-remo\/","title":{"rendered":"Medin\u0117 lova IDEA ID-08 | San Remas"},"content":{"rendered":"<p>Modelis: ID-08<br \/>\nSpalva: san remo<br \/>\nMatmenys: Plotis: 170\/190 cm<br \/>\nAuk\u0161tis: 80 cm<br \/>\nGylis: 212 cm<br \/>\nPagrindin\u0117 informacija: Formos pavadinimas: ID-08<br \/>\nKolekcijos pavadinimas: ID\u0116JA<br \/>\nU\u017euolaidini\u0173 puspriekabi\u0173 indeksas: ID8SR<br \/>\nSpalva: san remo<br \/>\nBald\u0173 tipas: lova<br \/>\nPlotis: 170\/190 cm<br \/>\nAuk\u0161tis: 80 cm<br \/>\nGylis: 212 cm<br \/>\nU\u017euolaidin\u0117s puspriekab\u0117s svoris: 72 kg<br \/>\nSurinkimas: Reikalingas surinkimas<br \/>\nKolekcijos stilius: modernus<br \/>\n1 interjero tipas: miegamasis<br \/>\n2 interjero tipas: drabu\u017ei\u0173 spinta<br \/>\nJungiamosios detal\u0117s: p\u0117da\/koja: slydiklis su vinimi<br \/>\nMed\u017eiaga: korpusas: laminuota med\u017eio dro\u017eli\u0173 plok\u0161t\u0117; 22 mm<br \/>\nR\u0117mo kra\u0161to apdaila: A 0,45 mm<br \/>\nR\u0117mo spalva: San Remo<br \/>\nLovos r\u0117mo kra\u0161to apdaila: A 0,45 mm<br \/>\nLovos galv\u016bgalis: laminuota med\u017eio dro\u017eli\u0173 plok\u0161t\u0117; 16 mm<br \/>\nLovos koj\u016bgalis: A 0,45 mm<br \/>\nR\u0117mo r\u0117mas: medinis<br \/>\nR\u0117mo matmenys: 160\/180 x 200 cm<br \/>\nR\u0117mo svoris: 9 kg<br \/>\n\u010ciu\u017einio tipas: Bonnell spyruoklinis<br \/>\n\u010ciu\u017einio matmenys: 18x160x200cm<br \/>\n\u010ciu\u017einio svoris: 23 kg<br \/>\n\u010ciu\u017einys \u012fskai\u010diuotas: ne<br \/>\nPatalyn\u0117: ne<br \/>\nSvarbu<br \/>\n\u0160i spinta gaminama pagal u\u017esakym\u0105. At\u0161aukti u\u017esakym\u0105 negalima pra\u0117jus 48 valandoms nuo jo pateikimo. Pra\u0161ome apsipirkti atsargiai.<\/p>","protected":false},"excerpt":{"rendered":"<p>Modelis: ID-08 Spalva: san remo Matmenys: Plotis: 170\/190 cm Auk\u0161tis: 80 cm Gylis: 212 cm Pagrindin\u0117 informacija: Formos pavadinimas: ID-08 Kolekcijos pavadinimas: IDEA U\u017euolaidin\u0117s lovaties\u0117s indeksas: ID8SR Spalva: san remo Bald\u0173 tipas: lova Plotis: 170\/190 cm Auk\u0161tis: 80 cm Gylis: 212 cm U\u017euolaidin\u0117s lovaties\u0117s svoris: 72 kg Surinkimas: Reikalingas surinkimas Kolekcijos stilius: modernus Interjero tipas 1: miegamasis [\u2026]<\/p>","protected":false},"featured_media":251279,"comment_status":"open","ping_status":"open","template":"","meta":[],"product_brand":[],"product_cat":[9271,505,2454],"product_tag":[],"class_list":{"0":"post-251278","1":"product","2":"type-product","3":"status-publish","4":"has-post-thumbnail","6":"product_cat-furniture-system-idea-lenart","7":"product_cat-bedroom-beds","8":"product_cat-lenart","10":"first","11":"instock","12":"purchasable","13":"product-type-simple"},"_links":{"self":[{"href":"https:\/\/baldumarket.lt\/lt\/wp-json\/wp\/v2\/product\/251278","targetHints":{"allow":["GET"]}}],"collection":[{"href":"https:\/\/baldumarket.lt\/lt\/wp-json\/wp\/v2\/product"}],"about":[{"href":"https:\/\/baldumarket.lt\/lt\/wp-json\/wp\/v2\/types\/product"}],"replies":[{"embeddable":true,"href":"https:\/\/baldumarket.lt\/lt\/wp-json\/wp\/v2\/comments?post=251278"}],"wp:featuredmedia":[{"embeddable":true,"href":"https:\/\/baldumarket.lt\/lt\/wp-json\/wp\/v2\/media\/251279"}],"wp:attachment":[{"href":"https:\/\/baldumarket.lt\/lt\/wp-json\/wp\/v2\/media?parent=251278"}],"wp:term":[{"taxonomy":"product_brand","embeddable":true,"href":"https:\/\/baldumarket.lt\/lt\/wp-json\/wp\/v2\/product_brand?post=251278"},{"taxonomy":"product_cat","embeddable":true,"href":"https:\/\/baldumarket.lt\/lt\/wp-json\/wp\/v2\/product_cat?post=251278"},{"taxonomy":"product_tag","embeddable":true,"href":"https:\/\/baldumarket.lt\/lt\/wp-json\/wp\/v2\/product_tag?post=251278"}],"curies":[{"name":"wp","href":"https:\/\/api.w.org\/{rel}","templated":true}]}}