{"id":251270,"date":"2026-01-10T18:13:29","date_gmt":"2026-01-10T15:13:29","guid":{"rendered":"https:\/\/baldumarket.lt\/product\/lozko-z-materacem-simi-ms-09-bialy-hikora-naturalna\/"},"modified":"2026-02-11T18:31:54","modified_gmt":"2026-02-11T15:31:54","slug":"lozko-z-materacem-simi-ms-09-bialy-hikora-naturalna","status":"publish","type":"product","link":"https:\/\/baldumarket.lt\/lt\/product\/lozko-z-materacem-simi-ms-09-bialy-hikora-naturalna\/","title":{"rendered":"SIMI MS-09 Lova su \u010diu\u017einiu | Balta, nat\u016brali hikorio mediena"},"content":{"rendered":"<p>Modelis: MS-09<br \/>\nSpalva: balta \/ nat\u016brali hikorija<br \/>\nMatmenys: Plotis: 102 cm<br \/>\nAuk\u0161tis: 70 cm<br \/>\nGylis: 212 cm<br \/>\nPagrindin\u0117 informacija:<\/p>\n<p>\u012erenginio pavadinimas: MS-09<br \/>\nKolekcijos pavadinimas: SIMI<br \/>\nVieneto indeksas: MS9BH<br \/>\nSpalva: balta \/ nat\u016brali hikorija<br \/>\nBald\u0173 tipas: lova<br \/>\nPlotis: 102 cm<br \/>\nAuk\u0161tis: 70 cm<br \/>\nGylis: 212 cm<br \/>\nVieneto svoris: 92 kg<br \/>\nSurinkimas: reikalingas surinkimas<br \/>\nKolekcijos stilius: modernus<br \/>\n1 interjero tipas: jaunimo kambarys<br \/>\n2 interjero tipas: miegamasis<br \/>\nJungiamoji dalis: koja \/ koja: baldo koja<br \/>\nAp\u0161vietimas \u012ftrauktas: n\u0117ra<br \/>\nAp\u0161vietimo tipas: n\u0117ra<br \/>\nMed\u017eiaga: korpusas: laminuota med\u017eio dro\u017eli\u0173 plok\u0161t\u0117; 16 mm; 32 mm<br \/>\nKorpuso kra\u0161to apdaila: A 0,45 mm; P 1,70 mm<br \/>\nKorpuso spalva: balta \/ nat\u016brali hikorija<br \/>\nLovos r\u0117mas: med\u017eio dro\u017eli\u0173 plok\u0161t\u0117<br \/>\nLovos r\u0117mo kra\u0161to apdaila: A 0,45 mm, B 1,0 mm, W 1,70 mm<br \/>\nGalv\u016bgalis: plotis 1,7 mm<br \/>\nGroteli\u0173 r\u0117mas: medinis<br \/>\nGroteli\u0173 r\u0117mo matmenys: 90\/200<br \/>\nGroteli\u0173 r\u0117mo svoris: 9<br \/>\n\u010ciu\u017einio dydis: 18 x 90 x 200 cm<br \/>\n\u010ciu\u017einio tipas: Bonnell spyruoklinis<br \/>\n\u010ciu\u017einio svoris: 13 kg<br \/>\n\u010ciu\u017einys \u012fskai\u010diuotas: taip<br \/>\nPatalyn\u0117 daiktams laikyti: taip<br \/>\nSvarbu<br \/>\n\u0160i lova gaminama pagal u\u017esakym\u0105. U\u017esakymo at\u0161aukti negalima pra\u0117jus 48 valandoms nuo jo pateikimo. Pra\u0161ome apsipirkti atsargiai.<\/p>","protected":false},"excerpt":{"rendered":"<p>Modelis: MS-09 Spalva: balta \/ nat\u016brali hikorija Matmenys: Plotis: 102 cm Auk\u0161tis: 70 cm Gylis: 212 cm Pagrindin\u0117 informacija: Vieneto pavadinimas: MS-09 Kolekcijos pavadinimas: SIMI Vieneto indeksas: MS9BH Spalva: balta \/ nat\u016brali hikorija Bald\u0173 tipas: lova Plotis: 102 cm Auk\u0161tis: 70 cm Gylis: 212 cm Vieneto svoris: 92 kg Surinkimas: reikalingas surinkimas Kolekcijos stilius: modernus Interjero tipas 1: [\u2026]<\/p>","protected":false},"featured_media":251271,"comment_status":"open","ping_status":"open","template":"","meta":[],"product_brand":[],"product_cat":[9262,505,2454],"product_tag":[],"class_list":{"0":"post-251270","1":"product","2":"type-product","3":"status-publish","4":"has-post-thumbnail","6":"product_cat-furniture-system-simi-lenart","7":"product_cat-bedroom-beds","8":"product_cat-lenart","10":"first","11":"instock","12":"purchasable","13":"product-type-simple"},"_links":{"self":[{"href":"https:\/\/baldumarket.lt\/lt\/wp-json\/wp\/v2\/product\/251270","targetHints":{"allow":["GET"]}}],"collection":[{"href":"https:\/\/baldumarket.lt\/lt\/wp-json\/wp\/v2\/product"}],"about":[{"href":"https:\/\/baldumarket.lt\/lt\/wp-json\/wp\/v2\/types\/product"}],"replies":[{"embeddable":true,"href":"https:\/\/baldumarket.lt\/lt\/wp-json\/wp\/v2\/comments?post=251270"}],"wp:featuredmedia":[{"embeddable":true,"href":"https:\/\/baldumarket.lt\/lt\/wp-json\/wp\/v2\/media\/251271"}],"wp:attachment":[{"href":"https:\/\/baldumarket.lt\/lt\/wp-json\/wp\/v2\/media?parent=251270"}],"wp:term":[{"taxonomy":"product_brand","embeddable":true,"href":"https:\/\/baldumarket.lt\/lt\/wp-json\/wp\/v2\/product_brand?post=251270"},{"taxonomy":"product_cat","embeddable":true,"href":"https:\/\/baldumarket.lt\/lt\/wp-json\/wp\/v2\/product_cat?post=251270"},{"taxonomy":"product_tag","embeddable":true,"href":"https:\/\/baldumarket.lt\/lt\/wp-json\/wp\/v2\/product_tag?post=251270"}],"curies":[{"name":"wp","href":"https:\/\/api.w.org\/{rel}","templated":true}]}}