{"id":251262,"date":"2026-01-10T18:13:26","date_gmt":"2026-01-10T15:13:26","guid":{"rendered":"https:\/\/baldumarket.lt\/product\/lozko-z-materacem-story-so-08-bialy-dab-nash\/"},"modified":"2026-02-11T18:31:54","modified_gmt":"2026-02-11T15:31:54","slug":"lozko-z-materacem-story-so-08-bialy-dab-nash","status":"publish","type":"product","link":"https:\/\/baldumarket.lt\/lt\/product\/lozko-z-materacem-story-so-08-bialy-dab-nash\/","title":{"rendered":"STORY SO-08 Lova su \u010diu\u017einiu | Balta, Nash \u0105\u017euolas"},"content":{"rendered":"<p>Modelis: SO-08<br \/>\nSpalva: balta \/ \u0105\u017euolo spalvos<br \/>\nMatmenys: Plotis: 104 cm<br \/>\nAuk\u0161tis: 86 cm<br \/>\nGylis: 209 cm<br \/>\nPagrindin\u0117 informacija: Modelio pavadinimas: SO-08<br \/>\nKolekcijos pavadinimas: ISTORIJA<br \/>\nModelio indeksas: SO8BDN<br \/>\nSpalva: balta \/ \u0105\u017euolo spalvos<br \/>\nBald\u0173 tipas: lova<br \/>\nPlotis: 104 cm<br \/>\nAuk\u0161tis: 86 cm<br \/>\nGylis: 209 cm<br \/>\nModelio svoris: 56 kg<br \/>\nSurinkimas: reikalingas surinkimas<br \/>\nKolekcijos stilius: modernus<br \/>\n1 interjero tipas: jaunimo kambarys<br \/>\n2 interjero tipas: miegamasis<br \/>\nJungiamosios detal\u0117s: p\u0117da \/ koja: slydiklis su vinimi<br \/>\nMed\u017eiaga: korpusas: laminuota med\u017eio dro\u017eli\u0173 plok\u0161t\u0117; 16 mm; 25 mm<br \/>\nR\u0117mo kra\u0161to apdaila: P<br \/>\nR\u0117mo spalva: balta \/ \u0105\u017euolo spalvos<br \/>\nLovos r\u0117mas: med\u017eio dro\u017eli\u0173 plok\u0161t\u0117<br \/>\nLovos r\u0117mo kra\u0161to apdaila: A 0,45 mm<br \/>\nGalv\u016bgalis: laminuota med\u017eio dro\u017eli\u0173 plok\u0161t\u0117; 16 mm<br \/>\nGalv\u016bgalis: A 0,45 mm<br \/>\nR\u0117mo r\u0117mas: medinis<br \/>\nR\u0117mo matmenys: 90\/200<br \/>\nR\u0117mo svoris: 9<br \/>\n\u010ciu\u017einio tipas: Bonnell spyruoklinis<br \/>\n\u010ciu\u017einio matmenys: 18 x 90 x 200 cm<br \/>\n\u010ciu\u017einio svoris: 13 kg<br \/>\n\u010ciu\u017einys \u012fskai\u010diuotas: taip<br \/>\nPatalyn\u0117 daiktams laikyti: n\u0117ra<br \/>\nSvarbu<br \/>\n\u0160i lova gaminama pagal u\u017esakym\u0105. At\u0161aukti u\u017esakym\u0105 negalima pra\u0117jus 48 valandoms nuo jo pateikimo. Pra\u0161ome apsipirkti atid\u017eiai.<\/p>","protected":false},"excerpt":{"rendered":"<p>Modelis: SO-08 Spalva: balta \/ \u0105\u017euolo imitacija Matmenys: Plotis: 104 cm Auk\u0161tis: 86 cm Gylis: 209 cm Pagrindin\u0117 informacija: Modelio pavadinimas: SO-08 Kolekcijos pavadinimas: STORY Modelio indeksas: SO8BDN Spalva: balta \/ \u0105\u017euolo imitacija Bald\u0173 tipas: lova Plotis: 104 cm Auk\u0161tis: 86 cm Gylis: 209 cm Modelio svoris: 56 kg Surinkimas: reikalingas surinkimas Kolekcijos stilius: modernus Interjero tipas 1: [\u2026]<\/p>","protected":false},"featured_media":251263,"comment_status":"open","ping_status":"open","template":"","meta":[],"product_brand":[],"product_cat":[9263,505,2454],"product_tag":[],"class_list":{"0":"post-251262","1":"product","2":"type-product","3":"status-publish","4":"has-post-thumbnail","6":"product_cat-furniture-system-story-lenart","7":"product_cat-bedroom-beds","8":"product_cat-lenart","10":"first","11":"instock","12":"purchasable","13":"product-type-simple"},"_links":{"self":[{"href":"https:\/\/baldumarket.lt\/lt\/wp-json\/wp\/v2\/product\/251262","targetHints":{"allow":["GET"]}}],"collection":[{"href":"https:\/\/baldumarket.lt\/lt\/wp-json\/wp\/v2\/product"}],"about":[{"href":"https:\/\/baldumarket.lt\/lt\/wp-json\/wp\/v2\/types\/product"}],"replies":[{"embeddable":true,"href":"https:\/\/baldumarket.lt\/lt\/wp-json\/wp\/v2\/comments?post=251262"}],"wp:featuredmedia":[{"embeddable":true,"href":"https:\/\/baldumarket.lt\/lt\/wp-json\/wp\/v2\/media\/251263"}],"wp:attachment":[{"href":"https:\/\/baldumarket.lt\/lt\/wp-json\/wp\/v2\/media?parent=251262"}],"wp:term":[{"taxonomy":"product_brand","embeddable":true,"href":"https:\/\/baldumarket.lt\/lt\/wp-json\/wp\/v2\/product_brand?post=251262"},{"taxonomy":"product_cat","embeddable":true,"href":"https:\/\/baldumarket.lt\/lt\/wp-json\/wp\/v2\/product_cat?post=251262"},{"taxonomy":"product_tag","embeddable":true,"href":"https:\/\/baldumarket.lt\/lt\/wp-json\/wp\/v2\/product_tag?post=251262"}],"curies":[{"name":"wp","href":"https:\/\/api.w.org\/{rel}","templated":true}]}}