{"id":251254,"date":"2026-01-10T18:13:23","date_gmt":"2026-01-10T15:13:23","guid":{"rendered":"https:\/\/baldumarket.lt\/product\/szuflada-do-lozka-story-so-09-bialy-dab-nash\/"},"modified":"2026-02-11T18:31:54","modified_gmt":"2026-02-11T15:31:54","slug":"szuflada-do-lozka-story-so-09-bialy-dab-nash","status":"publish","type":"product","link":"https:\/\/baldumarket.lt\/lt\/product\/szuflada-do-lozka-story-so-09-bialy-dab-nash\/","title":{"rendered":"STORY SO-09 Lova su stal\u010diumi | Balta, Nash \u0105\u017euolas"},"content":{"rendered":"<p>Modelis: SO-09<br \/>\nSpalva: balta \/ \u0105\u017euolo spalvos<br \/>\nMatmenys: Plotis: 98 cm<br \/>\nAuk\u0161tis: 15 cm<br \/>\nGylis: 96 cm<br \/>\nPagrindin\u0117 informacija: Formos pavadinimas: SO-09<br \/>\nKolekcijos pavadinimas: ISTORIJA<br \/>\nAtvejo indeksas: SO9BDN<br \/>\nSpalva: balta \/ \u0105\u017euolo spalvos<br \/>\nBald\u0173 tipas: stal\u010dius<br \/>\nPlotis: 98 cm<br \/>\nAuk\u0161tis: 15 cm<br \/>\nGylis: 96 cm<br \/>\nD\u0117klo svoris: 15 kg<br \/>\nSurinkimas: reikalingas surinkimas<br \/>\nKolekcijos stilius: modernus<br \/>\n1 interjero tipas: jaunimo kambarys<br \/>\n2 interjero tipas: miegamasis<br \/>\nJungtys: rankena: plastikin\u0117<br \/>\nP\u0117da: ratukai<br \/>\nMed\u017eiaga: korpusas: laminuota med\u017eio dro\u017eli\u0173 plok\u0161t\u0117; 16 mm; 25 mm<br \/>\nKarkaso kra\u0161to apdaila: A 0,45 mm<br \/>\nKorpuso spalva: balta \/ \u0105\u017euolo imitacija<br \/>\nPriekin\u0117 dalis: laminuota med\u017eio dro\u017eli\u0173 plok\u0161t\u0117; 16 mm<br \/>\nPriekinio kra\u0161to apdaila: A 0,45 mm<br \/>\nPriekin\u0117 spalva: balta<br \/>\nStal\u010diaus vidin\u0117 apdaila: laminuota plok\u0161t\u0117 korpuso spalvos<br \/>\nStal\u010diaus dugnas: HDF plok\u0161t\u0117; 3 mm<br \/>\nSvarbu<br \/>\n\u0160is stal\u010dius gaminamas pagal individual\u0173 kliento u\u017esakym\u0105. U\u017esakymo at\u0161aukti negalima pra\u0117jus 48 valandoms nuo jo pateikimo. Pra\u0161ome apsipirkti atsargiai.<\/p>","protected":false},"excerpt":{"rendered":"<p>Modelis: SO-09 Spalva: balta \/ \u0105\u017euolo imitacija Matmenys: Plotis: 98 cm Auk\u0161tis: 15 cm Gylis: 96 cm Pagrindin\u0117 informacija: Formos pavadinimas: SO-09 Kolekcijos pavadinimas: STORY Korpuso indeksas: SO9BDN Spalva: balta \/ \u0105\u017euolo imitacija Baldo tipas: su stal\u010diumi Plotis: 98 cm Auk\u0161tis: 15 cm Gylis: 96 cm Korpuso svoris: 15 kg Surinkimas: reikalingas surinkimas Kolekcijos stilius: modernus Interjero tipas 1: [\u2026]<\/p>","protected":false},"featured_media":251255,"comment_status":"open","ping_status":"open","template":"","meta":[],"product_brand":[],"product_cat":[9263,1043,2454],"product_tag":[],"class_list":{"0":"post-251254","1":"product","2":"type-product","3":"status-publish","4":"has-post-thumbnail","6":"product_cat-furniture-system-story-lenart","7":"product_cat-extras","8":"product_cat-lenart","10":"first","11":"instock","12":"purchasable","13":"product-type-simple"},"_links":{"self":[{"href":"https:\/\/baldumarket.lt\/lt\/wp-json\/wp\/v2\/product\/251254","targetHints":{"allow":["GET"]}}],"collection":[{"href":"https:\/\/baldumarket.lt\/lt\/wp-json\/wp\/v2\/product"}],"about":[{"href":"https:\/\/baldumarket.lt\/lt\/wp-json\/wp\/v2\/types\/product"}],"replies":[{"embeddable":true,"href":"https:\/\/baldumarket.lt\/lt\/wp-json\/wp\/v2\/comments?post=251254"}],"wp:featuredmedia":[{"embeddable":true,"href":"https:\/\/baldumarket.lt\/lt\/wp-json\/wp\/v2\/media\/251255"}],"wp:attachment":[{"href":"https:\/\/baldumarket.lt\/lt\/wp-json\/wp\/v2\/media?parent=251254"}],"wp:term":[{"taxonomy":"product_brand","embeddable":true,"href":"https:\/\/baldumarket.lt\/lt\/wp-json\/wp\/v2\/product_brand?post=251254"},{"taxonomy":"product_cat","embeddable":true,"href":"https:\/\/baldumarket.lt\/lt\/wp-json\/wp\/v2\/product_cat?post=251254"},{"taxonomy":"product_tag","embeddable":true,"href":"https:\/\/baldumarket.lt\/lt\/wp-json\/wp\/v2\/product_tag?post=251254"}],"curies":[{"name":"wp","href":"https:\/\/api.w.org\/{rel}","templated":true}]}}