{"id":251246,"date":"2026-01-10T18:13:19","date_gmt":"2026-01-10T15:13:19","guid":{"rendered":"https:\/\/baldumarket.lt\/product\/lozko-drewniane-z-pojemnikiem-cozy-cz-02-160x200-dab-olejowany\/"},"modified":"2026-02-11T18:31:54","modified_gmt":"2026-02-11T15:31:54","slug":"lozko-drewniane-z-pojemnikiem-cozy-cz-02-160x200-dab-olejowany","status":"publish","type":"product","link":"https:\/\/baldumarket.lt\/lt\/product\/lozko-drewniane-z-pojemnikiem-cozy-cz-02-160x200-dab-olejowany\/","title":{"rendered":"Medin\u0117 lova su daiktad\u0117\u017ee COZY CZ-02 | 160\u00d7200 | Alyvuotas \u0105\u017euolas"},"content":{"rendered":"<p>Kolekcija: JAUKUS<br \/>\nModelis: CZ-02<br \/>\nSpalva: Alyvuotas \u0105\u017euolas<br \/>\nMatmenys: Plotis: 173 cm<br \/>\nAuk\u0161tis: 94 cm<br \/>\nGylis: 220 cm<br \/>\nMiegamoji erdv\u0117: 160 \u00d7 200 cm<br \/>\nPagrindin\u0117 informacija: Modelio numeris: CZ2160DO<br \/>\nMed\u017eiagos svoris: 112,5 kg<br \/>\nSurinkimas: Reikalingas surinkimas<br \/>\nJungtys: P\u0117da\/koja: slystantis<br \/>\nMed\u017eiaga: Korpusas: laminuota med\u017eio dro\u017eli\u0173 plok\u0161t\u0117: 16 mm; 22 mm<br \/>\nKorpuso kra\u0161to apdaila: 0,45 mm; 1,00 mm; 1,70 mm<br \/>\nR\u0117mo spalva: alyvuotas \u0105\u017euolas<br \/>\nR\u0117mo svoris: 6<br \/>\n\u010ciu\u017einio tipas: Bonnell spyruoklinis<br \/>\n\u010ciu\u017einio matmenys: 18 x 160 x 200 cm<br \/>\n\u010ciu\u017einys \u012fskai\u010diuotas: ne<br \/>\nPatalyn\u0117: taip<br \/>\nLovai skirt\u0105 pagalv\u0119 (galvos atram\u0105) galite \u012fsigyti \u010dia: apmu\u0161ta galvos atrama COZY CZ-06<\/p>","protected":false},"excerpt":{"rendered":"<p>Kolekcija: COZY Modelis: CZ-02 Spalva: Alyvuotas \u0105\u017euolas Matmenys: Plotis: 173 cm Auk\u0161tis: 94 cm Gylis: 220 cm Miegamoji erdv\u0117: 160 \u00d7 200 cm Pagrindin\u0117 informacija: Modelio numeris: CZ2160DO Med\u017eiagos svoris: 112,5 kg Surinkimas: Reikalingas surinkimas Furnit\u016bra: Kojel\u0117\/koja: slystantis Med\u017eiaga: Korpusas: laminuota med\u017eio dro\u017eli\u0173 plok\u0161t\u0117: 16 mm; 22 mm Korpuso kra\u0161to apdaila: 0,45 mm; 1,00 mm; 1,70 mm R\u0117mo spalva: [\u2026]<\/p>","protected":false},"featured_media":251247,"comment_status":"open","ping_status":"open","template":"","meta":[],"product_brand":[],"product_cat":[9266,505,2454],"product_tag":[],"class_list":{"0":"post-251246","1":"product","2":"type-product","3":"status-publish","4":"has-post-thumbnail","6":"product_cat-furniture-system-cozy-lenart","7":"product_cat-bedroom-beds","8":"product_cat-lenart","10":"first","11":"instock","12":"purchasable","13":"product-type-simple"},"_links":{"self":[{"href":"https:\/\/baldumarket.lt\/lt\/wp-json\/wp\/v2\/product\/251246","targetHints":{"allow":["GET"]}}],"collection":[{"href":"https:\/\/baldumarket.lt\/lt\/wp-json\/wp\/v2\/product"}],"about":[{"href":"https:\/\/baldumarket.lt\/lt\/wp-json\/wp\/v2\/types\/product"}],"replies":[{"embeddable":true,"href":"https:\/\/baldumarket.lt\/lt\/wp-json\/wp\/v2\/comments?post=251246"}],"wp:featuredmedia":[{"embeddable":true,"href":"https:\/\/baldumarket.lt\/lt\/wp-json\/wp\/v2\/media\/251247"}],"wp:attachment":[{"href":"https:\/\/baldumarket.lt\/lt\/wp-json\/wp\/v2\/media?parent=251246"}],"wp:term":[{"taxonomy":"product_brand","embeddable":true,"href":"https:\/\/baldumarket.lt\/lt\/wp-json\/wp\/v2\/product_brand?post=251246"},{"taxonomy":"product_cat","embeddable":true,"href":"https:\/\/baldumarket.lt\/lt\/wp-json\/wp\/v2\/product_cat?post=251246"},{"taxonomy":"product_tag","embeddable":true,"href":"https:\/\/baldumarket.lt\/lt\/wp-json\/wp\/v2\/product_tag?post=251246"}],"curies":[{"name":"wp","href":"https:\/\/api.w.org\/{rel}","templated":true}]}}