{"id":251238,"date":"2026-01-10T18:13:16","date_gmt":"2026-01-10T15:13:16","guid":{"rendered":"https:\/\/baldumarket.lt\/product\/lozko-z-pojemnikiem-gris-gs-02-160x200-oswietlenie-led-szary-czarny-dab-natura\/"},"modified":"2026-02-11T18:31:54","modified_gmt":"2026-02-11T15:31:54","slug":"lozko-z-pojemnikiem-gris-gs-02-160x200-oswietlenie-led-szary-czarny-dab-natura","status":"publish","type":"product","link":"https:\/\/baldumarket.lt\/lt\/product\/lozko-z-pojemnikiem-gris-gs-02-160x200-oswietlenie-led-szary-czarny-dab-natura\/","title":{"rendered":"GRIS GS-02 lova su daiktad\u0117\u017ee | 160\u00d7200 | LED ap\u0161vietimas | Pilka + juoda + nat\u016bralus \u0105\u017euolas"},"content":{"rendered":"<p>Kolekcija: GRIS<br \/>\nModelis: GS-02<br \/>\nSpalva: pilka \/ juoda \/ nat\u016bralus \u0105\u017euolas<br \/>\nMatmenys: Plotis: 192 cm<br \/>\nAuk\u0161tis: 92 cm<br \/>\nGylis: 211 cm<br \/>\nMiegamoji erdv\u0117: 160 \u00d7 200 cm<br \/>\nPagrindin\u0117 informacija: Modelio indeksas: GS2160SC<br \/>\nMed\u017eiagos svoris: 117 kg<br \/>\nSurinkimas: Reikalingas surinkimas<br \/>\n\u012eranga: 1x ap\u0161vietimas<br \/>\nJungtys: p\u0117da\/koja: slystantis<br \/>\nAp\u0161vietimas \u012ftrauktas: taip<br \/>\nAp\u0161vietimo tipas: LED juostel\u0117<br \/>\nEnergijos klas\u0117: A++<br \/>\nMed\u017eiaga: Korpusas: laminuota med\u017eio dro\u017eli\u0173 plok\u0161t\u0117: 16 mm, 22 mm<br \/>\nKorpuso kra\u0161to apdaila: 0,45 mm; 1,00 mm<br \/>\nKorpuso spalva: pilka\/juoda<br \/>\nStalvir\u0161is: laminuota med\u017eio dro\u017eli\u0173 plok\u0161t\u0117; 16 mm<br \/>\nLovos r\u0117mas: laminuota med\u017eio dro\u017eli\u0173 plok\u0161t\u0117; 16 mm \/ MDF lentjuost\u0117s<br \/>\nLovos r\u0117mo kra\u0161to apdaila: 0,45 mm, 1,00 mm<br \/>\nGalv\u016bgalis: laminuota med\u017eio dro\u017eli\u0173 plok\u0161t\u0117; 16 mm \/ MDF lentjuost\u0117s<br \/>\nGalv\u016bgalis: laminuota med\u017eio dro\u017eli\u0173 plok\u0161t\u0117; 16 mm<br \/>\nR\u0117mas: metalas<br \/>\nR\u0117mo matmenys: 160 x 200 cm<br \/>\nR\u0117mo svoris: 32 kg<br \/>\n\u010ciu\u017einio tipas: Bonnell spyruoklinis<br \/>\n\u010ciu\u017einio matmenys: 18 x 160 x 200 cm<br \/>\n\u010ciu\u017einio svoris: 23,5 kg<br \/>\n\u010ciu\u017einys \u012fskai\u010diuotas: Ne<br \/>\nPatalyn\u0117 daiktams laikyti: Taip<\/p>","protected":false},"excerpt":{"rendered":"<p>Kolekcija: GRIS Modelis: GS-02 Spalva: Pilka \/ Juoda \/ Nat\u016bralaus \u0105\u017euolo Matmenys: Plotis: 192 cm Auk\u0161tis: 92 cm Gylis: 211 cm Miegamoji erdv\u0117: 160 \u00d7 200 cm Pagrindin\u0117 informacija: Modelio indeksas: GS2160SC Med\u017eiagos svoris: 117 kg Surinkimas: Reikalingas surinkimas \u012eranga: 1x \u0161viestuvas \u0160viestuvai: koja\/kojel\u0117: slystantis Ap\u0161vietimas \u012ftrauktas: yra Ap\u0161vietimo tipas: LED juostel\u0117 Energijos klas\u0117: A++ Med\u017eiaga: Korpusas: [\u2026]<\/p>","protected":false},"featured_media":251239,"comment_status":"open","ping_status":"open","template":"","meta":[],"product_brand":[],"product_cat":[9270,505,2454],"product_tag":[],"class_list":{"0":"post-251238","1":"product","2":"type-product","3":"status-publish","4":"has-post-thumbnail","6":"product_cat-furniture-system-gris-lenart","7":"product_cat-bedroom-beds","8":"product_cat-lenart","10":"first","11":"instock","12":"purchasable","13":"product-type-simple"},"_links":{"self":[{"href":"https:\/\/baldumarket.lt\/lt\/wp-json\/wp\/v2\/product\/251238","targetHints":{"allow":["GET"]}}],"collection":[{"href":"https:\/\/baldumarket.lt\/lt\/wp-json\/wp\/v2\/product"}],"about":[{"href":"https:\/\/baldumarket.lt\/lt\/wp-json\/wp\/v2\/types\/product"}],"replies":[{"embeddable":true,"href":"https:\/\/baldumarket.lt\/lt\/wp-json\/wp\/v2\/comments?post=251238"}],"wp:featuredmedia":[{"embeddable":true,"href":"https:\/\/baldumarket.lt\/lt\/wp-json\/wp\/v2\/media\/251239"}],"wp:attachment":[{"href":"https:\/\/baldumarket.lt\/lt\/wp-json\/wp\/v2\/media?parent=251238"}],"wp:term":[{"taxonomy":"product_brand","embeddable":true,"href":"https:\/\/baldumarket.lt\/lt\/wp-json\/wp\/v2\/product_brand?post=251238"},{"taxonomy":"product_cat","embeddable":true,"href":"https:\/\/baldumarket.lt\/lt\/wp-json\/wp\/v2\/product_cat?post=251238"},{"taxonomy":"product_tag","embeddable":true,"href":"https:\/\/baldumarket.lt\/lt\/wp-json\/wp\/v2\/product_tag?post=251238"}],"curies":[{"name":"wp","href":"https:\/\/api.w.org\/{rel}","templated":true}]}}