{"id":251230,"date":"2026-01-10T18:13:12","date_gmt":"2026-01-10T15:13:12","guid":{"rendered":"https:\/\/baldumarket.lt\/product\/regal-simi-ms-03-bialy-hikora-naturalna\/"},"modified":"2026-02-11T18:31:54","modified_gmt":"2026-02-11T15:31:54","slug":"regal-simi-ms-03-bialy-hikora-naturalna","status":"publish","type":"product","link":"https:\/\/baldumarket.lt\/lt\/product\/regal-simi-ms-03-bialy-hikora-naturalna\/","title":{"rendered":"SIMI MS-03 balta \/ nat\u016brali hikorijos knyg\u0173 lentyna"},"content":{"rendered":"<p>Modelis: MS-03 Spalva: balta \/ nat\u016brali hikorija Matmenys: Plotis: 55 cm Auk\u0161tis: 200 cm Gylis: 55 cm Pagrindin\u0117 informacija: korpuso pavadinimas: MS-03 kolekcijos pavadinimas: SIMI korpuso indeksas: MS3BH spalvos: balta \/ nat\u016brali hikorija bald\u0173 tipas: knyg\u0173 lentyna korpuso charakteristikos: 2S plotis: 55 cm auk\u0161tis: 200 cm gylis: 55 cm korpuso svoris: 74 kg surinkimas: reikalingas surinkimas kolekcijos stilius: modernus interjero tipas 1: jaunimo kambarys \u012franga: 5x lentynos dureli\u0173 skai\u010dius: 2 furnit\u016bra: stal\u010diaus kreipian\u010dioji: rutulinis guolis kreipian\u010dioji p\u0117da \/ koja: baldo p\u0117del\u0117 ap\u0161vietimas \u012ftrauktas n\u0117ra ap\u0161vietimo tipas: n\u0117ra Med\u017eiaga: korpusas: laminuota med\u017eio dro\u017eli\u0173 plok\u0161t\u0117; 16 mm; 32 mm korpuso kra\u0161to apdaila: B 1,0 mm; S 1,70 mm korpuso spalva: balta \/ nat\u016brali hikorija vir\u0161us: laminuota med\u017eio dro\u017eli\u0173 plok\u0161t\u0117; 32 mm vir\u0161utin\u0117s kra\u0161to apdaila: S 1,70 mm klijuot\u0173 vir\u0161utini\u0173 kra\u0161t\u0173 skai\u010dius: 4 vir\u0161utin\u0117s spalvos: balta galin\u0117 sienel\u0117: HDF plok\u0161t\u0117; 3 mm storio matomos galin\u0117s sienel\u0117s dalies apdaila: laminatas; nematomos galin\u0117s sienel\u0117s dalies apdaila: neapdorota; tvirtinimas prie sienos: \u201enuta\u201c; galin\u0117s sienel\u0117s spalva: balta; lentyna: laminuota med\u017eio dro\u017eli\u0173 plok\u0161t\u0117; 16 mm; lentynos kra\u0161to apdaila: B 1,0 mm; klijuot\u0173 lentynos kra\u0161t\u0173 skai\u010dius: 1; leistina lentynos apkrova: 5 kg; lentynos spalva: nat\u016brali hikorija; lentyn\u0173 skai\u010dius: 4; priekis: laminuota med\u017eio dro\u017eli\u0173 plok\u0161t\u0117; 16 mm; priekin\u0117s kra\u0161to apdaila: B 1,0 mm; priekin\u0117 spalva: nat\u016brali hikorija; stal\u010diaus vidin\u0117 apdaila: balta juostel\u0117; stal\u010diaus dugnas: HDF plok\u0161t\u0117; 3 mm. Svarbu: Lentyna gaminama pagal individual\u0173 kliento u\u017esakym\u0105. U\u017esakymo at\u0161aukti negalima pra\u0117jus 48 valandoms nuo pateikimo. Pra\u0161ome apsipirkti atid\u017eiai.<\/p>","protected":false},"excerpt":{"rendered":"<p>Modelis: MS-03 Spalva: balta \/ nat\u016brali hikorija Matmenys: Plotis: 55 cm Auk\u0161tis: 200 cm Gylis: 55 cm Pagrindin\u0117 informacija: korpuso pavadinimas: MS-03 kolekcijos pavadinimas: SIMI korpuso indeksas: MS3BH spalvos: balta \/ nat\u016brali hikorija bald\u0173 tipas: knyg\u0173 lentyna korpuso charakteristikos: 2S plotis: 55 cm auk\u0161tis: 200 cm gylis: 55 cm korpuso svoris: 74 kg surinkimas: reikalingas surinkimas kolekcijos stilius: modernus [\u2026]<\/p>","protected":false},"featured_media":251231,"comment_status":"open","ping_status":"open","template":"","meta":[],"product_brand":[],"product_cat":[9262,2454,1987],"product_tag":[],"class_list":{"0":"post-251230","1":"product","2":"type-product","3":"status-publish","4":"has-post-thumbnail","6":"product_cat-furniture-system-simi-lenart","7":"product_cat-lenart","8":"product_cat-shelving-units","10":"first","11":"instock","12":"purchasable","13":"product-type-simple"},"_links":{"self":[{"href":"https:\/\/baldumarket.lt\/lt\/wp-json\/wp\/v2\/product\/251230","targetHints":{"allow":["GET"]}}],"collection":[{"href":"https:\/\/baldumarket.lt\/lt\/wp-json\/wp\/v2\/product"}],"about":[{"href":"https:\/\/baldumarket.lt\/lt\/wp-json\/wp\/v2\/types\/product"}],"replies":[{"embeddable":true,"href":"https:\/\/baldumarket.lt\/lt\/wp-json\/wp\/v2\/comments?post=251230"}],"wp:featuredmedia":[{"embeddable":true,"href":"https:\/\/baldumarket.lt\/lt\/wp-json\/wp\/v2\/media\/251231"}],"wp:attachment":[{"href":"https:\/\/baldumarket.lt\/lt\/wp-json\/wp\/v2\/media?parent=251230"}],"wp:term":[{"taxonomy":"product_brand","embeddable":true,"href":"https:\/\/baldumarket.lt\/lt\/wp-json\/wp\/v2\/product_brand?post=251230"},{"taxonomy":"product_cat","embeddable":true,"href":"https:\/\/baldumarket.lt\/lt\/wp-json\/wp\/v2\/product_cat?post=251230"},{"taxonomy":"product_tag","embeddable":true,"href":"https:\/\/baldumarket.lt\/lt\/wp-json\/wp\/v2\/product_tag?post=251230"}],"curies":[{"name":"wp","href":"https:\/\/api.w.org\/{rel}","templated":true}]}}