{"id":251214,"date":"2026-01-10T18:13:05","date_gmt":"2026-01-10T15:13:05","guid":{"rendered":"https:\/\/baldumarket.lt\/product\/polka-simi-ms-07-bialy-hikora-naturalna\/"},"modified":"2026-02-11T18:31:54","modified_gmt":"2026-02-11T15:31:54","slug":"polka-simi-ms-07-bialy-hikora-naturalna","status":"publish","type":"product","link":"https:\/\/baldumarket.lt\/lt\/product\/polka-simi-ms-07-bialy-hikora-naturalna\/","title":{"rendered":"SIMI MS-07 lentyna balta \/ nat\u016brali hikorija"},"content":{"rendered":"<p>Modelis: MS-07 Spalva: balta \/ nat\u016brali hikorija Matmenys: Plotis: 120 cm Auk\u0161tis: 30 cm Gylis: 22 cm Pagrindin\u0117 informacija: Korpuso pavadinimas: MS-07 Kolekcijos pavadinimas: SIMI Korpuso indeksas: MS7BH Spalva: balta \/ nat\u016brali hikorija Baldo tipas: Lentynos plotis: 120 cm Auk\u0161tis: 30 cm Gylis: 22 cm Korpuso svoris: 11 kg Surinkimas: Reikalingas surinkimas Kolekcijos stilius: Modernus interjeras 1 tipas: Jaunimo kambarys \u012eranga: \u012eskai\u010diuotas ap\u0161vietimas, n\u0117ra Ap\u0161vietimo tipas: n\u0117ra Med\u017eiaga: Korpusas: Laminuota med\u017eio dro\u017eli\u0173 plok\u0161t\u0117; 16 mm; 32 mm Korpuso kra\u0161to apdaila: B 1,0 mm; S 1,70 mm Korpuso spalva: Balta \/ nat\u016brali hikorija Galin\u0117 sienel\u0117: Laminuota med\u017eio dro\u017eli\u0173 plok\u0161t\u0117; 32 mm Matoma galin\u0117s sienel\u0117s apdaila: Laminuota nematoma galin\u0117s sienel\u0117s apdaila: Neapdorota Galin\u0117s sienel\u0117s spalva: Balta Lentyna: Laminuota med\u017eio dro\u017eli\u0173 plok\u0161t\u0117; 32 mm Lentynos kra\u0161to apdaila: S 1,7 mm Lentyn\u0173 kra\u0161t\u0173 juosteli\u0173 skai\u010dius: 3 Lentynos apkrova: 5 kg Lentynos spalva: Balta Lentyn\u0173 skai\u010dius: 1 Svarbu: \u0160i lentyna gaminama pagal u\u017esakym\u0105. U\u017esakymo at\u0161aukti negalima pra\u0117jus 48 valandoms nuo jo pateikimo. Pra\u0161ome apsipirkti atsargiai.<\/p>","protected":false},"excerpt":{"rendered":"<p>Modelis: MS-07 Spalva: balta \/ nat\u016brali hikorija Matmenys: Plotis: 120 cm Auk\u0161tis: 30 cm Gylis: 22 cm Pagrindin\u0117 informacija: Korpuso pavadinimas: MS-07 Kolekcijos pavadinimas: SIMI Korpuso indeksas: MS7BH Spalva: balta \/ nat\u016brali hikorija Baldo tipas: Lentynos Plotis: 120 cm Auk\u0161tis: 30 cm Gylis: 22 cm Korpuso svoris: 11 kg Surinkimas: Reikalingas surinkimas Kolekcijos stilius: Modernus interjeras 1 tipas: [\u2026]<\/p>","protected":false},"featured_media":251215,"comment_status":"open","ping_status":"open","template":"","meta":[],"product_brand":[],"product_cat":[9262,1174,2454],"product_tag":[],"class_list":{"0":"post-251214","1":"product","2":"type-product","3":"status-publish","4":"has-post-thumbnail","6":"product_cat-furniture-system-simi-lenart","7":"product_cat-hanging-shelves","8":"product_cat-lenart","10":"first","11":"instock","12":"purchasable","13":"product-type-simple"},"_links":{"self":[{"href":"https:\/\/baldumarket.lt\/lt\/wp-json\/wp\/v2\/product\/251214","targetHints":{"allow":["GET"]}}],"collection":[{"href":"https:\/\/baldumarket.lt\/lt\/wp-json\/wp\/v2\/product"}],"about":[{"href":"https:\/\/baldumarket.lt\/lt\/wp-json\/wp\/v2\/types\/product"}],"replies":[{"embeddable":true,"href":"https:\/\/baldumarket.lt\/lt\/wp-json\/wp\/v2\/comments?post=251214"}],"wp:featuredmedia":[{"embeddable":true,"href":"https:\/\/baldumarket.lt\/lt\/wp-json\/wp\/v2\/media\/251215"}],"wp:attachment":[{"href":"https:\/\/baldumarket.lt\/lt\/wp-json\/wp\/v2\/media?parent=251214"}],"wp:term":[{"taxonomy":"product_brand","embeddable":true,"href":"https:\/\/baldumarket.lt\/lt\/wp-json\/wp\/v2\/product_brand?post=251214"},{"taxonomy":"product_cat","embeddable":true,"href":"https:\/\/baldumarket.lt\/lt\/wp-json\/wp\/v2\/product_cat?post=251214"},{"taxonomy":"product_tag","embeddable":true,"href":"https:\/\/baldumarket.lt\/lt\/wp-json\/wp\/v2\/product_tag?post=251214"}],"curies":[{"name":"wp","href":"https:\/\/api.w.org\/{rel}","templated":true}]}}