{"id":251206,"date":"2026-01-10T18:13:01","date_gmt":"2026-01-10T15:13:01","guid":{"rendered":"https:\/\/baldumarket.lt\/product\/stolik-nocny-simi-ms-08-bialy-hikora-naturalna\/"},"modified":"2026-02-11T18:31:54","modified_gmt":"2026-02-11T15:31:54","slug":"stolik-nocny-simi-ms-08-bialy-hikora-naturalna","status":"publish","type":"product","link":"https:\/\/baldumarket.lt\/lt\/product\/stolik-nocny-simi-ms-08-bialy-hikora-naturalna\/","title":{"rendered":"SIMI MS-08 naktinis staliukas | Balta, nat\u016brali hikorio mediena"},"content":{"rendered":"<p>Modelis: MS-08 Spalva: balta \/ nat\u016brali hikorija Matmenys: Plotis: 43 cm Auk\u0161tis: 70 cm Gylis: 45 cm Pagrindin\u0117 informacija: \u2026 S 1,70 mm korpuso spalva: balta \/ nat\u016brali hikorija vir\u0161us: laminuota med\u017eio dro\u017eli\u0173 plok\u0161t\u0117; 16 mm vir\u0161utin\u0117s briaunos apdaila: B 1,0 mm klijuot\u0173 vir\u0161utini\u0173 briaun\u0173 skai\u010dius: 3 vir\u0161utin\u0117 spalva: nat\u016brali hikorija galin\u0117 sienel\u0117: laminuota med\u017eio dro\u017eli\u0173 plok\u0161t\u0117; 32 mm matomos galin\u0117s sienel\u0117s dalies apdaila: laminatas nematomos galin\u0117s sienel\u0117s dalies apdaila: neapdorota galin\u0117s sienel\u0117s spalva: balta lentyna: laminuota med\u017eio dro\u017eli\u0173 plok\u0161t\u0117; 32 mm lentynos kra\u0161to apdaila: S 1,7 mm klijuot\u0173 lentynos kra\u0161t\u0173 skai\u010dius: 3 leistina lentynos apkrova: 5 kg lentynos spalva: nat\u016brali hikorija lentyn\u0173 skai\u010dius: 1 priekis: laminuota med\u017eio dro\u017eli\u0173 plok\u0161t\u0117; 16 mm priekin\u0117s briaunos apdaila: B 1,0 mm priekin\u0117 spalva: nat\u016brali hikorija stal\u010diaus vidin\u0117 apdaila: balta juostel\u0117 stal\u010diaus apa\u010dia: HDF plok\u0161t\u0117; 3 mm Svarbu: Stalas gaminamas pagal individual\u0173 kliento u\u017esakym\u0105. U\u017esakymo at\u0161aukti negalima pra\u0117jus 48 valandoms nuo pateikimo. Pra\u0161ome apsipirkti atsargiai.<\/p>","protected":false},"excerpt":{"rendered":"<p>Modelis: MS-08 Spalva: balta \/ nat\u016brali hikorija Matmenys: Plotis: 43 cm Auk\u0161tis: 70 cm Gylis: 45 cm Pagrindin\u0117 informacija: \u2026 S 1,70 mm korpuso spalva: balta \/ nat\u016brali hikorija vir\u0161us: laminuota med\u017eio dro\u017eli\u0173 plok\u0161t\u0117; 16 mm vir\u0161utin\u0117s briaunos apdaila: B 1,0 mm klijuot\u0173 vir\u0161utini\u0173 briaun\u0173 skai\u010dius: 3 vir\u0161utin\u0117 spalva: nat\u016brali hikorija galin\u0117 sienel\u0117: laminuota med\u017eio dro\u017eli\u0173 plok\u0161t\u0117; 32 mm matomos dalies apdaila [\u2026]<\/p>","protected":false},"featured_media":251207,"comment_status":"open","ping_status":"open","template":"","meta":[],"product_brand":[],"product_cat":[9262,1176,2454],"product_tag":[],"class_list":{"0":"post-251206","1":"product","2":"type-product","3":"status-publish","4":"has-post-thumbnail","6":"product_cat-furniture-system-simi-lenart","7":"product_cat-bedside-tables","8":"product_cat-lenart","10":"first","11":"instock","12":"purchasable","13":"product-type-simple"},"_links":{"self":[{"href":"https:\/\/baldumarket.lt\/lt\/wp-json\/wp\/v2\/product\/251206","targetHints":{"allow":["GET"]}}],"collection":[{"href":"https:\/\/baldumarket.lt\/lt\/wp-json\/wp\/v2\/product"}],"about":[{"href":"https:\/\/baldumarket.lt\/lt\/wp-json\/wp\/v2\/types\/product"}],"replies":[{"embeddable":true,"href":"https:\/\/baldumarket.lt\/lt\/wp-json\/wp\/v2\/comments?post=251206"}],"wp:featuredmedia":[{"embeddable":true,"href":"https:\/\/baldumarket.lt\/lt\/wp-json\/wp\/v2\/media\/251207"}],"wp:attachment":[{"href":"https:\/\/baldumarket.lt\/lt\/wp-json\/wp\/v2\/media?parent=251206"}],"wp:term":[{"taxonomy":"product_brand","embeddable":true,"href":"https:\/\/baldumarket.lt\/lt\/wp-json\/wp\/v2\/product_brand?post=251206"},{"taxonomy":"product_cat","embeddable":true,"href":"https:\/\/baldumarket.lt\/lt\/wp-json\/wp\/v2\/product_cat?post=251206"},{"taxonomy":"product_tag","embeddable":true,"href":"https:\/\/baldumarket.lt\/lt\/wp-json\/wp\/v2\/product_tag?post=251206"}],"curies":[{"name":"wp","href":"https:\/\/api.w.org\/{rel}","templated":true}]}}