{"id":251190,"date":"2026-01-10T18:12:53","date_gmt":"2026-01-10T15:12:53","guid":{"rendered":"https:\/\/baldumarket.lt\/product\/stolik-nocny-story-so-07-bialy-dab-nash\/"},"modified":"2026-02-11T18:31:54","modified_gmt":"2026-02-11T15:31:54","slug":"stolik-nocny-story-so-07-bialy-dab-nash","status":"publish","type":"product","link":"https:\/\/baldumarket.lt\/lt\/product\/stolik-nocny-story-so-07-bialy-dab-nash\/","title":{"rendered":"STORY SO-07 naktinis staliukas | Balta, Nash \u0105\u017euolas"},"content":{"rendered":"<p>Modelis: SO-07 Spalva: balta \/ \u0105\u017euolas \u201eNASH\u201c Matmenys: Plotis: 45 cm Auk\u0161tis: 51 cm Gylis: 42 cm Pagrindin\u0117 informacija: korpuso pavadinimas: SO-07 kolekcijos pavadinimas: STORY korpuso indeksas: SO7BDN spalva: balta \/ \u0105\u017euolas \u201eNASH\u201c bald\u0173 tipas: naktinis staliukas korpuso charakteristikos: 1D1S plotis: 45 cm auk\u0161tis: 51 cm gylis: 42 cm korpuso svoris: 14 kg surinkimas: reikalingas surinkimas kolekcijos stilius: modernus interjero tipas 1: jaunimo kambarys interjero tipas 2: miegamasis stal\u010di\u0173 skai\u010dius: 1 dur\u0173 skai\u010dius: 1 furnit\u016bra: vyris: pasl\u0117ptas \u012fprastas rankena: plastikin\u0117 stal\u010diaus kreipian\u010dioji: ritinin\u0117 kreipian\u010dioji p\u0117del\u0117 \/ kojel\u0117: b\u0117gelis su vinimi Med\u017eiaga: korpusas: laminuota med\u017eio dro\u017eli\u0173 plok\u0161t\u0117; 16 mm; 25 mm korpuso kra\u0161to apdaila: A 0,45 mm B 1,0 mm korpuso spalva: balta \/ \u0105\u017euolas \u201eNASH\u201c vir\u0161us: laminuota med\u017eio dro\u017eli\u0173 plok\u0161t\u0117; 25 mm vir\u0161utin\u0117s kra\u0161to apdaila: B 1,0 mm faneruot\u0173 vir\u0161utini\u0173 kra\u0161t\u0173 skai\u010dius: 4 vir\u0161utin\u0117s spalvos: \u0105\u017euolas \u201eNASH\u201c galin\u0117 sienel\u0117: HDF plok\u0161t\u0117; 3 mm matomos galin\u0117s sienel\u0117s apdaila: laminatas nematomos galin\u0117s sienel\u0117s apdaila: neapdorota galin\u0117s sienel\u0117s tvirtinimas: rie\u0161utas galin\u0117s sienel\u0117s spalva: balta priekis: laminuota med\u017eio dro\u017eli\u0173 plok\u0161t\u0117; 16 mm priekinio kra\u0161to apdaila: A 0,45 mm priekin\u0117s sienel\u0117s spalva: balta stal\u010diaus vidin\u0117 apdaila: balta juostel\u0117 stal\u010diaus dugnas: HDF plok\u0161t\u0117; 3 mm Svarbu: \u0161is naktinis staliukas gaminamas pagal u\u017esakym\u0105. U\u017esakymo at\u0161aukti negalima pra\u0117jus 48 valandoms nuo u\u017esakymo pateikimo. Pra\u0161ome apsipirkti atid\u017eiai.<\/p>","protected":false},"excerpt":{"rendered":"<p>Modelis: SO-07 Spalva: balta \/ \u0105\u017euolas \u201enash\u201c Matmenys: Plotis: 45 cm Auk\u0161tis: 51 cm Gylis: 42 cm Pagrindin\u0117 informacija: korpuso pavadinimas: SO-07 kolekcijos pavadinimas: STORY korpuso indeksas: SO7BDN spalva: balta \/ \u0105\u017euolas \u201enash\u201c bald\u0173 tipas: naktinis staliukas korpuso charakteristikos: 1D1S plotis: 45 cm auk\u0161tis: 51 cm gylis: 42 cm korpuso svoris: 14 kg surinkimas: reikalingas surinkimas kolekcijos stilius: [\u2026]<\/p>","protected":false},"featured_media":251191,"comment_status":"open","ping_status":"open","template":"","meta":[],"product_brand":[],"product_cat":[9263,1176,2454],"product_tag":[],"class_list":{"0":"post-251190","1":"product","2":"type-product","3":"status-publish","4":"has-post-thumbnail","6":"product_cat-furniture-system-story-lenart","7":"product_cat-bedside-tables","8":"product_cat-lenart","10":"first","11":"instock","12":"purchasable","13":"product-type-simple"},"_links":{"self":[{"href":"https:\/\/baldumarket.lt\/lt\/wp-json\/wp\/v2\/product\/251190","targetHints":{"allow":["GET"]}}],"collection":[{"href":"https:\/\/baldumarket.lt\/lt\/wp-json\/wp\/v2\/product"}],"about":[{"href":"https:\/\/baldumarket.lt\/lt\/wp-json\/wp\/v2\/types\/product"}],"replies":[{"embeddable":true,"href":"https:\/\/baldumarket.lt\/lt\/wp-json\/wp\/v2\/comments?post=251190"}],"wp:featuredmedia":[{"embeddable":true,"href":"https:\/\/baldumarket.lt\/lt\/wp-json\/wp\/v2\/media\/251191"}],"wp:attachment":[{"href":"https:\/\/baldumarket.lt\/lt\/wp-json\/wp\/v2\/media?parent=251190"}],"wp:term":[{"taxonomy":"product_brand","embeddable":true,"href":"https:\/\/baldumarket.lt\/lt\/wp-json\/wp\/v2\/product_brand?post=251190"},{"taxonomy":"product_cat","embeddable":true,"href":"https:\/\/baldumarket.lt\/lt\/wp-json\/wp\/v2\/product_cat?post=251190"},{"taxonomy":"product_tag","embeddable":true,"href":"https:\/\/baldumarket.lt\/lt\/wp-json\/wp\/v2\/product_tag?post=251190"}],"curies":[{"name":"wp","href":"https:\/\/api.w.org\/{rel}","templated":true}]}}