{"id":251150,"date":"2026-01-10T18:12:37","date_gmt":"2026-01-10T15:12:37","guid":{"rendered":"https:\/\/baldumarket.lt\/product\/komoda-skandynawska-simi-ms-04-bialy-hikora-naturalna\/"},"modified":"2026-02-11T18:31:55","modified_gmt":"2026-02-11T15:31:55","slug":"komoda-skandynawska-simi-ms-04-bialy-hikora-naturalna","status":"publish","type":"product","link":"https:\/\/baldumarket.lt\/lt\/product\/komoda-skandynawska-simi-ms-04-bialy-hikora-naturalna\/","title":{"rendered":"Skandinavi\u0161ka komoda SIMI MS-04 balta nat\u016brali hikorija"},"content":{"rendered":"<p>Modelis: MS-04 Spalva: balta \/ nat\u016brali hikorija Matmenys: Plotis: 100 cm Auk\u0161tis: 90 cm Gylis: 41 cm Pagrindin\u0117 informacija: korpuso pavadinimas: MS-04 kolekcijos pavadinimas: SIMI korpuso indeksas: MS4BH spalva: balta \/ nat\u016brali hikorija bald\u0173 tipas: komoda korpuso charakteristikos: 3S plotis: 100 cm auk\u0161tis: 90 cm gylis: 41 cm korpuso svoris: 46 kg surinkimas: reikalingas surinkimas kolekcijos stilius: modernus interjero tipas 1: jaunimo kambarys stal\u010di\u0173 skai\u010dius: 3 furnit\u016bra: stal\u010diaus kreipian\u010dioji: rutulinis guolis kreipian\u010dioji p\u0117da \/ koja: baldo p\u0117del\u0117 ap\u0161vietimas \u012ftrauktas n\u0117ra ap\u0161vietimo tipas: n\u0117ra Med\u017eiaga: korpusas: laminuota med\u017eio dro\u017eli\u0173 plok\u0161t\u0117; 16 mm; 32 mm korpuso kra\u0161to apdaila: B 1,0 mm; S 1,70 mm korpuso spalva: balta \/ nat\u016brali hikorija vir\u0161us: laminuota med\u017eio dro\u017eli\u0173 plok\u0161t\u0117; 32 mm vir\u0161utin\u0117s kra\u0161to apdaila: S 1,70 mm Faneruot\u0173 vir\u0161utini\u0173 kra\u0161t\u0173 skai\u010dius: 4 Vir\u0161utin\u0117s spalvos: balta Galin\u0117 panel\u0117: HDF plok\u0161t\u0117; 3 mm Matoma galin\u0117s sienel\u0117s apdaila: laminatas Nematoma galin\u0117s sienel\u0117s apdaila: neapdorota Galin\u0117s sienel\u0117s tvirtinimas: ver\u017el\u0117 Galin\u0117s sienel\u0117s spalva: balta Priekis: laminuota med\u017eio dro\u017eli\u0173 plok\u0161t\u0117; 16 mm Priekinio kra\u0161to apdaila: B 1,0 mm Priekin\u0117s sienel\u0117s spalva: nat\u016brali hikorija Stal\u010diaus vidin\u0117 apdaila: balta juostel\u0117 Stal\u010diaus dugnas: HDF plok\u0161t\u0117; 3 mm Svarbu: \u0161i komoda gaminama pagal u\u017esakym\u0105. U\u017esakymo at\u0161aukti negalima pra\u0117jus 48 valandoms nuo u\u017esakymo pateikimo. Pra\u0161ome apsipirkti atid\u017eiai.<\/p>","protected":false},"excerpt":{"rendered":"<p>Modelis: MS-04 Spalva: balta \/ nat\u016brali hikorija Matmenys: Plotis: 100 cm Auk\u0161tis: 90 cm Gylis: 41 cm Pagrindin\u0117 informacija: korpuso pavadinimas: MS-04 kolekcijos pavadinimas: SIMI korpuso indeksas: MS4BH spalva: balta \/ nat\u016brali hikorija bald\u0173 tipas: komoda korpuso charakteristikos: 3S plotis: 100 cm auk\u0161tis: 90 cm gylis: 41 cm korpuso svoris: 46 kg surinkimas: reikalingas surinkimas kolekcija [\u2026]<\/p>","protected":false},"featured_media":251151,"comment_status":"open","ping_status":"open","template":"","meta":[],"product_brand":[],"product_cat":[9262,1173,2454],"product_tag":[],"class_list":{"0":"post-251150","1":"product","2":"type-product","3":"status-publish","4":"has-post-thumbnail","6":"product_cat-furniture-system-simi-lenart","7":"product_cat-chests-of-drawers","8":"product_cat-lenart","10":"first","11":"instock","12":"purchasable","13":"product-type-simple"},"_links":{"self":[{"href":"https:\/\/baldumarket.lt\/lt\/wp-json\/wp\/v2\/product\/251150","targetHints":{"allow":["GET"]}}],"collection":[{"href":"https:\/\/baldumarket.lt\/lt\/wp-json\/wp\/v2\/product"}],"about":[{"href":"https:\/\/baldumarket.lt\/lt\/wp-json\/wp\/v2\/types\/product"}],"replies":[{"embeddable":true,"href":"https:\/\/baldumarket.lt\/lt\/wp-json\/wp\/v2\/comments?post=251150"}],"wp:featuredmedia":[{"embeddable":true,"href":"https:\/\/baldumarket.lt\/lt\/wp-json\/wp\/v2\/media\/251151"}],"wp:attachment":[{"href":"https:\/\/baldumarket.lt\/lt\/wp-json\/wp\/v2\/media?parent=251150"}],"wp:term":[{"taxonomy":"product_brand","embeddable":true,"href":"https:\/\/baldumarket.lt\/lt\/wp-json\/wp\/v2\/product_brand?post=251150"},{"taxonomy":"product_cat","embeddable":true,"href":"https:\/\/baldumarket.lt\/lt\/wp-json\/wp\/v2\/product_cat?post=251150"},{"taxonomy":"product_tag","embeddable":true,"href":"https:\/\/baldumarket.lt\/lt\/wp-json\/wp\/v2\/product_tag?post=251150"}],"curies":[{"name":"wp","href":"https:\/\/api.w.org\/{rel}","templated":true}]}}