{"id":251107,"date":"2026-01-10T18:12:15","date_gmt":"2026-01-10T15:12:15","guid":{"rendered":"https:\/\/baldumarket.lt\/product\/komoda-idea-id-10-szary\/"},"modified":"2026-02-11T18:31:55","modified_gmt":"2026-02-11T15:31:55","slug":"komoda-idea-id-10-szary","status":"publish","type":"product","link":"https:\/\/baldumarket.lt\/lt\/product\/komoda-idea-id-10-szary\/","title":{"rendered":"IDEA ID-10 pilka komoda"},"content":{"rendered":"<p>Modelis: ID-10 Spalva: pilka Matmenys: Plotis: 100 cm Auk\u0161tis: 90 cm Gylis: 42 cm Pagrindin\u0117 informacija: korpuso pavadinimas: ID-10 kolekcijos pavadinimas: IDEA korpuso indeksas: ID10S spalva: pilka bald\u0173 tipas: komoda korpuso charakteristikos: 4S plotis: 100 cm auk\u0161tis: 90 cm gylis: 42 cm korpuso svoris: 49 kg surinkimas: reikalingas surinkimas kolekcijos stilius: modernus interjero tipas 1: miegamasis interjero tipas 2: drabu\u017ei\u0173 spinta stal\u010di\u0173 skai\u010dius: 4 furnit\u016bra: rankena: plastikin\u0117 stal\u010diaus kreipian\u010dioji: ritinin\u0117 kreipian\u010dioji koja: b\u0117gelis su vinimi Med\u017eiaga: korpusas: laminuota med\u017eio dro\u017eli\u0173 plok\u0161t\u0117; 16 mm korpuso kra\u0161to apdaila: A 0,45 mm korpuso spalva: pilka vir\u0161us: laminuota med\u017eio dro\u017eli\u0173 plok\u0161t\u0117; 16 mm vir\u0161utinio kra\u0161to apdaila: A 0,45 mm Vir\u0161utini\u0173 kra\u0161t\u0173 faneruo\u010di\u0173 skai\u010dius: 4 Vir\u0161utin\u0117s spalvos: pilka Galin\u0117 sienel\u0117: HDF plok\u0161t\u0117; 3 mm Matoma galin\u0117s sienel\u0117s apdaila: laminatas Nematoma galin\u0117s sienel\u0117s apdaila: laminatas Galin\u0117s sienel\u0117s tvirtinimas: freza Galin\u0117s sienel\u0117s spalva: balta Priekis: laminuota med\u017eio dro\u017eli\u0173 plok\u0161t\u0117; 16 mm Priekinio kra\u0161to apdaila: A 0,45 mm Priekin\u0117s dalies spalva: pilka Stal\u010diaus vidin\u0117 apdaila: laminuota plok\u0161t\u0117 korpuso spalvos Stal\u010diaus dugnas: HDF plok\u0161t\u0117; 3 mm Svarbu: \u0161i komoda gaminama pagal u\u017esakym\u0105. U\u017esakymo at\u0161aukti negalima pra\u0117jus 48 valandoms nuo u\u017esakymo pateikimo. Pra\u0161ome apsipirkti atid\u017eiai.<\/p>","protected":false},"excerpt":{"rendered":"<p>Modelis: ID-10 Spalva: pilka Matmenys: Plotis: 100 cm Auk\u0161tis: 90 cm Gylis: 42 cm Pagrindin\u0117 informacija: korpuso pavadinimas: ID-10 kolekcijos pavadinimas: IDEA korpuso indeksas: ID10S spalva: pilka bald\u0173 tipas: komoda korpuso charakteristikos: 4S plotis: 100 cm auk\u0161tis: 90 cm gylis: 42 cm korpuso svoris: 49 kg surinkimas: reikalingas surinkimas kolekcijos stilius: modernus interjero tipas 1: [\u2026]<\/p>","protected":false},"featured_media":251108,"comment_status":"open","ping_status":"open","template":"","meta":[],"product_brand":[],"product_cat":[9271,1173,2454],"product_tag":[],"class_list":{"0":"post-251107","1":"product","2":"type-product","3":"status-publish","4":"has-post-thumbnail","6":"product_cat-furniture-system-idea-lenart","7":"product_cat-chests-of-drawers","8":"product_cat-lenart","10":"first","11":"instock","12":"purchasable","13":"product-type-simple"},"_links":{"self":[{"href":"https:\/\/baldumarket.lt\/lt\/wp-json\/wp\/v2\/product\/251107","targetHints":{"allow":["GET"]}}],"collection":[{"href":"https:\/\/baldumarket.lt\/lt\/wp-json\/wp\/v2\/product"}],"about":[{"href":"https:\/\/baldumarket.lt\/lt\/wp-json\/wp\/v2\/types\/product"}],"replies":[{"embeddable":true,"href":"https:\/\/baldumarket.lt\/lt\/wp-json\/wp\/v2\/comments?post=251107"}],"wp:featuredmedia":[{"embeddable":true,"href":"https:\/\/baldumarket.lt\/lt\/wp-json\/wp\/v2\/media\/251108"}],"wp:attachment":[{"href":"https:\/\/baldumarket.lt\/lt\/wp-json\/wp\/v2\/media?parent=251107"}],"wp:term":[{"taxonomy":"product_brand","embeddable":true,"href":"https:\/\/baldumarket.lt\/lt\/wp-json\/wp\/v2\/product_brand?post=251107"},{"taxonomy":"product_cat","embeddable":true,"href":"https:\/\/baldumarket.lt\/lt\/wp-json\/wp\/v2\/product_cat?post=251107"},{"taxonomy":"product_tag","embeddable":true,"href":"https:\/\/baldumarket.lt\/lt\/wp-json\/wp\/v2\/product_tag?post=251107"}],"curies":[{"name":"wp","href":"https:\/\/api.w.org\/{rel}","templated":true}]}}