{"id":251079,"date":"2026-01-10T18:11:59","date_gmt":"2026-01-10T15:11:59","guid":{"rendered":"https:\/\/baldumarket.lt\/product\/szafa-przesuwna-idea-id-01-san-remo\/"},"modified":"2026-02-11T18:31:55","modified_gmt":"2026-02-11T15:31:55","slug":"szafa-przesuwna-idea-id-01-san-remo","status":"publish","type":"product","link":"https:\/\/baldumarket.lt\/lt\/product\/szafa-przesuwna-idea-id-01-san-remo\/","title":{"rendered":"IDEA ID-01 San Remo stumdoma spinta"},"content":{"rendered":"<p>Modelis: ID-01 Spalva: san remo Matmenys: Plotis: 250 cm Auk\u0161tis: 215 cm Gylis: 60 cm Pagrindin\u0117 informacija: korpuso pavadinimas: ID-01 kolekcijos pavadinimas: IDEA korpuso indeksas: ID1SR spalvos: san remo bald\u0173 tipas: spinta korpuso charakteristikos: 3D plotis: 250 cm auk\u0161tis: 215 cm gylis: 60 cm korpuso svoris: 206 kg surinkimas: reikalingas surinkimas kolekcijos stilius: modernus interjeras 1 tipas: miegamojo interjeras 2 tipas: spintos \u012franga: 2x b\u0117geliai, 6x lentynos dureli\u0173 skai\u010dius: 3 furnit\u016bra: rankena: plastikin\u0117 spintos priekin\u0117 kreipian\u010dioji: aliuminis; apatinis ir vir\u0161utinis surinkimas koja \/ kojel\u0117: slystan\u010dios su vinimis komplekte esantis ap\u0161vietimas: pasirenkamas ap\u0161vietimo tipas: LED energijos klas\u0117: A++ Med\u017eiaga: korpusas: laminuota med\u017eio dro\u017eli\u0173 plok\u0161t\u0117; 16 mm korpusas kra\u0161to apdaila: A 0,45 mm korpuso spalva: San Remo vir\u0161us: laminuota med\u017eio dro\u017eli\u0173 plok\u0161t\u0117; 16 mm vir\u0161utin\u0117s dalies spalva: San Remo galin\u0117 sienel\u0117: HDF plok\u0161t\u0117; 3 mm matomos galin\u0117s sienel\u0117s apdaila: laminatas nematomos galin\u0117s sienel\u0117s apdaila: neapdorota galin\u0117s sienel\u0117s tvirtinimas: \u201eNuta\u201c galin\u0117s sienel\u0117s spalva: balta lentyna: laminuota med\u017eio dro\u017eli\u0173 plok\u0161t\u0117; 16 mm lentynos kra\u0161to apdaila: A 0,45 mm dengiam\u0173 lentyn\u0173 kra\u0161t\u0173 skai\u010dius: 1 lentynos apkrova: 5 kg lentynos spalva: \u201eSan Remo\u201c lentyn\u0173 skai\u010dius: 6 priekin\u0117 dalis: laminuota med\u017eio dro\u017eli\u0173 plok\u0161t\u0117; 16 mm priekin\u0117s kra\u0161to apdaila: A 0,45 mm priekin\u0117s dalies spalva: \u201eSan Remo\u201c veidrodis: veidrodis; 3 mm veidrod\u017eio spalva: balta Svarbu: \u0161i spinta gaminama pagal u\u017esakym\u0105. U\u017esakymo at\u0161aukti negalima pra\u0117jus 48 valandoms nuo u\u017esakymo pateikimo. Pra\u0161ome apsipirkti atid\u017eiai.<\/p>","protected":false},"excerpt":{"rendered":"<p>Modelis: ID-01 Spalva: san remo Matmenys: Plotis: 250 cm Auk\u0161tis: 215 cm Gylis: 60 cm Pagrindin\u0117 informacija: korpuso pavadinimas: ID-01 kolekcijos pavadinimas: IDEA korpuso indeksas: ID1SR spalvos: san remo bald\u0173 tipas: spinta korpuso charakteristikos: 3D plotis: 250 cm auk\u0161tis: 215 cm gylis: 60 cm korpuso svoris: 206 kg surinkimas: reikalingas surinkimas kolekcijos stilius: modernus interjeras 1 tipas: miegamasis [\u2026]<\/p>","protected":false},"featured_media":251080,"comment_status":"open","ping_status":"open","template":"","meta":[],"product_brand":[],"product_cat":[9271,2454,1177],"product_tag":[],"class_list":{"0":"post-251079","1":"product","2":"type-product","3":"status-publish","4":"has-post-thumbnail","6":"product_cat-furniture-system-idea-lenart","7":"product_cat-lenart","8":"product_cat-wardrobes","10":"first","11":"instock","12":"purchasable","13":"product-type-simple"},"_links":{"self":[{"href":"https:\/\/baldumarket.lt\/lt\/wp-json\/wp\/v2\/product\/251079","targetHints":{"allow":["GET"]}}],"collection":[{"href":"https:\/\/baldumarket.lt\/lt\/wp-json\/wp\/v2\/product"}],"about":[{"href":"https:\/\/baldumarket.lt\/lt\/wp-json\/wp\/v2\/types\/product"}],"replies":[{"embeddable":true,"href":"https:\/\/baldumarket.lt\/lt\/wp-json\/wp\/v2\/comments?post=251079"}],"wp:featuredmedia":[{"embeddable":true,"href":"https:\/\/baldumarket.lt\/lt\/wp-json\/wp\/v2\/media\/251080"}],"wp:attachment":[{"href":"https:\/\/baldumarket.lt\/lt\/wp-json\/wp\/v2\/media?parent=251079"}],"wp:term":[{"taxonomy":"product_brand","embeddable":true,"href":"https:\/\/baldumarket.lt\/lt\/wp-json\/wp\/v2\/product_brand?post=251079"},{"taxonomy":"product_cat","embeddable":true,"href":"https:\/\/baldumarket.lt\/lt\/wp-json\/wp\/v2\/product_cat?post=251079"},{"taxonomy":"product_tag","embeddable":true,"href":"https:\/\/baldumarket.lt\/lt\/wp-json\/wp\/v2\/product_tag?post=251079"}],"curies":[{"name":"wp","href":"https:\/\/api.w.org\/{rel}","templated":true}]}}